{"id":9806,"date":"2021-04-19T15:00:17","date_gmt":"2021-04-19T15:00:17","guid":{"rendered":"https:\/\/albirmuebles.com\/product\/falcon-crest-dining-table-dia-150\/"},"modified":"2021-04-19T15:00:17","modified_gmt":"2021-04-19T15:00:17","slug":"falcon-crest-dining-table-dia-150","status":"publish","type":"product","link":"https:\/\/albirmuebles.com\/es\/producto\/falcon-crest-dining-table-dia-150\/","title":{"rendered":"Mesa de comedor Falcon Crest Dia 150"},"content":{"rendered":"<p> La mesa de comedor Falcon Crest es una hermosa mesa de comedor redonda con un di\u00e1metro de 1,5 metros. El tablero de la mesa est\u00e1 hecho de roble recuperado con incrustaciones. Tanto la estructura como el color de esta vieja madera de roble muestran mucha variaci\u00f3n. Como resultado, \u00a1cada tablero es \u00fanico! La estructura de esta mesa de comedor de madera est\u00e1 hecha de hierro y acabada en negro mate. Esta mesa de comedor estable tambi\u00e9n viene en una variedad rectangular. <\/p>\n<p> &#038; nbsp; <\/p>\n<table id = \"producto-atributo-especificaciones-tabla\" class = \"tabla de datos atributos-adicionales\">\n<tbody>\n<tr>\n<th class = \"col label\" scope = \"row\"> SKU <\/th>\n<td class = \"col data\" data-th = \"SKU\"> 468480 <\/td>\n<\/tr>\n<tr>\n<th class = \"col label\" scope = \"row\"> Longitud (cm) <\/th>\n<td class = \"col data\" data-th = \"Longitud (cm)\"> 150 <\/td>\n<\/tr>\n<tr>\n<th class = \"col label\" scope = \"row\"> Ancho (cm) <\/th>\n<td class = \"col data\" data-th = \"Ancho (cm)\"> 150 <\/td>\n<\/tr>\n<tr>\n<th class = \"col label\" scope = \"row\"> Altura (cm) <\/th>\n<td class = \"col data\" data-th = \"Altura (cm)\"> 78 <\/td>\n<\/tr>\n<tr>\n<th class = \"col label\" scope = \"row\"> Material <\/th>\n<td class = \"col data\" data-th = \"Material\"> Roble reutilizado, hierro <\/td>\n<\/tr>\n<tr>\n<th class = \"col label\" scope = \"row\"> Cuidado <\/th>\n<td class = \"col data\" data-th = \"Care\"> Limpiar con un cepillo seco <\/td>\n<\/tr>\n<tr>\n<th class = \"col label\" scope = \"row\"> Familia <\/th>\n<td class = \"col data\" data-th = \"Familia\"> Falcon Crest <\/td>\n<\/tr>\n<\/tbody>\n<\/table>\n","protected":false},"excerpt":{"rendered":"<p>La mesa de comedor Falcon Crest es una hermosa mesa de comedor redonda con un di\u00e1metro de 1,5 metros. El tablero de la mesa est\u00e1 hecho de roble recuperado con incrustaciones. Tanto la estructura como el color de esta vieja madera de roble muestran mucha variaci\u00f3n. Como resultado, \u00a1cada tablero es \u00fanico! La estructura de [&hellip;]<\/p>\n","protected":false},"featured_media":9807,"comment_status":"closed","ping_status":"closed","template":"","meta":[],"product_cat":[171],"product_tag":[],"class_list":["post-9806","product","type-product","status-publish","has-post-thumbnail","hentry","product_cat-riviera-maison-mesa-es"],"yoast_head":"<!-- This site is optimized with the Yoast SEO plugin v26.7 - https:\/\/yoast.com\/wordpress\/plugins\/seo\/ -->\n<title>Mesa de comedor Falcon Crest Dia 150 - Muebles Albir<\/title>\n<meta name=\"robots\" content=\"index, follow, max-snippet:-1, max-image-preview:large, max-video-preview:-1\" \/>\n<link rel=\"canonical\" href=\"https:\/\/albirmuebles.com\/es\/producto\/falcon-crest-dining-table-dia-150\/\" \/>\n<meta property=\"og:locale\" content=\"es_ES\" \/>\n<meta property=\"og:type\" content=\"article\" \/>\n<meta property=\"og:title\" content=\"Mesa de comedor Falcon Crest Dia 150 - Muebles Albir\" \/>\n<meta property=\"og:description\" content=\"La mesa de comedor Falcon Crest es una hermosa mesa de comedor redonda con un di\u00e1metro de 1,5 metros. El tablero de la mesa est\u00e1 hecho de roble recuperado con incrustaciones. Tanto la estructura como el color de esta vieja madera de roble muestran mucha variaci\u00f3n. Como resultado, \u00a1cada tablero es \u00fanico! La estructura de [&hellip;]\" \/>\n<meta property=\"og:url\" content=\"https:\/\/albirmuebles.com\/es\/producto\/falcon-crest-dining-table-dia-150\/\" \/>\n<meta property=\"og:site_name\" content=\"Muebles Albir\" \/>\n<meta property=\"article:publisher\" content=\"https:\/\/www.facebook.com\/Albir-Muebles-217159521715557\/\" \/>\n<meta property=\"og:image\" content=\"https:\/\/albirmuebles.com\/wp-content\/uploads\/2021\/04\/468480.jpg\" \/>\n\t<meta property=\"og:image:width\" content=\"700\" \/>\n\t<meta property=\"og:image:height\" content=\"700\" \/>\n\t<meta property=\"og:image:type\" content=\"image\/jpeg\" \/>\n<meta name=\"twitter:card\" content=\"summary_large_image\" \/>\n<meta name=\"twitter:label1\" content=\"Tiempo de lectura\" \/>\n\t<meta name=\"twitter:data1\" content=\"1 minuto\" \/>\n<script type=\"application\/ld+json\" class=\"yoast-schema-graph\">{\"@context\":\"https:\/\/schema.org\",\"@graph\":[{\"@type\":\"WebPage\",\"@id\":\"https:\/\/albirmuebles.com\/es\/producto\/falcon-crest-dining-table-dia-150\/\",\"url\":\"https:\/\/albirmuebles.com\/es\/producto\/falcon-crest-dining-table-dia-150\/\",\"name\":\"Mesa de comedor Falcon Crest Dia 150 - Muebles Albir\",\"isPartOf\":{\"@id\":\"https:\/\/albirmuebles.com\/#website\"},\"primaryImageOfPage\":{\"@id\":\"https:\/\/albirmuebles.com\/es\/producto\/falcon-crest-dining-table-dia-150\/#primaryimage\"},\"image\":{\"@id\":\"https:\/\/albirmuebles.com\/es\/producto\/falcon-crest-dining-table-dia-150\/#primaryimage\"},\"thumbnailUrl\":\"https:\/\/e3vgfxkvpic.exactdn.com\/wp-content\/uploads\/2021\/04\/468480.jpg?strip=all\",\"datePublished\":\"2021-04-19T15:00:17+00:00\",\"breadcrumb\":{\"@id\":\"https:\/\/albirmuebles.com\/es\/producto\/falcon-crest-dining-table-dia-150\/#breadcrumb\"},\"inLanguage\":\"es\",\"potentialAction\":[{\"@type\":\"ReadAction\",\"target\":[\"https:\/\/albirmuebles.com\/es\/producto\/falcon-crest-dining-table-dia-150\/\"]}]},{\"@type\":\"ImageObject\",\"inLanguage\":\"es\",\"@id\":\"https:\/\/albirmuebles.com\/es\/producto\/falcon-crest-dining-table-dia-150\/#primaryimage\",\"url\":\"https:\/\/e3vgfxkvpic.exactdn.com\/wp-content\/uploads\/2021\/04\/468480.jpg?strip=all\",\"contentUrl\":\"https:\/\/e3vgfxkvpic.exactdn.com\/wp-content\/uploads\/2021\/04\/468480.jpg?strip=all\",\"width\":700,\"height\":700},{\"@type\":\"BreadcrumbList\",\"@id\":\"https:\/\/albirmuebles.com\/es\/producto\/falcon-crest-dining-table-dia-150\/#breadcrumb\",\"itemListElement\":[{\"@type\":\"ListItem\",\"position\":1,\"name\":\"Home\",\"item\":\"https:\/\/albirmuebles.com\/es\/\"},{\"@type\":\"ListItem\",\"position\":2,\"name\":\"Shop\",\"item\":\"https:\/\/albirmuebles.com\/shop\/\"},{\"@type\":\"ListItem\",\"position\":3,\"name\":\"Mesa de comedor Falcon Crest Dia 150\"}]},{\"@type\":\"WebSite\",\"@id\":\"https:\/\/albirmuebles.com\/#website\",\"url\":\"https:\/\/albirmuebles.com\/\",\"name\":\"Muebles Albir\",\"description\":\"Muebles Albir\",\"publisher\":{\"@id\":\"https:\/\/albirmuebles.com\/#organization\"},\"potentialAction\":[{\"@type\":\"SearchAction\",\"target\":{\"@type\":\"EntryPoint\",\"urlTemplate\":\"https:\/\/albirmuebles.com\/?s={search_term_string}\"},\"query-input\":{\"@type\":\"PropertyValueSpecification\",\"valueRequired\":true,\"valueName\":\"search_term_string\"}}],\"inLanguage\":\"es\"},{\"@type\":\"Organization\",\"@id\":\"https:\/\/albirmuebles.com\/#organization\",\"name\":\"Albirmuebles\",\"url\":\"https:\/\/albirmuebles.com\/\",\"logo\":{\"@type\":\"ImageObject\",\"inLanguage\":\"es\",\"@id\":\"https:\/\/albirmuebles.com\/#\/schema\/logo\/image\/\",\"url\":\"https:\/\/albirmuebles.com\/wp-content\/uploads\/2020\/10\/logo_albir.png\",\"contentUrl\":\"https:\/\/albirmuebles.com\/wp-content\/uploads\/2020\/10\/logo_albir.png\",\"width\":800,\"height\":235,\"caption\":\"Albirmuebles\"},\"image\":{\"@id\":\"https:\/\/albirmuebles.com\/#\/schema\/logo\/image\/\"},\"sameAs\":[\"https:\/\/www.facebook.com\/Albir-Muebles-217159521715557\/\",\"https:\/\/www.instagram.com\/albir.muebles\/\"]}]}<\/script>\n<!-- \/ Yoast SEO plugin. -->","yoast_head_json":{"title":"Mesa de comedor Falcon Crest Dia 150 - Muebles Albir","robots":{"index":"index","follow":"follow","max-snippet":"max-snippet:-1","max-image-preview":"max-image-preview:large","max-video-preview":"max-video-preview:-1"},"canonical":"https:\/\/albirmuebles.com\/es\/producto\/falcon-crest-dining-table-dia-150\/","og_locale":"es_ES","og_type":"article","og_title":"Mesa de comedor Falcon Crest Dia 150 - Muebles Albir","og_description":"La mesa de comedor Falcon Crest es una hermosa mesa de comedor redonda con un di\u00e1metro de 1,5 metros. El tablero de la mesa est\u00e1 hecho de roble recuperado con incrustaciones. Tanto la estructura como el color de esta vieja madera de roble muestran mucha variaci\u00f3n. Como resultado, \u00a1cada tablero es \u00fanico! La estructura de [&hellip;]","og_url":"https:\/\/albirmuebles.com\/es\/producto\/falcon-crest-dining-table-dia-150\/","og_site_name":"Muebles Albir","article_publisher":"https:\/\/www.facebook.com\/Albir-Muebles-217159521715557\/","og_image":[{"width":700,"height":700,"url":"https:\/\/albirmuebles.com\/wp-content\/uploads\/2021\/04\/468480.jpg","type":"image\/jpeg"}],"twitter_card":"summary_large_image","twitter_misc":{"Tiempo de lectura":"1 minuto"},"schema":{"@context":"https:\/\/schema.org","@graph":[{"@type":"WebPage","@id":"https:\/\/albirmuebles.com\/es\/producto\/falcon-crest-dining-table-dia-150\/","url":"https:\/\/albirmuebles.com\/es\/producto\/falcon-crest-dining-table-dia-150\/","name":"Mesa de comedor Falcon Crest Dia 150 - Muebles Albir","isPartOf":{"@id":"https:\/\/albirmuebles.com\/#website"},"primaryImageOfPage":{"@id":"https:\/\/albirmuebles.com\/es\/producto\/falcon-crest-dining-table-dia-150\/#primaryimage"},"image":{"@id":"https:\/\/albirmuebles.com\/es\/producto\/falcon-crest-dining-table-dia-150\/#primaryimage"},"thumbnailUrl":"https:\/\/e3vgfxkvpic.exactdn.com\/wp-content\/uploads\/2021\/04\/468480.jpg?strip=all","datePublished":"2021-04-19T15:00:17+00:00","breadcrumb":{"@id":"https:\/\/albirmuebles.com\/es\/producto\/falcon-crest-dining-table-dia-150\/#breadcrumb"},"inLanguage":"es","potentialAction":[{"@type":"ReadAction","target":["https:\/\/albirmuebles.com\/es\/producto\/falcon-crest-dining-table-dia-150\/"]}]},{"@type":"ImageObject","inLanguage":"es","@id":"https:\/\/albirmuebles.com\/es\/producto\/falcon-crest-dining-table-dia-150\/#primaryimage","url":"https:\/\/e3vgfxkvpic.exactdn.com\/wp-content\/uploads\/2021\/04\/468480.jpg?strip=all","contentUrl":"https:\/\/e3vgfxkvpic.exactdn.com\/wp-content\/uploads\/2021\/04\/468480.jpg?strip=all","width":700,"height":700},{"@type":"BreadcrumbList","@id":"https:\/\/albirmuebles.com\/es\/producto\/falcon-crest-dining-table-dia-150\/#breadcrumb","itemListElement":[{"@type":"ListItem","position":1,"name":"Home","item":"https:\/\/albirmuebles.com\/es\/"},{"@type":"ListItem","position":2,"name":"Shop","item":"https:\/\/albirmuebles.com\/shop\/"},{"@type":"ListItem","position":3,"name":"Mesa de comedor Falcon Crest Dia 150"}]},{"@type":"WebSite","@id":"https:\/\/albirmuebles.com\/#website","url":"https:\/\/albirmuebles.com\/","name":"Muebles Albir","description":"Muebles Albir","publisher":{"@id":"https:\/\/albirmuebles.com\/#organization"},"potentialAction":[{"@type":"SearchAction","target":{"@type":"EntryPoint","urlTemplate":"https:\/\/albirmuebles.com\/?s={search_term_string}"},"query-input":{"@type":"PropertyValueSpecification","valueRequired":true,"valueName":"search_term_string"}}],"inLanguage":"es"},{"@type":"Organization","@id":"https:\/\/albirmuebles.com\/#organization","name":"Albirmuebles","url":"https:\/\/albirmuebles.com\/","logo":{"@type":"ImageObject","inLanguage":"es","@id":"https:\/\/albirmuebles.com\/#\/schema\/logo\/image\/","url":"https:\/\/albirmuebles.com\/wp-content\/uploads\/2020\/10\/logo_albir.png","contentUrl":"https:\/\/albirmuebles.com\/wp-content\/uploads\/2020\/10\/logo_albir.png","width":800,"height":235,"caption":"Albirmuebles"},"image":{"@id":"https:\/\/albirmuebles.com\/#\/schema\/logo\/image\/"},"sameAs":["https:\/\/www.facebook.com\/Albir-Muebles-217159521715557\/","https:\/\/www.instagram.com\/albir.muebles\/"]}]}},"_links":{"self":[{"href":"https:\/\/albirmuebles.com\/es\/wp-json\/wp\/v2\/product\/9806","targetHints":{"allow":["GET"]}}],"collection":[{"href":"https:\/\/albirmuebles.com\/es\/wp-json\/wp\/v2\/product"}],"about":[{"href":"https:\/\/albirmuebles.com\/es\/wp-json\/wp\/v2\/types\/product"}],"replies":[{"embeddable":true,"href":"https:\/\/albirmuebles.com\/es\/wp-json\/wp\/v2\/comments?post=9806"}],"version-history":[{"count":0,"href":"https:\/\/albirmuebles.com\/es\/wp-json\/wp\/v2\/product\/9806\/revisions"}],"wp:featuredmedia":[{"embeddable":true,"href":"https:\/\/albirmuebles.com\/es\/wp-json\/wp\/v2\/media\/9807"}],"wp:attachment":[{"href":"https:\/\/albirmuebles.com\/es\/wp-json\/wp\/v2\/media?parent=9806"}],"wp:term":[{"taxonomy":"product_cat","embeddable":true,"href":"https:\/\/albirmuebles.com\/es\/wp-json\/wp\/v2\/product_cat?post=9806"},{"taxonomy":"product_tag","embeddable":true,"href":"https:\/\/albirmuebles.com\/es\/wp-json\/wp\/v2\/product_tag?post=9806"}],"curies":[{"name":"wp","href":"https:\/\/api.w.org\/{rel}","templated":true}]}}