{"id":9776,"date":"2021-04-19T15:21:56","date_gmt":"2021-04-19T15:21:56","guid":{"rendered":"https:\/\/albirmuebles.com\/product\/driftwood-dining-table-180x90-cm\/"},"modified":"2021-04-19T15:21:56","modified_gmt":"2021-04-19T15:21:56","slug":"driftwood-dining-table-180x90-cm","status":"publish","type":"product","link":"https:\/\/albirmuebles.com\/es\/producto\/driftwood-dining-table-180x90-cm\/","title":{"rendered":"Mesa de comedor Driftwood, 180&#215;90 cm"},"content":{"rendered":"<p> Los tableros de la colecci\u00f3n Driftwood Collection est\u00e1n hechos de viejas puertas de madera e incluso las huellas de las bisagras y las manijas de las puertas a\u00fan son visibles. La longitud m\u00e1xima de los tableros de las mesas es de apenas 1,80 m porque en aquellos d\u00edas las puertas no se hac\u00edan m\u00e1s altas. A\u00f1adiendo secciones adicionales, la mesa se puede alargar un metro m\u00e1s. Cada secci\u00f3n tiene su propio aspecto caracter\u00edstico porque cada puerta es \u00fanica. Disponible en varios tama\u00f1os. <\/p>\n<table id = \"producto-atributo-especificaciones-tabla\" class = \"tabla de datos atributos-adicionales\">\n<caption class = \"table-caption\"> M\u00e1s informaci\u00f3n <\/caption>\n<tbody>\n<tr>\n<th class = \"col label\" scope = \"row\"> SKU <\/th>\n<td class = \"col data\" data-th = \"SKU\"> 146410 <\/td>\n<\/tr>\n<tr>\n<th class = \"col label\" scope = \"row\"> Peso (kg) <\/th>\n<td class = \"col data\" data-th = \"Peso (kg)\"> 37.500000 <\/td>\n<\/tr>\n<tr>\n<th class = \"col label\" scope = \"row\"> Longitud (cm) <\/th>\n<td class = \"col data\" data-th = \"Longitud (cm)\"> 180 <\/td>\n<\/tr>\n<tr>\n<th class = \"col label\" scope = \"row\"> Ancho (cm) <\/th>\n<td class = \"col data\" data-th = \"Ancho (cm)\"> 90 <\/td>\n<\/tr>\n<tr>\n<th class = \"col label\" scope = \"row\"> Altura (cm) <\/th>\n<td class = \"col data\" data-th = \"Altura (cm)\"> 78 <\/td>\n<\/tr>\n<tr>\n<th class = \"col label\" scope = \"row\"> Material <\/th>\n<td class = \"col data\" data-th = \"Material\"> olmo, \u00e1lamo reutilizado <\/td>\n<\/tr>\n<tr>\n<th class = \"col label\" scope = \"row\"> Longitud del tama\u00f1o inferior <\/th>\n<td class = \"col data\" data-th = \"Longitud del tama\u00f1o del fondo\"> 153 <\/td>\n<\/tr>\n<tr>\n<th class = \"col label\" scope = \"row\"> Altura del tama\u00f1o inferior <\/th>\n<td class = \"col data\" data-th = \"Altura del tama\u00f1o inferior\"> 64 <\/td>\n<\/tr>\n<tr>\n<th class = \"col label\" scope = \"row\"> Longitud entre piernas (cm) <\/th>\n<td class = \"col data\" data-th = \"Longitud entre piernas (cm)\"> 153.0 <\/td>\n<\/tr>\n<tr>\n<th class = \"col label\" scope = \"row\"> Cuidado <\/th>\n<td class = \"col data\" data-th = \"Care\"> Limpiar con un cepillo seco <\/td>\n<\/tr>\n<tr>\n<th class = \"col label\" scope = \"row\"> Desmantelable <\/th>\n<td class = \"col data\" data-th = \"Desmantelable\"> S\u00ed <\/td>\n<\/tr>\n<tr>\n<th class = \"col label\" scope = \"row\"> Familia <\/th>\n<td class = \"col data\" data-th = \"Familia\"> Driftwood <\/td>\n<\/tr>\n<\/tbody>\n<\/table>\n","protected":false},"excerpt":{"rendered":"<p>Los tableros de la colecci\u00f3n Driftwood Collection est\u00e1n hechos de viejas puertas de madera e incluso las huellas de las bisagras y las manijas de las puertas a\u00fan son visibles. La longitud m\u00e1xima de los tableros de las mesas es de apenas 1,80 m porque en aquellos d\u00edas las puertas no se hac\u00edan m\u00e1s altas. [&hellip;]<\/p>\n","protected":false},"featured_media":9777,"comment_status":"closed","ping_status":"closed","template":"","meta":[],"product_cat":[171],"product_tag":[],"class_list":["post-9776","product","type-product","status-publish","has-post-thumbnail","hentry","product_cat-riviera-maison-mesa-es"],"yoast_head":"<!-- This site is optimized with the Yoast SEO plugin v26.7 - https:\/\/yoast.com\/wordpress\/plugins\/seo\/ -->\n<title>Mesa de comedor Driftwood, 180x90 cm - Muebles Albir<\/title>\n<meta name=\"robots\" content=\"index, follow, max-snippet:-1, max-image-preview:large, max-video-preview:-1\" \/>\n<link rel=\"canonical\" href=\"https:\/\/albirmuebles.com\/es\/producto\/driftwood-dining-table-180x90-cm\/\" \/>\n<meta property=\"og:locale\" content=\"es_ES\" \/>\n<meta property=\"og:type\" content=\"article\" \/>\n<meta property=\"og:title\" content=\"Mesa de comedor Driftwood, 180x90 cm - Muebles Albir\" \/>\n<meta property=\"og:description\" content=\"Los tableros de la colecci\u00f3n Driftwood Collection est\u00e1n hechos de viejas puertas de madera e incluso las huellas de las bisagras y las manijas de las puertas a\u00fan son visibles. La longitud m\u00e1xima de los tableros de las mesas es de apenas 1,80 m porque en aquellos d\u00edas las puertas no se hac\u00edan m\u00e1s altas. [&hellip;]\" \/>\n<meta property=\"og:url\" content=\"https:\/\/albirmuebles.com\/es\/producto\/driftwood-dining-table-180x90-cm\/\" \/>\n<meta property=\"og:site_name\" content=\"Muebles Albir\" \/>\n<meta property=\"article:publisher\" content=\"https:\/\/www.facebook.com\/Albir-Muebles-217159521715557\/\" \/>\n<meta property=\"og:image\" content=\"https:\/\/albirmuebles.com\/wp-content\/uploads\/2021\/04\/146410_20.jpg\" \/>\n\t<meta property=\"og:image:width\" content=\"700\" \/>\n\t<meta property=\"og:image:height\" content=\"700\" \/>\n\t<meta property=\"og:image:type\" content=\"image\/jpeg\" \/>\n<meta name=\"twitter:card\" content=\"summary_large_image\" \/>\n<meta name=\"twitter:label1\" content=\"Tiempo de lectura\" \/>\n\t<meta name=\"twitter:data1\" content=\"1 minuto\" \/>\n<script type=\"application\/ld+json\" class=\"yoast-schema-graph\">{\"@context\":\"https:\/\/schema.org\",\"@graph\":[{\"@type\":\"WebPage\",\"@id\":\"https:\/\/albirmuebles.com\/es\/producto\/driftwood-dining-table-180x90-cm\/\",\"url\":\"https:\/\/albirmuebles.com\/es\/producto\/driftwood-dining-table-180x90-cm\/\",\"name\":\"Mesa de comedor Driftwood, 180x90 cm - Muebles Albir\",\"isPartOf\":{\"@id\":\"https:\/\/albirmuebles.com\/#website\"},\"primaryImageOfPage\":{\"@id\":\"https:\/\/albirmuebles.com\/es\/producto\/driftwood-dining-table-180x90-cm\/#primaryimage\"},\"image\":{\"@id\":\"https:\/\/albirmuebles.com\/es\/producto\/driftwood-dining-table-180x90-cm\/#primaryimage\"},\"thumbnailUrl\":\"https:\/\/e3vgfxkvpic.exactdn.com\/wp-content\/uploads\/2021\/04\/146410_20.jpg?strip=all\",\"datePublished\":\"2021-04-19T15:21:56+00:00\",\"breadcrumb\":{\"@id\":\"https:\/\/albirmuebles.com\/es\/producto\/driftwood-dining-table-180x90-cm\/#breadcrumb\"},\"inLanguage\":\"es\",\"potentialAction\":[{\"@type\":\"ReadAction\",\"target\":[\"https:\/\/albirmuebles.com\/es\/producto\/driftwood-dining-table-180x90-cm\/\"]}]},{\"@type\":\"ImageObject\",\"inLanguage\":\"es\",\"@id\":\"https:\/\/albirmuebles.com\/es\/producto\/driftwood-dining-table-180x90-cm\/#primaryimage\",\"url\":\"https:\/\/e3vgfxkvpic.exactdn.com\/wp-content\/uploads\/2021\/04\/146410_20.jpg?strip=all\",\"contentUrl\":\"https:\/\/e3vgfxkvpic.exactdn.com\/wp-content\/uploads\/2021\/04\/146410_20.jpg?strip=all\",\"width\":700,\"height\":700},{\"@type\":\"BreadcrumbList\",\"@id\":\"https:\/\/albirmuebles.com\/es\/producto\/driftwood-dining-table-180x90-cm\/#breadcrumb\",\"itemListElement\":[{\"@type\":\"ListItem\",\"position\":1,\"name\":\"Home\",\"item\":\"https:\/\/albirmuebles.com\/es\/\"},{\"@type\":\"ListItem\",\"position\":2,\"name\":\"Shop\",\"item\":\"https:\/\/albirmuebles.com\/shop\/\"},{\"@type\":\"ListItem\",\"position\":3,\"name\":\"Mesa de comedor Driftwood, 180&#215;90 cm\"}]},{\"@type\":\"WebSite\",\"@id\":\"https:\/\/albirmuebles.com\/#website\",\"url\":\"https:\/\/albirmuebles.com\/\",\"name\":\"Muebles Albir\",\"description\":\"Muebles Albir\",\"publisher\":{\"@id\":\"https:\/\/albirmuebles.com\/#organization\"},\"potentialAction\":[{\"@type\":\"SearchAction\",\"target\":{\"@type\":\"EntryPoint\",\"urlTemplate\":\"https:\/\/albirmuebles.com\/?s={search_term_string}\"},\"query-input\":{\"@type\":\"PropertyValueSpecification\",\"valueRequired\":true,\"valueName\":\"search_term_string\"}}],\"inLanguage\":\"es\"},{\"@type\":\"Organization\",\"@id\":\"https:\/\/albirmuebles.com\/#organization\",\"name\":\"Albirmuebles\",\"url\":\"https:\/\/albirmuebles.com\/\",\"logo\":{\"@type\":\"ImageObject\",\"inLanguage\":\"es\",\"@id\":\"https:\/\/albirmuebles.com\/#\/schema\/logo\/image\/\",\"url\":\"https:\/\/albirmuebles.com\/wp-content\/uploads\/2020\/10\/logo_albir.png\",\"contentUrl\":\"https:\/\/albirmuebles.com\/wp-content\/uploads\/2020\/10\/logo_albir.png\",\"width\":800,\"height\":235,\"caption\":\"Albirmuebles\"},\"image\":{\"@id\":\"https:\/\/albirmuebles.com\/#\/schema\/logo\/image\/\"},\"sameAs\":[\"https:\/\/www.facebook.com\/Albir-Muebles-217159521715557\/\",\"https:\/\/www.instagram.com\/albir.muebles\/\"]}]}<\/script>\n<!-- \/ Yoast SEO plugin. -->","yoast_head_json":{"title":"Mesa de comedor Driftwood, 180x90 cm - Muebles Albir","robots":{"index":"index","follow":"follow","max-snippet":"max-snippet:-1","max-image-preview":"max-image-preview:large","max-video-preview":"max-video-preview:-1"},"canonical":"https:\/\/albirmuebles.com\/es\/producto\/driftwood-dining-table-180x90-cm\/","og_locale":"es_ES","og_type":"article","og_title":"Mesa de comedor Driftwood, 180x90 cm - Muebles Albir","og_description":"Los tableros de la colecci\u00f3n Driftwood Collection est\u00e1n hechos de viejas puertas de madera e incluso las huellas de las bisagras y las manijas de las puertas a\u00fan son visibles. La longitud m\u00e1xima de los tableros de las mesas es de apenas 1,80 m porque en aquellos d\u00edas las puertas no se hac\u00edan m\u00e1s altas. [&hellip;]","og_url":"https:\/\/albirmuebles.com\/es\/producto\/driftwood-dining-table-180x90-cm\/","og_site_name":"Muebles Albir","article_publisher":"https:\/\/www.facebook.com\/Albir-Muebles-217159521715557\/","og_image":[{"width":700,"height":700,"url":"https:\/\/albirmuebles.com\/wp-content\/uploads\/2021\/04\/146410_20.jpg","type":"image\/jpeg"}],"twitter_card":"summary_large_image","twitter_misc":{"Tiempo de lectura":"1 minuto"},"schema":{"@context":"https:\/\/schema.org","@graph":[{"@type":"WebPage","@id":"https:\/\/albirmuebles.com\/es\/producto\/driftwood-dining-table-180x90-cm\/","url":"https:\/\/albirmuebles.com\/es\/producto\/driftwood-dining-table-180x90-cm\/","name":"Mesa de comedor Driftwood, 180x90 cm - Muebles Albir","isPartOf":{"@id":"https:\/\/albirmuebles.com\/#website"},"primaryImageOfPage":{"@id":"https:\/\/albirmuebles.com\/es\/producto\/driftwood-dining-table-180x90-cm\/#primaryimage"},"image":{"@id":"https:\/\/albirmuebles.com\/es\/producto\/driftwood-dining-table-180x90-cm\/#primaryimage"},"thumbnailUrl":"https:\/\/e3vgfxkvpic.exactdn.com\/wp-content\/uploads\/2021\/04\/146410_20.jpg?strip=all","datePublished":"2021-04-19T15:21:56+00:00","breadcrumb":{"@id":"https:\/\/albirmuebles.com\/es\/producto\/driftwood-dining-table-180x90-cm\/#breadcrumb"},"inLanguage":"es","potentialAction":[{"@type":"ReadAction","target":["https:\/\/albirmuebles.com\/es\/producto\/driftwood-dining-table-180x90-cm\/"]}]},{"@type":"ImageObject","inLanguage":"es","@id":"https:\/\/albirmuebles.com\/es\/producto\/driftwood-dining-table-180x90-cm\/#primaryimage","url":"https:\/\/e3vgfxkvpic.exactdn.com\/wp-content\/uploads\/2021\/04\/146410_20.jpg?strip=all","contentUrl":"https:\/\/e3vgfxkvpic.exactdn.com\/wp-content\/uploads\/2021\/04\/146410_20.jpg?strip=all","width":700,"height":700},{"@type":"BreadcrumbList","@id":"https:\/\/albirmuebles.com\/es\/producto\/driftwood-dining-table-180x90-cm\/#breadcrumb","itemListElement":[{"@type":"ListItem","position":1,"name":"Home","item":"https:\/\/albirmuebles.com\/es\/"},{"@type":"ListItem","position":2,"name":"Shop","item":"https:\/\/albirmuebles.com\/shop\/"},{"@type":"ListItem","position":3,"name":"Mesa de comedor Driftwood, 180&#215;90 cm"}]},{"@type":"WebSite","@id":"https:\/\/albirmuebles.com\/#website","url":"https:\/\/albirmuebles.com\/","name":"Muebles Albir","description":"Muebles Albir","publisher":{"@id":"https:\/\/albirmuebles.com\/#organization"},"potentialAction":[{"@type":"SearchAction","target":{"@type":"EntryPoint","urlTemplate":"https:\/\/albirmuebles.com\/?s={search_term_string}"},"query-input":{"@type":"PropertyValueSpecification","valueRequired":true,"valueName":"search_term_string"}}],"inLanguage":"es"},{"@type":"Organization","@id":"https:\/\/albirmuebles.com\/#organization","name":"Albirmuebles","url":"https:\/\/albirmuebles.com\/","logo":{"@type":"ImageObject","inLanguage":"es","@id":"https:\/\/albirmuebles.com\/#\/schema\/logo\/image\/","url":"https:\/\/albirmuebles.com\/wp-content\/uploads\/2020\/10\/logo_albir.png","contentUrl":"https:\/\/albirmuebles.com\/wp-content\/uploads\/2020\/10\/logo_albir.png","width":800,"height":235,"caption":"Albirmuebles"},"image":{"@id":"https:\/\/albirmuebles.com\/#\/schema\/logo\/image\/"},"sameAs":["https:\/\/www.facebook.com\/Albir-Muebles-217159521715557\/","https:\/\/www.instagram.com\/albir.muebles\/"]}]}},"_links":{"self":[{"href":"https:\/\/albirmuebles.com\/es\/wp-json\/wp\/v2\/product\/9776","targetHints":{"allow":["GET"]}}],"collection":[{"href":"https:\/\/albirmuebles.com\/es\/wp-json\/wp\/v2\/product"}],"about":[{"href":"https:\/\/albirmuebles.com\/es\/wp-json\/wp\/v2\/types\/product"}],"replies":[{"embeddable":true,"href":"https:\/\/albirmuebles.com\/es\/wp-json\/wp\/v2\/comments?post=9776"}],"version-history":[{"count":0,"href":"https:\/\/albirmuebles.com\/es\/wp-json\/wp\/v2\/product\/9776\/revisions"}],"wp:featuredmedia":[{"embeddable":true,"href":"https:\/\/albirmuebles.com\/es\/wp-json\/wp\/v2\/media\/9777"}],"wp:attachment":[{"href":"https:\/\/albirmuebles.com\/es\/wp-json\/wp\/v2\/media?parent=9776"}],"wp:term":[{"taxonomy":"product_cat","embeddable":true,"href":"https:\/\/albirmuebles.com\/es\/wp-json\/wp\/v2\/product_cat?post=9776"},{"taxonomy":"product_tag","embeddable":true,"href":"https:\/\/albirmuebles.com\/es\/wp-json\/wp\/v2\/product_tag?post=9776"}],"curies":[{"name":"wp","href":"https:\/\/api.w.org\/{rel}","templated":true}]}}