{"id":9706,"date":"2021-04-19T18:53:08","date_gmt":"2021-04-19T18:53:08","guid":{"rendered":"https:\/\/albirmuebles.com\/product\/juego-de-mesa-nomad-cofee-5-negro\/"},"modified":"2021-04-19T18:53:08","modified_gmt":"2021-04-19T18:53:08","slug":"juego-de-mesa-nomad-cofee-5-negro","status":"publish","type":"product","link":"https:\/\/albirmuebles.com\/es\/producto\/juego-de-mesa-nomad-cofee-5-negro\/","title":{"rendered":"Juego de mesa Nomad Cofee 5 negro"},"content":{"rendered":"<p> Se trata de un conjunto de cinco mesas de la serie Nomad, una l\u00ednea con mesas de varios tama\u00f1os. Este conjunto consta de una mesa grande de uno por un metro, con cuatro mesas m\u00e1s peque\u00f1as que se pueden sacar desde abajo para crear espacio extra en poco tiempo. Las mesas est\u00e1n hechas de roble pintado de negro con una capa protectora mate. Consejo: para el mantenimiento, utilice el kit de cuidado de madera Premium. <\/p>\n<table id = \"producto-atributo-especificaciones-tabla\" class = \"tabla de datos atributos-adicionales\">\n<tbody>\n<tr>\n<th class = \"col label\" scope = \"row\"> Peso (kg) <\/th>\n<td class = \"col data\" data-th = \"Peso (kg)\"> 40,000000 <\/td>\n<\/tr>\n<tr>\n<th class = \"col label\" scope = \"row\"> Longitud (cm) <\/th>\n<td class = \"col data\" data-th = \"Longitud (cm)\"> 100.0 \/ 45 <\/td>\n<\/tr>\n<tr>\n<th class = \"col label\" scope = \"row\"> Ancho (cm) <\/th>\n<td class = \"col data\" data-th = \"Ancho (cm)\"> 100.0 \/ 45 <\/td>\n<\/tr>\n<tr>\n<th class = \"col label\" scope = \"row\"> Altura (cm) <\/th>\n<td class = \"col data\" data-th = \"Altura (cm)\"> 45.0 \/ 40 <\/td>\n<\/tr>\n<tr>\n<th class = \"col label\" scope = \"row\"> Material <\/th>\n<td class = \"col data\" data-th = \"Material\"> Roble viejo, madera de fresno viejo, acero inoxidable <\/td>\n<\/tr>\n<tr>\n<th class = \"col label\" scope = \"row\"> Cuidado <\/th>\n<td class = \"col data\" data-th = \"Care\"> limpie el material con un pa\u00f1o seco <\/td>\n<\/tr>\n<tr>\n<th class = \"col label\" scope = \"row\"> Familia <\/th>\n<td class = \"col data\" data-th = \"Familia\"> N\u00f3mada <\/td>\n<\/tr>\n<tr>\n<th class = \"col label\" scope = \"row\"> Di\u00e1metro (cm) <\/th>\n<td class = \"col data\" data-th = \"Di\u00e1metro (cm)\"> 0.0 <\/td>\n<\/tr>\n<\/tbody>\n<\/table>\n","protected":false},"excerpt":{"rendered":"<p>Se trata de un conjunto de cinco mesas de la serie Nomad, una l\u00ednea con mesas de varios tama\u00f1os. Este conjunto consta de una mesa grande de uno por un metro, con cuatro mesas m\u00e1s peque\u00f1as que se pueden sacar desde abajo para crear espacio extra en poco tiempo. Las mesas est\u00e1n hechas de roble [&hellip;]<\/p>\n","protected":false},"featured_media":9707,"comment_status":"closed","ping_status":"closed","template":"","meta":[],"product_cat":[171],"product_tag":[],"class_list":["post-9706","product","type-product","status-publish","has-post-thumbnail","hentry","product_cat-riviera-maison-mesa-es"],"yoast_head":"<!-- This site is optimized with the Yoast SEO plugin v26.7 - https:\/\/yoast.com\/wordpress\/plugins\/seo\/ -->\n<title>Juego de mesa Nomad Cofee 5 negro - Muebles Albir<\/title>\n<meta name=\"robots\" content=\"index, follow, max-snippet:-1, max-image-preview:large, max-video-preview:-1\" \/>\n<link rel=\"canonical\" href=\"https:\/\/albirmuebles.com\/es\/producto\/juego-de-mesa-nomad-cofee-5-negro\/\" \/>\n<meta property=\"og:locale\" content=\"es_ES\" \/>\n<meta property=\"og:type\" content=\"article\" \/>\n<meta property=\"og:title\" content=\"Juego de mesa Nomad Cofee 5 negro - Muebles Albir\" \/>\n<meta property=\"og:description\" content=\"Se trata de un conjunto de cinco mesas de la serie Nomad, una l\u00ednea con mesas de varios tama\u00f1os. Este conjunto consta de una mesa grande de uno por un metro, con cuatro mesas m\u00e1s peque\u00f1as que se pueden sacar desde abajo para crear espacio extra en poco tiempo. Las mesas est\u00e1n hechas de roble [&hellip;]\" \/>\n<meta property=\"og:url\" content=\"https:\/\/albirmuebles.com\/es\/producto\/juego-de-mesa-nomad-cofee-5-negro\/\" \/>\n<meta property=\"og:site_name\" content=\"Muebles Albir\" \/>\n<meta property=\"article:publisher\" content=\"https:\/\/www.facebook.com\/Albir-Muebles-217159521715557\/\" \/>\n<meta property=\"og:image\" content=\"https:\/\/albirmuebles.com\/wp-content\/uploads\/2021\/04\/472720.jpg\" \/>\n\t<meta property=\"og:image:width\" content=\"700\" \/>\n\t<meta property=\"og:image:height\" content=\"700\" \/>\n\t<meta property=\"og:image:type\" content=\"image\/jpeg\" \/>\n<meta name=\"twitter:card\" content=\"summary_large_image\" \/>\n<meta name=\"twitter:label1\" content=\"Tiempo de lectura\" \/>\n\t<meta name=\"twitter:data1\" content=\"1 minuto\" \/>\n<script type=\"application\/ld+json\" class=\"yoast-schema-graph\">{\"@context\":\"https:\/\/schema.org\",\"@graph\":[{\"@type\":\"WebPage\",\"@id\":\"https:\/\/albirmuebles.com\/es\/producto\/juego-de-mesa-nomad-cofee-5-negro\/\",\"url\":\"https:\/\/albirmuebles.com\/es\/producto\/juego-de-mesa-nomad-cofee-5-negro\/\",\"name\":\"Juego de mesa Nomad Cofee 5 negro - Muebles Albir\",\"isPartOf\":{\"@id\":\"https:\/\/albirmuebles.com\/#website\"},\"primaryImageOfPage\":{\"@id\":\"https:\/\/albirmuebles.com\/es\/producto\/juego-de-mesa-nomad-cofee-5-negro\/#primaryimage\"},\"image\":{\"@id\":\"https:\/\/albirmuebles.com\/es\/producto\/juego-de-mesa-nomad-cofee-5-negro\/#primaryimage\"},\"thumbnailUrl\":\"https:\/\/e3vgfxkvpic.exactdn.com\/wp-content\/uploads\/2021\/04\/472720.jpg?strip=all\",\"datePublished\":\"2021-04-19T18:53:08+00:00\",\"breadcrumb\":{\"@id\":\"https:\/\/albirmuebles.com\/es\/producto\/juego-de-mesa-nomad-cofee-5-negro\/#breadcrumb\"},\"inLanguage\":\"es\",\"potentialAction\":[{\"@type\":\"ReadAction\",\"target\":[\"https:\/\/albirmuebles.com\/es\/producto\/juego-de-mesa-nomad-cofee-5-negro\/\"]}]},{\"@type\":\"ImageObject\",\"inLanguage\":\"es\",\"@id\":\"https:\/\/albirmuebles.com\/es\/producto\/juego-de-mesa-nomad-cofee-5-negro\/#primaryimage\",\"url\":\"https:\/\/e3vgfxkvpic.exactdn.com\/wp-content\/uploads\/2021\/04\/472720.jpg?strip=all\",\"contentUrl\":\"https:\/\/e3vgfxkvpic.exactdn.com\/wp-content\/uploads\/2021\/04\/472720.jpg?strip=all\",\"width\":700,\"height\":700},{\"@type\":\"BreadcrumbList\",\"@id\":\"https:\/\/albirmuebles.com\/es\/producto\/juego-de-mesa-nomad-cofee-5-negro\/#breadcrumb\",\"itemListElement\":[{\"@type\":\"ListItem\",\"position\":1,\"name\":\"Home\",\"item\":\"https:\/\/albirmuebles.com\/es\/\"},{\"@type\":\"ListItem\",\"position\":2,\"name\":\"Shop\",\"item\":\"https:\/\/albirmuebles.com\/shop\/\"},{\"@type\":\"ListItem\",\"position\":3,\"name\":\"Juego de mesa Nomad Cofee 5 negro\"}]},{\"@type\":\"WebSite\",\"@id\":\"https:\/\/albirmuebles.com\/#website\",\"url\":\"https:\/\/albirmuebles.com\/\",\"name\":\"Muebles Albir\",\"description\":\"Muebles Albir\",\"publisher\":{\"@id\":\"https:\/\/albirmuebles.com\/#organization\"},\"potentialAction\":[{\"@type\":\"SearchAction\",\"target\":{\"@type\":\"EntryPoint\",\"urlTemplate\":\"https:\/\/albirmuebles.com\/?s={search_term_string}\"},\"query-input\":{\"@type\":\"PropertyValueSpecification\",\"valueRequired\":true,\"valueName\":\"search_term_string\"}}],\"inLanguage\":\"es\"},{\"@type\":\"Organization\",\"@id\":\"https:\/\/albirmuebles.com\/#organization\",\"name\":\"Albirmuebles\",\"url\":\"https:\/\/albirmuebles.com\/\",\"logo\":{\"@type\":\"ImageObject\",\"inLanguage\":\"es\",\"@id\":\"https:\/\/albirmuebles.com\/#\/schema\/logo\/image\/\",\"url\":\"https:\/\/albirmuebles.com\/wp-content\/uploads\/2020\/10\/logo_albir.png\",\"contentUrl\":\"https:\/\/albirmuebles.com\/wp-content\/uploads\/2020\/10\/logo_albir.png\",\"width\":800,\"height\":235,\"caption\":\"Albirmuebles\"},\"image\":{\"@id\":\"https:\/\/albirmuebles.com\/#\/schema\/logo\/image\/\"},\"sameAs\":[\"https:\/\/www.facebook.com\/Albir-Muebles-217159521715557\/\",\"https:\/\/www.instagram.com\/albir.muebles\/\"]}]}<\/script>\n<!-- \/ Yoast SEO plugin. -->","yoast_head_json":{"title":"Juego de mesa Nomad Cofee 5 negro - Muebles Albir","robots":{"index":"index","follow":"follow","max-snippet":"max-snippet:-1","max-image-preview":"max-image-preview:large","max-video-preview":"max-video-preview:-1"},"canonical":"https:\/\/albirmuebles.com\/es\/producto\/juego-de-mesa-nomad-cofee-5-negro\/","og_locale":"es_ES","og_type":"article","og_title":"Juego de mesa Nomad Cofee 5 negro - Muebles Albir","og_description":"Se trata de un conjunto de cinco mesas de la serie Nomad, una l\u00ednea con mesas de varios tama\u00f1os. Este conjunto consta de una mesa grande de uno por un metro, con cuatro mesas m\u00e1s peque\u00f1as que se pueden sacar desde abajo para crear espacio extra en poco tiempo. Las mesas est\u00e1n hechas de roble [&hellip;]","og_url":"https:\/\/albirmuebles.com\/es\/producto\/juego-de-mesa-nomad-cofee-5-negro\/","og_site_name":"Muebles Albir","article_publisher":"https:\/\/www.facebook.com\/Albir-Muebles-217159521715557\/","og_image":[{"width":700,"height":700,"url":"https:\/\/albirmuebles.com\/wp-content\/uploads\/2021\/04\/472720.jpg","type":"image\/jpeg"}],"twitter_card":"summary_large_image","twitter_misc":{"Tiempo de lectura":"1 minuto"},"schema":{"@context":"https:\/\/schema.org","@graph":[{"@type":"WebPage","@id":"https:\/\/albirmuebles.com\/es\/producto\/juego-de-mesa-nomad-cofee-5-negro\/","url":"https:\/\/albirmuebles.com\/es\/producto\/juego-de-mesa-nomad-cofee-5-negro\/","name":"Juego de mesa Nomad Cofee 5 negro - Muebles Albir","isPartOf":{"@id":"https:\/\/albirmuebles.com\/#website"},"primaryImageOfPage":{"@id":"https:\/\/albirmuebles.com\/es\/producto\/juego-de-mesa-nomad-cofee-5-negro\/#primaryimage"},"image":{"@id":"https:\/\/albirmuebles.com\/es\/producto\/juego-de-mesa-nomad-cofee-5-negro\/#primaryimage"},"thumbnailUrl":"https:\/\/e3vgfxkvpic.exactdn.com\/wp-content\/uploads\/2021\/04\/472720.jpg?strip=all","datePublished":"2021-04-19T18:53:08+00:00","breadcrumb":{"@id":"https:\/\/albirmuebles.com\/es\/producto\/juego-de-mesa-nomad-cofee-5-negro\/#breadcrumb"},"inLanguage":"es","potentialAction":[{"@type":"ReadAction","target":["https:\/\/albirmuebles.com\/es\/producto\/juego-de-mesa-nomad-cofee-5-negro\/"]}]},{"@type":"ImageObject","inLanguage":"es","@id":"https:\/\/albirmuebles.com\/es\/producto\/juego-de-mesa-nomad-cofee-5-negro\/#primaryimage","url":"https:\/\/e3vgfxkvpic.exactdn.com\/wp-content\/uploads\/2021\/04\/472720.jpg?strip=all","contentUrl":"https:\/\/e3vgfxkvpic.exactdn.com\/wp-content\/uploads\/2021\/04\/472720.jpg?strip=all","width":700,"height":700},{"@type":"BreadcrumbList","@id":"https:\/\/albirmuebles.com\/es\/producto\/juego-de-mesa-nomad-cofee-5-negro\/#breadcrumb","itemListElement":[{"@type":"ListItem","position":1,"name":"Home","item":"https:\/\/albirmuebles.com\/es\/"},{"@type":"ListItem","position":2,"name":"Shop","item":"https:\/\/albirmuebles.com\/shop\/"},{"@type":"ListItem","position":3,"name":"Juego de mesa Nomad Cofee 5 negro"}]},{"@type":"WebSite","@id":"https:\/\/albirmuebles.com\/#website","url":"https:\/\/albirmuebles.com\/","name":"Muebles Albir","description":"Muebles Albir","publisher":{"@id":"https:\/\/albirmuebles.com\/#organization"},"potentialAction":[{"@type":"SearchAction","target":{"@type":"EntryPoint","urlTemplate":"https:\/\/albirmuebles.com\/?s={search_term_string}"},"query-input":{"@type":"PropertyValueSpecification","valueRequired":true,"valueName":"search_term_string"}}],"inLanguage":"es"},{"@type":"Organization","@id":"https:\/\/albirmuebles.com\/#organization","name":"Albirmuebles","url":"https:\/\/albirmuebles.com\/","logo":{"@type":"ImageObject","inLanguage":"es","@id":"https:\/\/albirmuebles.com\/#\/schema\/logo\/image\/","url":"https:\/\/albirmuebles.com\/wp-content\/uploads\/2020\/10\/logo_albir.png","contentUrl":"https:\/\/albirmuebles.com\/wp-content\/uploads\/2020\/10\/logo_albir.png","width":800,"height":235,"caption":"Albirmuebles"},"image":{"@id":"https:\/\/albirmuebles.com\/#\/schema\/logo\/image\/"},"sameAs":["https:\/\/www.facebook.com\/Albir-Muebles-217159521715557\/","https:\/\/www.instagram.com\/albir.muebles\/"]}]}},"_links":{"self":[{"href":"https:\/\/albirmuebles.com\/es\/wp-json\/wp\/v2\/product\/9706","targetHints":{"allow":["GET"]}}],"collection":[{"href":"https:\/\/albirmuebles.com\/es\/wp-json\/wp\/v2\/product"}],"about":[{"href":"https:\/\/albirmuebles.com\/es\/wp-json\/wp\/v2\/types\/product"}],"replies":[{"embeddable":true,"href":"https:\/\/albirmuebles.com\/es\/wp-json\/wp\/v2\/comments?post=9706"}],"version-history":[{"count":0,"href":"https:\/\/albirmuebles.com\/es\/wp-json\/wp\/v2\/product\/9706\/revisions"}],"wp:featuredmedia":[{"embeddable":true,"href":"https:\/\/albirmuebles.com\/es\/wp-json\/wp\/v2\/media\/9707"}],"wp:attachment":[{"href":"https:\/\/albirmuebles.com\/es\/wp-json\/wp\/v2\/media?parent=9706"}],"wp:term":[{"taxonomy":"product_cat","embeddable":true,"href":"https:\/\/albirmuebles.com\/es\/wp-json\/wp\/v2\/product_cat?post=9706"},{"taxonomy":"product_tag","embeddable":true,"href":"https:\/\/albirmuebles.com\/es\/wp-json\/wp\/v2\/product_tag?post=9706"}],"curies":[{"name":"wp","href":"https:\/\/api.w.org\/{rel}","templated":true}]}}