{"id":9695,"date":"2021-04-19T18:57:53","date_gmt":"2021-04-19T18:57:53","guid":{"rendered":"https:\/\/albirmuebles.com\/product\/mesa-de-centro-chateau-chassigny-150x70-cm\/"},"modified":"2023-12-05T11:39:19","modified_gmt":"2023-12-05T11:39:19","slug":"mesa-de-centro-chateau-chassigny-150x70-cm","status":"publish","type":"product","link":"https:\/\/albirmuebles.com\/es\/producto\/mesa-de-centro-chateau-chassigny-150x70-cm\/","title":{"rendered":"Mesa de centro Chateau Chassigny, 150&#215;70 cm"},"content":{"rendered":"<p>Las mesas de la serie Chateau Chassigny son un corte por encima de las habituales mesas de comedor y de caf\u00e9. El tablero de la mesa con incrustaciones de madera est\u00e1 inspirado en los pisos antiguos que se encuentran en los castillos antiguos. Disponible en muchas formas y tama\u00f1os diferentes, desde peque\u00f1os y cuadrados hasta grandes y oblongos. Esta serie incluye mesas de comedor, mesas de centro y mesas auxiliares.<\/p>\n<table id=\"producto-atributo-especificaciones-tabla\" class=\"tabla de datos atributos-adicionales\">\n<tbody>\n<tr>\n<th class=\"col label\" scope=\"row\">Peso (kg)<\/th>\n<td class=\"col data\" data-th=\"Peso (kg)\">34.701000<\/td>\n<\/tr>\n<tr>\n<th class=\"col label\" scope=\"row\">Longitud (cm)<\/th>\n<td class=\"col data\" data-th=\"Longitud (cm)\">150<\/td>\n<\/tr>\n<tr>\n<th class=\"col label\" scope=\"row\">Ancho (cm)<\/th>\n<td class=\"col data\" data-th=\"Ancho (cm)\">70<\/td>\n<\/tr>\n<tr>\n<th class=\"col label\" scope=\"row\">Altura (cm)<\/th>\n<td class=\"col data\" data-th=\"Altura (cm)\">40<\/td>\n<\/tr>\n<tr>\n<th class=\"col label\" scope=\"row\">Material<\/th>\n<td class=\"col data\" data-th=\"Material\">olmo, \u00e1lamo reutilizado<\/td>\n<\/tr>\n<tr>\n<th class=\"col label\" scope=\"row\">Cuidado<\/th>\n<td class=\"col data\" data-th=\"Care\">Limpiar con un cepillo seco<\/td>\n<\/tr>\n<tr>\n<th class=\"col label\" scope=\"row\">Desmantelable<\/th>\n<td class=\"col data\" data-th=\"Desmantelable\">No<\/td>\n<\/tr>\n<tr>\n<th class=\"col label\" scope=\"row\">Familia<\/th>\n<td class=\"col data\" data-th=\"Familia\">ChateauChassigny<\/td>\n<\/tr>\n<\/tbody>\n<\/table>\n","protected":false},"excerpt":{"rendered":"<p>Las mesas de la serie Chateau Chassigny son un corte por encima de las habituales mesas de comedor y de caf\u00e9. El tablero de la mesa con incrustaciones de madera est\u00e1 inspirado en los pisos antiguos que se encuentran en los castillos antiguos. Disponible en muchas formas y tama\u00f1os diferentes, desde peque\u00f1os y cuadrados hasta [&hellip;]<\/p>\n","protected":false},"featured_media":9696,"comment_status":"closed","ping_status":"closed","template":"","meta":[],"product_cat":[171],"product_tag":[],"class_list":["post-9695","product","type-product","status-publish","has-post-thumbnail","hentry","product_cat-riviera-maison-mesa-es"],"yoast_head":"<!-- This site is optimized with the Yoast SEO plugin v26.7 - https:\/\/yoast.com\/wordpress\/plugins\/seo\/ -->\n<title>Mesa de centro Chateau Chassigny, 150x70 cm - Muebles Albir<\/title>\n<meta name=\"robots\" content=\"index, follow, max-snippet:-1, max-image-preview:large, max-video-preview:-1\" \/>\n<link rel=\"canonical\" href=\"https:\/\/albirmuebles.com\/es\/producto\/mesa-de-centro-chateau-chassigny-150x70-cm\/\" \/>\n<meta property=\"og:locale\" content=\"es_ES\" \/>\n<meta property=\"og:type\" content=\"article\" \/>\n<meta property=\"og:title\" content=\"Mesa de centro Chateau Chassigny, 150x70 cm - Muebles Albir\" \/>\n<meta property=\"og:description\" content=\"Las mesas de la serie Chateau Chassigny son un corte por encima de las habituales mesas de comedor y de caf\u00e9. El tablero de la mesa con incrustaciones de madera est\u00e1 inspirado en los pisos antiguos que se encuentran en los castillos antiguos. Disponible en muchas formas y tama\u00f1os diferentes, desde peque\u00f1os y cuadrados hasta [&hellip;]\" \/>\n<meta property=\"og:url\" content=\"https:\/\/albirmuebles.com\/es\/producto\/mesa-de-centro-chateau-chassigny-150x70-cm\/\" \/>\n<meta property=\"og:site_name\" content=\"Muebles Albir\" \/>\n<meta property=\"article:publisher\" content=\"https:\/\/www.facebook.com\/Albir-Muebles-217159521715557\/\" \/>\n<meta property=\"article:modified_time\" content=\"2023-12-05T11:39:19+00:00\" \/>\n<meta property=\"og:image\" content=\"https:\/\/albirmuebles.com\/wp-content\/uploads\/2021\/04\/218530_21.jpg\" \/>\n\t<meta property=\"og:image:width\" content=\"700\" \/>\n\t<meta property=\"og:image:height\" content=\"700\" \/>\n\t<meta property=\"og:image:type\" content=\"image\/jpeg\" \/>\n<meta name=\"twitter:card\" content=\"summary_large_image\" \/>\n<script type=\"application\/ld+json\" class=\"yoast-schema-graph\">{\"@context\":\"https:\/\/schema.org\",\"@graph\":[{\"@type\":\"WebPage\",\"@id\":\"https:\/\/albirmuebles.com\/es\/producto\/mesa-de-centro-chateau-chassigny-150x70-cm\/\",\"url\":\"https:\/\/albirmuebles.com\/es\/producto\/mesa-de-centro-chateau-chassigny-150x70-cm\/\",\"name\":\"Mesa de centro Chateau Chassigny, 150x70 cm - Muebles Albir\",\"isPartOf\":{\"@id\":\"https:\/\/albirmuebles.com\/#website\"},\"primaryImageOfPage\":{\"@id\":\"https:\/\/albirmuebles.com\/es\/producto\/mesa-de-centro-chateau-chassigny-150x70-cm\/#primaryimage\"},\"image\":{\"@id\":\"https:\/\/albirmuebles.com\/es\/producto\/mesa-de-centro-chateau-chassigny-150x70-cm\/#primaryimage\"},\"thumbnailUrl\":\"https:\/\/e3vgfxkvpic.exactdn.com\/wp-content\/uploads\/2021\/04\/218530_21.jpg?strip=all\",\"datePublished\":\"2021-04-19T18:57:53+00:00\",\"dateModified\":\"2023-12-05T11:39:19+00:00\",\"breadcrumb\":{\"@id\":\"https:\/\/albirmuebles.com\/es\/producto\/mesa-de-centro-chateau-chassigny-150x70-cm\/#breadcrumb\"},\"inLanguage\":\"es\",\"potentialAction\":[{\"@type\":\"ReadAction\",\"target\":[\"https:\/\/albirmuebles.com\/es\/producto\/mesa-de-centro-chateau-chassigny-150x70-cm\/\"]}]},{\"@type\":\"ImageObject\",\"inLanguage\":\"es\",\"@id\":\"https:\/\/albirmuebles.com\/es\/producto\/mesa-de-centro-chateau-chassigny-150x70-cm\/#primaryimage\",\"url\":\"https:\/\/e3vgfxkvpic.exactdn.com\/wp-content\/uploads\/2021\/04\/218530_21.jpg?strip=all\",\"contentUrl\":\"https:\/\/e3vgfxkvpic.exactdn.com\/wp-content\/uploads\/2021\/04\/218530_21.jpg?strip=all\",\"width\":700,\"height\":700},{\"@type\":\"BreadcrumbList\",\"@id\":\"https:\/\/albirmuebles.com\/es\/producto\/mesa-de-centro-chateau-chassigny-150x70-cm\/#breadcrumb\",\"itemListElement\":[{\"@type\":\"ListItem\",\"position\":1,\"name\":\"Home\",\"item\":\"https:\/\/albirmuebles.com\/es\/\"},{\"@type\":\"ListItem\",\"position\":2,\"name\":\"Shop\",\"item\":\"https:\/\/albirmuebles.com\/shop\/\"},{\"@type\":\"ListItem\",\"position\":3,\"name\":\"Mesa de centro Chateau Chassigny, 150&#215;70 cm\"}]},{\"@type\":\"WebSite\",\"@id\":\"https:\/\/albirmuebles.com\/#website\",\"url\":\"https:\/\/albirmuebles.com\/\",\"name\":\"Muebles Albir\",\"description\":\"Muebles Albir\",\"publisher\":{\"@id\":\"https:\/\/albirmuebles.com\/#organization\"},\"potentialAction\":[{\"@type\":\"SearchAction\",\"target\":{\"@type\":\"EntryPoint\",\"urlTemplate\":\"https:\/\/albirmuebles.com\/?s={search_term_string}\"},\"query-input\":{\"@type\":\"PropertyValueSpecification\",\"valueRequired\":true,\"valueName\":\"search_term_string\"}}],\"inLanguage\":\"es\"},{\"@type\":\"Organization\",\"@id\":\"https:\/\/albirmuebles.com\/#organization\",\"name\":\"Albirmuebles\",\"url\":\"https:\/\/albirmuebles.com\/\",\"logo\":{\"@type\":\"ImageObject\",\"inLanguage\":\"es\",\"@id\":\"https:\/\/albirmuebles.com\/#\/schema\/logo\/image\/\",\"url\":\"https:\/\/albirmuebles.com\/wp-content\/uploads\/2020\/10\/logo_albir.png\",\"contentUrl\":\"https:\/\/albirmuebles.com\/wp-content\/uploads\/2020\/10\/logo_albir.png\",\"width\":800,\"height\":235,\"caption\":\"Albirmuebles\"},\"image\":{\"@id\":\"https:\/\/albirmuebles.com\/#\/schema\/logo\/image\/\"},\"sameAs\":[\"https:\/\/www.facebook.com\/Albir-Muebles-217159521715557\/\",\"https:\/\/www.instagram.com\/albir.muebles\/\"]}]}<\/script>\n<!-- \/ Yoast SEO plugin. -->","yoast_head_json":{"title":"Mesa de centro Chateau Chassigny, 150x70 cm - Muebles Albir","robots":{"index":"index","follow":"follow","max-snippet":"max-snippet:-1","max-image-preview":"max-image-preview:large","max-video-preview":"max-video-preview:-1"},"canonical":"https:\/\/albirmuebles.com\/es\/producto\/mesa-de-centro-chateau-chassigny-150x70-cm\/","og_locale":"es_ES","og_type":"article","og_title":"Mesa de centro Chateau Chassigny, 150x70 cm - Muebles Albir","og_description":"Las mesas de la serie Chateau Chassigny son un corte por encima de las habituales mesas de comedor y de caf\u00e9. El tablero de la mesa con incrustaciones de madera est\u00e1 inspirado en los pisos antiguos que se encuentran en los castillos antiguos. Disponible en muchas formas y tama\u00f1os diferentes, desde peque\u00f1os y cuadrados hasta [&hellip;]","og_url":"https:\/\/albirmuebles.com\/es\/producto\/mesa-de-centro-chateau-chassigny-150x70-cm\/","og_site_name":"Muebles Albir","article_publisher":"https:\/\/www.facebook.com\/Albir-Muebles-217159521715557\/","article_modified_time":"2023-12-05T11:39:19+00:00","og_image":[{"width":700,"height":700,"url":"https:\/\/albirmuebles.com\/wp-content\/uploads\/2021\/04\/218530_21.jpg","type":"image\/jpeg"}],"twitter_card":"summary_large_image","schema":{"@context":"https:\/\/schema.org","@graph":[{"@type":"WebPage","@id":"https:\/\/albirmuebles.com\/es\/producto\/mesa-de-centro-chateau-chassigny-150x70-cm\/","url":"https:\/\/albirmuebles.com\/es\/producto\/mesa-de-centro-chateau-chassigny-150x70-cm\/","name":"Mesa de centro Chateau Chassigny, 150x70 cm - Muebles Albir","isPartOf":{"@id":"https:\/\/albirmuebles.com\/#website"},"primaryImageOfPage":{"@id":"https:\/\/albirmuebles.com\/es\/producto\/mesa-de-centro-chateau-chassigny-150x70-cm\/#primaryimage"},"image":{"@id":"https:\/\/albirmuebles.com\/es\/producto\/mesa-de-centro-chateau-chassigny-150x70-cm\/#primaryimage"},"thumbnailUrl":"https:\/\/e3vgfxkvpic.exactdn.com\/wp-content\/uploads\/2021\/04\/218530_21.jpg?strip=all","datePublished":"2021-04-19T18:57:53+00:00","dateModified":"2023-12-05T11:39:19+00:00","breadcrumb":{"@id":"https:\/\/albirmuebles.com\/es\/producto\/mesa-de-centro-chateau-chassigny-150x70-cm\/#breadcrumb"},"inLanguage":"es","potentialAction":[{"@type":"ReadAction","target":["https:\/\/albirmuebles.com\/es\/producto\/mesa-de-centro-chateau-chassigny-150x70-cm\/"]}]},{"@type":"ImageObject","inLanguage":"es","@id":"https:\/\/albirmuebles.com\/es\/producto\/mesa-de-centro-chateau-chassigny-150x70-cm\/#primaryimage","url":"https:\/\/e3vgfxkvpic.exactdn.com\/wp-content\/uploads\/2021\/04\/218530_21.jpg?strip=all","contentUrl":"https:\/\/e3vgfxkvpic.exactdn.com\/wp-content\/uploads\/2021\/04\/218530_21.jpg?strip=all","width":700,"height":700},{"@type":"BreadcrumbList","@id":"https:\/\/albirmuebles.com\/es\/producto\/mesa-de-centro-chateau-chassigny-150x70-cm\/#breadcrumb","itemListElement":[{"@type":"ListItem","position":1,"name":"Home","item":"https:\/\/albirmuebles.com\/es\/"},{"@type":"ListItem","position":2,"name":"Shop","item":"https:\/\/albirmuebles.com\/shop\/"},{"@type":"ListItem","position":3,"name":"Mesa de centro Chateau Chassigny, 150&#215;70 cm"}]},{"@type":"WebSite","@id":"https:\/\/albirmuebles.com\/#website","url":"https:\/\/albirmuebles.com\/","name":"Muebles Albir","description":"Muebles Albir","publisher":{"@id":"https:\/\/albirmuebles.com\/#organization"},"potentialAction":[{"@type":"SearchAction","target":{"@type":"EntryPoint","urlTemplate":"https:\/\/albirmuebles.com\/?s={search_term_string}"},"query-input":{"@type":"PropertyValueSpecification","valueRequired":true,"valueName":"search_term_string"}}],"inLanguage":"es"},{"@type":"Organization","@id":"https:\/\/albirmuebles.com\/#organization","name":"Albirmuebles","url":"https:\/\/albirmuebles.com\/","logo":{"@type":"ImageObject","inLanguage":"es","@id":"https:\/\/albirmuebles.com\/#\/schema\/logo\/image\/","url":"https:\/\/albirmuebles.com\/wp-content\/uploads\/2020\/10\/logo_albir.png","contentUrl":"https:\/\/albirmuebles.com\/wp-content\/uploads\/2020\/10\/logo_albir.png","width":800,"height":235,"caption":"Albirmuebles"},"image":{"@id":"https:\/\/albirmuebles.com\/#\/schema\/logo\/image\/"},"sameAs":["https:\/\/www.facebook.com\/Albir-Muebles-217159521715557\/","https:\/\/www.instagram.com\/albir.muebles\/"]}]}},"_links":{"self":[{"href":"https:\/\/albirmuebles.com\/es\/wp-json\/wp\/v2\/product\/9695","targetHints":{"allow":["GET"]}}],"collection":[{"href":"https:\/\/albirmuebles.com\/es\/wp-json\/wp\/v2\/product"}],"about":[{"href":"https:\/\/albirmuebles.com\/es\/wp-json\/wp\/v2\/types\/product"}],"replies":[{"embeddable":true,"href":"https:\/\/albirmuebles.com\/es\/wp-json\/wp\/v2\/comments?post=9695"}],"version-history":[{"count":1,"href":"https:\/\/albirmuebles.com\/es\/wp-json\/wp\/v2\/product\/9695\/revisions"}],"predecessor-version":[{"id":10285,"href":"https:\/\/albirmuebles.com\/es\/wp-json\/wp\/v2\/product\/9695\/revisions\/10285"}],"wp:featuredmedia":[{"embeddable":true,"href":"https:\/\/albirmuebles.com\/es\/wp-json\/wp\/v2\/media\/9696"}],"wp:attachment":[{"href":"https:\/\/albirmuebles.com\/es\/wp-json\/wp\/v2\/media?parent=9695"}],"wp:term":[{"taxonomy":"product_cat","embeddable":true,"href":"https:\/\/albirmuebles.com\/es\/wp-json\/wp\/v2\/product_cat?post=9695"},{"taxonomy":"product_tag","embeddable":true,"href":"https:\/\/albirmuebles.com\/es\/wp-json\/wp\/v2\/product_tag?post=9695"}],"curies":[{"name":"wp","href":"https:\/\/api.w.org\/{rel}","templated":true}]}}