{"id":9624,"date":"2021-04-11T10:56:45","date_gmt":"2021-04-11T10:56:45","guid":{"rendered":"https:\/\/albirmuebles.com\/product\/arkansas-cubo\/"},"modified":"2021-04-11T10:56:45","modified_gmt":"2021-04-11T10:56:45","slug":"arkansas-cubo","status":"publish","type":"product","link":"https:\/\/albirmuebles.com\/es\/producto\/arkansas-cubo\/","title":{"rendered":"Arkansas &#8211; Cubo"},"content":{"rendered":"<p> Aparador de madera contrachapada. Pata de metal pintado. Kit de f\u00e1cil montaje. <\/p>\n<p> Color <br \/>\nMADERA BA\u00d1ADA <\/p>\n<p> Material <br \/>\nMADERA BA\u00d1ADA <\/p>\n<p> Piernas <br \/>\nNEGRO <\/p>\n<p> Categor\u00eda <br \/>\nCUBO <\/p>\n<p> Colecci\u00f3n <br \/>\nKANSAS <\/p>\n<p> Dimensiones <br \/>\n120 x 40 x 134 CM <\/p>\n<p> Dimensi\u00f3n empaquetada <br \/>\n157,3 x 64,1 x 9,3 \/\/ 131,2 x 49,7 x 13,3 <\/p>\n<p> Volumen (m3) <br \/>\n0,18 <\/p>\n<p> Peso del producto <br \/>\n40 kg <\/p>\n<p> N\u00famero de piezas <br \/>\n3 <\/p>\n<p> Cantidad de paquetes <br \/>\ndos <\/p>\n<p> Manejo de productos <br \/>\n2 PERSONAS <\/p>\n<p> Recomendaci\u00f3n de cuidados <br \/>\nLimpiar con un pa\u00f1o h\u00famedo <\/p>\n","protected":false},"excerpt":{"rendered":"<p>Aparador de madera contrachapada. Pata de metal pintado. Kit de f\u00e1cil montaje. Color MADERA BA\u00d1ADA Material MADERA BA\u00d1ADA Piernas NEGRO Categor\u00eda CUBO Colecci\u00f3n KANSAS Dimensiones 120 x 40 x 134 CM Dimensi\u00f3n empaquetada 157,3 x 64,1 x 9,3 \/\/ 131,2 x 49,7 x 13,3 Volumen (m3) 0,18 Peso del producto 40 kg N\u00famero de piezas [&hellip;]<\/p>\n","protected":false},"featured_media":9625,"comment_status":"closed","ping_status":"closed","template":"","meta":[],"product_cat":[174],"product_tag":[],"class_list":["post-9624","product","type-product","status-publish","has-post-thumbnail","hentry","product_cat-aparador"],"yoast_head":"<!-- This site is optimized with the Yoast SEO plugin v26.7 - https:\/\/yoast.com\/wordpress\/plugins\/seo\/ -->\n<title>Arkansas - Cubo - Muebles Albir<\/title>\n<meta name=\"robots\" content=\"index, follow, max-snippet:-1, max-image-preview:large, max-video-preview:-1\" \/>\n<link rel=\"canonical\" href=\"https:\/\/albirmuebles.com\/es\/producto\/arkansas-cubo\/\" \/>\n<meta property=\"og:locale\" content=\"es_ES\" \/>\n<meta property=\"og:type\" content=\"article\" \/>\n<meta property=\"og:title\" content=\"Arkansas - Cubo - Muebles Albir\" \/>\n<meta property=\"og:description\" content=\"Aparador de madera contrachapada. Pata de metal pintado. Kit de f\u00e1cil montaje. Color MADERA BA\u00d1ADA Material MADERA BA\u00d1ADA Piernas NEGRO Categor\u00eda CUBO Colecci\u00f3n KANSAS Dimensiones 120 x 40 x 134 CM Dimensi\u00f3n empaquetada 157,3 x 64,1 x 9,3 \/\/ 131,2 x 49,7 x 13,3 Volumen (m3) 0,18 Peso del producto 40 kg N\u00famero de piezas [&hellip;]\" \/>\n<meta property=\"og:url\" content=\"https:\/\/albirmuebles.com\/es\/producto\/arkansas-cubo\/\" \/>\n<meta property=\"og:site_name\" content=\"Muebles Albir\" \/>\n<meta property=\"article:publisher\" content=\"https:\/\/www.facebook.com\/Albir-Muebles-217159521715557\/\" \/>\n<meta property=\"og:image\" content=\"https:\/\/albirmuebles.com\/wp-content\/uploads\/2021\/04\/W-754_2-scaled-1.jpg\" \/>\n\t<meta property=\"og:image:width\" content=\"2560\" \/>\n\t<meta property=\"og:image:height\" content=\"2560\" \/>\n\t<meta property=\"og:image:type\" content=\"image\/jpeg\" \/>\n<meta name=\"twitter:card\" content=\"summary_large_image\" \/>\n<script type=\"application\/ld+json\" class=\"yoast-schema-graph\">{\"@context\":\"https:\/\/schema.org\",\"@graph\":[{\"@type\":\"WebPage\",\"@id\":\"https:\/\/albirmuebles.com\/es\/producto\/arkansas-cubo\/\",\"url\":\"https:\/\/albirmuebles.com\/es\/producto\/arkansas-cubo\/\",\"name\":\"Arkansas - Cubo - Muebles Albir\",\"isPartOf\":{\"@id\":\"https:\/\/albirmuebles.com\/#website\"},\"primaryImageOfPage\":{\"@id\":\"https:\/\/albirmuebles.com\/es\/producto\/arkansas-cubo\/#primaryimage\"},\"image\":{\"@id\":\"https:\/\/albirmuebles.com\/es\/producto\/arkansas-cubo\/#primaryimage\"},\"thumbnailUrl\":\"https:\/\/e3vgfxkvpic.exactdn.com\/wp-content\/uploads\/2021\/04\/W-754_2-scaled-1.jpg?strip=all\",\"datePublished\":\"2021-04-11T10:56:45+00:00\",\"breadcrumb\":{\"@id\":\"https:\/\/albirmuebles.com\/es\/producto\/arkansas-cubo\/#breadcrumb\"},\"inLanguage\":\"es\",\"potentialAction\":[{\"@type\":\"ReadAction\",\"target\":[\"https:\/\/albirmuebles.com\/es\/producto\/arkansas-cubo\/\"]}]},{\"@type\":\"ImageObject\",\"inLanguage\":\"es\",\"@id\":\"https:\/\/albirmuebles.com\/es\/producto\/arkansas-cubo\/#primaryimage\",\"url\":\"https:\/\/e3vgfxkvpic.exactdn.com\/wp-content\/uploads\/2021\/04\/W-754_2-scaled-1.jpg?strip=all\",\"contentUrl\":\"https:\/\/e3vgfxkvpic.exactdn.com\/wp-content\/uploads\/2021\/04\/W-754_2-scaled-1.jpg?strip=all\",\"width\":2560,\"height\":2560},{\"@type\":\"BreadcrumbList\",\"@id\":\"https:\/\/albirmuebles.com\/es\/producto\/arkansas-cubo\/#breadcrumb\",\"itemListElement\":[{\"@type\":\"ListItem\",\"position\":1,\"name\":\"Home\",\"item\":\"https:\/\/albirmuebles.com\/es\/\"},{\"@type\":\"ListItem\",\"position\":2,\"name\":\"Shop\",\"item\":\"https:\/\/albirmuebles.com\/shop\/\"},{\"@type\":\"ListItem\",\"position\":3,\"name\":\"Arkansas &#8211; Cubo\"}]},{\"@type\":\"WebSite\",\"@id\":\"https:\/\/albirmuebles.com\/#website\",\"url\":\"https:\/\/albirmuebles.com\/\",\"name\":\"Muebles Albir\",\"description\":\"Muebles Albir\",\"publisher\":{\"@id\":\"https:\/\/albirmuebles.com\/#organization\"},\"potentialAction\":[{\"@type\":\"SearchAction\",\"target\":{\"@type\":\"EntryPoint\",\"urlTemplate\":\"https:\/\/albirmuebles.com\/?s={search_term_string}\"},\"query-input\":{\"@type\":\"PropertyValueSpecification\",\"valueRequired\":true,\"valueName\":\"search_term_string\"}}],\"inLanguage\":\"es\"},{\"@type\":\"Organization\",\"@id\":\"https:\/\/albirmuebles.com\/#organization\",\"name\":\"Albirmuebles\",\"url\":\"https:\/\/albirmuebles.com\/\",\"logo\":{\"@type\":\"ImageObject\",\"inLanguage\":\"es\",\"@id\":\"https:\/\/albirmuebles.com\/#\/schema\/logo\/image\/\",\"url\":\"https:\/\/albirmuebles.com\/wp-content\/uploads\/2020\/10\/logo_albir.png\",\"contentUrl\":\"https:\/\/albirmuebles.com\/wp-content\/uploads\/2020\/10\/logo_albir.png\",\"width\":800,\"height\":235,\"caption\":\"Albirmuebles\"},\"image\":{\"@id\":\"https:\/\/albirmuebles.com\/#\/schema\/logo\/image\/\"},\"sameAs\":[\"https:\/\/www.facebook.com\/Albir-Muebles-217159521715557\/\",\"https:\/\/www.instagram.com\/albir.muebles\/\"]}]}<\/script>\n<!-- \/ Yoast SEO plugin. -->","yoast_head_json":{"title":"Arkansas - Cubo - Muebles Albir","robots":{"index":"index","follow":"follow","max-snippet":"max-snippet:-1","max-image-preview":"max-image-preview:large","max-video-preview":"max-video-preview:-1"},"canonical":"https:\/\/albirmuebles.com\/es\/producto\/arkansas-cubo\/","og_locale":"es_ES","og_type":"article","og_title":"Arkansas - Cubo - Muebles Albir","og_description":"Aparador de madera contrachapada. Pata de metal pintado. Kit de f\u00e1cil montaje. Color MADERA BA\u00d1ADA Material MADERA BA\u00d1ADA Piernas NEGRO Categor\u00eda CUBO Colecci\u00f3n KANSAS Dimensiones 120 x 40 x 134 CM Dimensi\u00f3n empaquetada 157,3 x 64,1 x 9,3 \/\/ 131,2 x 49,7 x 13,3 Volumen (m3) 0,18 Peso del producto 40 kg N\u00famero de piezas [&hellip;]","og_url":"https:\/\/albirmuebles.com\/es\/producto\/arkansas-cubo\/","og_site_name":"Muebles Albir","article_publisher":"https:\/\/www.facebook.com\/Albir-Muebles-217159521715557\/","og_image":[{"width":2560,"height":2560,"url":"https:\/\/albirmuebles.com\/wp-content\/uploads\/2021\/04\/W-754_2-scaled-1.jpg","type":"image\/jpeg"}],"twitter_card":"summary_large_image","schema":{"@context":"https:\/\/schema.org","@graph":[{"@type":"WebPage","@id":"https:\/\/albirmuebles.com\/es\/producto\/arkansas-cubo\/","url":"https:\/\/albirmuebles.com\/es\/producto\/arkansas-cubo\/","name":"Arkansas - Cubo - Muebles Albir","isPartOf":{"@id":"https:\/\/albirmuebles.com\/#website"},"primaryImageOfPage":{"@id":"https:\/\/albirmuebles.com\/es\/producto\/arkansas-cubo\/#primaryimage"},"image":{"@id":"https:\/\/albirmuebles.com\/es\/producto\/arkansas-cubo\/#primaryimage"},"thumbnailUrl":"https:\/\/e3vgfxkvpic.exactdn.com\/wp-content\/uploads\/2021\/04\/W-754_2-scaled-1.jpg?strip=all","datePublished":"2021-04-11T10:56:45+00:00","breadcrumb":{"@id":"https:\/\/albirmuebles.com\/es\/producto\/arkansas-cubo\/#breadcrumb"},"inLanguage":"es","potentialAction":[{"@type":"ReadAction","target":["https:\/\/albirmuebles.com\/es\/producto\/arkansas-cubo\/"]}]},{"@type":"ImageObject","inLanguage":"es","@id":"https:\/\/albirmuebles.com\/es\/producto\/arkansas-cubo\/#primaryimage","url":"https:\/\/e3vgfxkvpic.exactdn.com\/wp-content\/uploads\/2021\/04\/W-754_2-scaled-1.jpg?strip=all","contentUrl":"https:\/\/e3vgfxkvpic.exactdn.com\/wp-content\/uploads\/2021\/04\/W-754_2-scaled-1.jpg?strip=all","width":2560,"height":2560},{"@type":"BreadcrumbList","@id":"https:\/\/albirmuebles.com\/es\/producto\/arkansas-cubo\/#breadcrumb","itemListElement":[{"@type":"ListItem","position":1,"name":"Home","item":"https:\/\/albirmuebles.com\/es\/"},{"@type":"ListItem","position":2,"name":"Shop","item":"https:\/\/albirmuebles.com\/shop\/"},{"@type":"ListItem","position":3,"name":"Arkansas &#8211; Cubo"}]},{"@type":"WebSite","@id":"https:\/\/albirmuebles.com\/#website","url":"https:\/\/albirmuebles.com\/","name":"Muebles Albir","description":"Muebles Albir","publisher":{"@id":"https:\/\/albirmuebles.com\/#organization"},"potentialAction":[{"@type":"SearchAction","target":{"@type":"EntryPoint","urlTemplate":"https:\/\/albirmuebles.com\/?s={search_term_string}"},"query-input":{"@type":"PropertyValueSpecification","valueRequired":true,"valueName":"search_term_string"}}],"inLanguage":"es"},{"@type":"Organization","@id":"https:\/\/albirmuebles.com\/#organization","name":"Albirmuebles","url":"https:\/\/albirmuebles.com\/","logo":{"@type":"ImageObject","inLanguage":"es","@id":"https:\/\/albirmuebles.com\/#\/schema\/logo\/image\/","url":"https:\/\/albirmuebles.com\/wp-content\/uploads\/2020\/10\/logo_albir.png","contentUrl":"https:\/\/albirmuebles.com\/wp-content\/uploads\/2020\/10\/logo_albir.png","width":800,"height":235,"caption":"Albirmuebles"},"image":{"@id":"https:\/\/albirmuebles.com\/#\/schema\/logo\/image\/"},"sameAs":["https:\/\/www.facebook.com\/Albir-Muebles-217159521715557\/","https:\/\/www.instagram.com\/albir.muebles\/"]}]}},"_links":{"self":[{"href":"https:\/\/albirmuebles.com\/es\/wp-json\/wp\/v2\/product\/9624","targetHints":{"allow":["GET"]}}],"collection":[{"href":"https:\/\/albirmuebles.com\/es\/wp-json\/wp\/v2\/product"}],"about":[{"href":"https:\/\/albirmuebles.com\/es\/wp-json\/wp\/v2\/types\/product"}],"replies":[{"embeddable":true,"href":"https:\/\/albirmuebles.com\/es\/wp-json\/wp\/v2\/comments?post=9624"}],"version-history":[{"count":0,"href":"https:\/\/albirmuebles.com\/es\/wp-json\/wp\/v2\/product\/9624\/revisions"}],"wp:featuredmedia":[{"embeddable":true,"href":"https:\/\/albirmuebles.com\/es\/wp-json\/wp\/v2\/media\/9625"}],"wp:attachment":[{"href":"https:\/\/albirmuebles.com\/es\/wp-json\/wp\/v2\/media?parent=9624"}],"wp:term":[{"taxonomy":"product_cat","embeddable":true,"href":"https:\/\/albirmuebles.com\/es\/wp-json\/wp\/v2\/product_cat?post=9624"},{"taxonomy":"product_tag","embeddable":true,"href":"https:\/\/albirmuebles.com\/es\/wp-json\/wp\/v2\/product_tag?post=9624"}],"curies":[{"name":"wp","href":"https:\/\/api.w.org\/{rel}","templated":true}]}}