{"id":9589,"date":"2021-04-19T16:24:15","date_gmt":"2021-04-19T16:24:15","guid":{"rendered":"https:\/\/albirmuebles.com\/product\/silla-de-comedor-balmoral-terciopelo-iii-antracita\/"},"modified":"2021-04-19T16:24:15","modified_gmt":"2021-04-19T16:24:15","slug":"silla-de-comedor-balmoral-terciopelo-iii-antracita","status":"publish","type":"product","link":"https:\/\/albirmuebles.com\/es\/producto\/silla-de-comedor-balmoral-terciopelo-iii-antracita\/","title":{"rendered":"Silla de comedor Balmoral, terciopelo III, antracita"},"content":{"rendered":"<p> Una silla de comedor cl\u00e1sica con un toque moderno. Asiento y respaldo rectos, sin apoyabrazos y un hermoso respaldo copetudo que agrega una sensaci\u00f3n de lujo. Terciopelo suave y patas obtenidas de forma sostenible de \u00e1rboles de caucho viejos. <\/p>\n<table id = \"producto-atributo-especificaciones-tabla\" class = \"tabla de datos atributos-adicionales\">\n<tbody>\n<tr>\n<th class = \"col label\" scope = \"row\"> Peso (kg) <\/th>\n<td class = \"col data\" data-th = \"Peso (kg)\"> 11,000000 <\/td>\n<\/tr>\n<tr>\n<th class = \"col label\" scope = \"row\"> Ancho (cm) <\/th>\n<td class = \"col data\" data-th = \"Ancho (cm)\"> 55 <\/td>\n<\/tr>\n<tr>\n<th class = \"col label\" scope = \"row\"> Altura (cm) <\/th>\n<td class = \"col data\" data-th = \"Altura (cm)\"> 99 <\/td>\n<\/tr>\n<tr>\n<th class = \"col label\" scope = \"row\"> Hecho a mano <\/th>\n<td class = \"col data\" data-th = \"Hecho a mano\"> S\u00ed <\/td>\n<\/tr>\n<tr>\n<th class = \"col label\" scope = \"row\"> Material <\/th>\n<td class = \"col data\" data-th = \"Material\"> poli\u00e9ster, madera de caucho <\/td>\n<\/tr>\n<tr>\n<th class = \"col label\" scope = \"row\"> Ancho \/ profundidad (cm) <\/th>\n<td class = \"col data\" data-th = \"Ancho \/ profundidad (cm)\"> 67 <\/td>\n<\/tr>\n<tr>\n<th class = \"col label\" scope = \"row\"> Profundidad (cm) <\/th>\n<td class = \"col data\" data-th = \"Profundidad (cm)\"> 67 <\/td>\n<\/tr>\n<tr>\n<th class = \"col label\" scope = \"row\"> Altura del tama\u00f1o inferior <\/th>\n<td class = \"col data\" data-th = \"Altura del tama\u00f1o inferior\"> 50 <\/td>\n<\/tr>\n<tr>\n<th class = \"col label\" scope = \"row\"> Cuidado <\/th>\n<td class = \"col data\" data-th = \"Care\"> Quite las manchas con cuidado a mano <\/td>\n<\/tr>\n<tr>\n<th class = \"col label\" scope = \"row\"> Familia <\/th>\n<td class = \"col data\" data-th = \"Familia\"> Balmoral <\/td>\n<\/tr>\n<tr>\n<th class = \"col label\" scope = \"row\"> Martindale <\/th>\n<td class = \"col data\" data-th = \"Martindale\"> 40000 <\/td>\n<\/tr>\n<tr>\n<th class = \"col label\" scope = \"row\"> Ancho del asiento (cm) <\/th>\n<td class = \"col data\" data-th = \"Ancho del asiento (cm)\"> 51 <\/td>\n<\/tr>\n<tr>\n<th class = \"col label\" scope = \"row\"> Profundidad del asiento (cm) <\/th>\n<td class = \"col data\" data-th = \"Profundidad del asiento (cm)\"> 48 <\/td>\n<\/tr>\n<tr>\n<th class = \"col label\" scope = \"row\"> Altura del asiento (cm) <\/th>\n<td class = \"col data\" data-th = \"Altura del asiento (cm)\"> 50 <\/td>\n<\/tr>\n<\/tbody>\n<\/table>\n","protected":false},"excerpt":{"rendered":"<p>Una silla de comedor cl\u00e1sica con un toque moderno. Asiento y respaldo rectos, sin apoyabrazos y un hermoso respaldo copetudo que agrega una sensaci\u00f3n de lujo. Terciopelo suave y patas obtenidas de forma sostenible de \u00e1rboles de caucho viejos. Peso (kg) 11,000000 Ancho (cm) 55 Altura (cm) 99 Hecho a mano S\u00ed Material poli\u00e9ster, madera [&hellip;]<\/p>\n","protected":false},"featured_media":9590,"comment_status":"closed","ping_status":"closed","template":"","meta":[],"product_cat":[169],"product_tag":[],"class_list":["post-9589","product","type-product","status-publish","has-post-thumbnail","hentry","product_cat-riviera-maison-silla-es"],"yoast_head":"<!-- This site is optimized with the Yoast SEO plugin v26.7 - https:\/\/yoast.com\/wordpress\/plugins\/seo\/ -->\n<title>Silla de comedor Balmoral, terciopelo III, antracita - Muebles Albir<\/title>\n<meta name=\"robots\" content=\"index, follow, max-snippet:-1, max-image-preview:large, max-video-preview:-1\" \/>\n<link rel=\"canonical\" href=\"https:\/\/albirmuebles.com\/es\/producto\/silla-de-comedor-balmoral-terciopelo-iii-antracita\/\" \/>\n<meta property=\"og:locale\" content=\"es_ES\" \/>\n<meta property=\"og:type\" content=\"article\" \/>\n<meta property=\"og:title\" content=\"Silla de comedor Balmoral, terciopelo III, antracita - Muebles Albir\" \/>\n<meta property=\"og:description\" content=\"Una silla de comedor cl\u00e1sica con un toque moderno. Asiento y respaldo rectos, sin apoyabrazos y un hermoso respaldo copetudo que agrega una sensaci\u00f3n de lujo. Terciopelo suave y patas obtenidas de forma sostenible de \u00e1rboles de caucho viejos. Peso (kg) 11,000000 Ancho (cm) 55 Altura (cm) 99 Hecho a mano S\u00ed Material poli\u00e9ster, madera [&hellip;]\" \/>\n<meta property=\"og:url\" content=\"https:\/\/albirmuebles.com\/es\/producto\/silla-de-comedor-balmoral-terciopelo-iii-antracita\/\" \/>\n<meta property=\"og:site_name\" content=\"Muebles Albir\" \/>\n<meta property=\"article:publisher\" content=\"https:\/\/www.facebook.com\/Albir-Muebles-217159521715557\/\" \/>\n<meta property=\"og:image\" content=\"https:\/\/albirmuebles.com\/wp-content\/uploads\/2021\/04\/4954003_16.jpg\" \/>\n\t<meta property=\"og:image:width\" content=\"700\" \/>\n\t<meta property=\"og:image:height\" content=\"700\" \/>\n\t<meta property=\"og:image:type\" content=\"image\/jpeg\" \/>\n<meta name=\"twitter:card\" content=\"summary_large_image\" \/>\n<script type=\"application\/ld+json\" class=\"yoast-schema-graph\">{\"@context\":\"https:\/\/schema.org\",\"@graph\":[{\"@type\":\"WebPage\",\"@id\":\"https:\/\/albirmuebles.com\/es\/producto\/silla-de-comedor-balmoral-terciopelo-iii-antracita\/\",\"url\":\"https:\/\/albirmuebles.com\/es\/producto\/silla-de-comedor-balmoral-terciopelo-iii-antracita\/\",\"name\":\"Silla de comedor Balmoral, terciopelo III, antracita - Muebles Albir\",\"isPartOf\":{\"@id\":\"https:\/\/albirmuebles.com\/#website\"},\"primaryImageOfPage\":{\"@id\":\"https:\/\/albirmuebles.com\/es\/producto\/silla-de-comedor-balmoral-terciopelo-iii-antracita\/#primaryimage\"},\"image\":{\"@id\":\"https:\/\/albirmuebles.com\/es\/producto\/silla-de-comedor-balmoral-terciopelo-iii-antracita\/#primaryimage\"},\"thumbnailUrl\":\"https:\/\/e3vgfxkvpic.exactdn.com\/wp-content\/uploads\/2021\/04\/4954003_16.jpg?strip=all\",\"datePublished\":\"2021-04-19T16:24:15+00:00\",\"breadcrumb\":{\"@id\":\"https:\/\/albirmuebles.com\/es\/producto\/silla-de-comedor-balmoral-terciopelo-iii-antracita\/#breadcrumb\"},\"inLanguage\":\"es\",\"potentialAction\":[{\"@type\":\"ReadAction\",\"target\":[\"https:\/\/albirmuebles.com\/es\/producto\/silla-de-comedor-balmoral-terciopelo-iii-antracita\/\"]}]},{\"@type\":\"ImageObject\",\"inLanguage\":\"es\",\"@id\":\"https:\/\/albirmuebles.com\/es\/producto\/silla-de-comedor-balmoral-terciopelo-iii-antracita\/#primaryimage\",\"url\":\"https:\/\/e3vgfxkvpic.exactdn.com\/wp-content\/uploads\/2021\/04\/4954003_16.jpg?strip=all\",\"contentUrl\":\"https:\/\/e3vgfxkvpic.exactdn.com\/wp-content\/uploads\/2021\/04\/4954003_16.jpg?strip=all\",\"width\":700,\"height\":700},{\"@type\":\"BreadcrumbList\",\"@id\":\"https:\/\/albirmuebles.com\/es\/producto\/silla-de-comedor-balmoral-terciopelo-iii-antracita\/#breadcrumb\",\"itemListElement\":[{\"@type\":\"ListItem\",\"position\":1,\"name\":\"Home\",\"item\":\"https:\/\/albirmuebles.com\/es\/\"},{\"@type\":\"ListItem\",\"position\":2,\"name\":\"Shop\",\"item\":\"https:\/\/albirmuebles.com\/shop\/\"},{\"@type\":\"ListItem\",\"position\":3,\"name\":\"Silla de comedor Balmoral, terciopelo III, antracita\"}]},{\"@type\":\"WebSite\",\"@id\":\"https:\/\/albirmuebles.com\/#website\",\"url\":\"https:\/\/albirmuebles.com\/\",\"name\":\"Muebles Albir\",\"description\":\"Muebles Albir\",\"publisher\":{\"@id\":\"https:\/\/albirmuebles.com\/#organization\"},\"potentialAction\":[{\"@type\":\"SearchAction\",\"target\":{\"@type\":\"EntryPoint\",\"urlTemplate\":\"https:\/\/albirmuebles.com\/?s={search_term_string}\"},\"query-input\":{\"@type\":\"PropertyValueSpecification\",\"valueRequired\":true,\"valueName\":\"search_term_string\"}}],\"inLanguage\":\"es\"},{\"@type\":\"Organization\",\"@id\":\"https:\/\/albirmuebles.com\/#organization\",\"name\":\"Albirmuebles\",\"url\":\"https:\/\/albirmuebles.com\/\",\"logo\":{\"@type\":\"ImageObject\",\"inLanguage\":\"es\",\"@id\":\"https:\/\/albirmuebles.com\/#\/schema\/logo\/image\/\",\"url\":\"https:\/\/albirmuebles.com\/wp-content\/uploads\/2020\/10\/logo_albir.png\",\"contentUrl\":\"https:\/\/albirmuebles.com\/wp-content\/uploads\/2020\/10\/logo_albir.png\",\"width\":800,\"height\":235,\"caption\":\"Albirmuebles\"},\"image\":{\"@id\":\"https:\/\/albirmuebles.com\/#\/schema\/logo\/image\/\"},\"sameAs\":[\"https:\/\/www.facebook.com\/Albir-Muebles-217159521715557\/\",\"https:\/\/www.instagram.com\/albir.muebles\/\"]}]}<\/script>\n<!-- \/ Yoast SEO plugin. -->","yoast_head_json":{"title":"Silla de comedor Balmoral, terciopelo III, antracita - Muebles Albir","robots":{"index":"index","follow":"follow","max-snippet":"max-snippet:-1","max-image-preview":"max-image-preview:large","max-video-preview":"max-video-preview:-1"},"canonical":"https:\/\/albirmuebles.com\/es\/producto\/silla-de-comedor-balmoral-terciopelo-iii-antracita\/","og_locale":"es_ES","og_type":"article","og_title":"Silla de comedor Balmoral, terciopelo III, antracita - Muebles Albir","og_description":"Una silla de comedor cl\u00e1sica con un toque moderno. Asiento y respaldo rectos, sin apoyabrazos y un hermoso respaldo copetudo que agrega una sensaci\u00f3n de lujo. Terciopelo suave y patas obtenidas de forma sostenible de \u00e1rboles de caucho viejos. Peso (kg) 11,000000 Ancho (cm) 55 Altura (cm) 99 Hecho a mano S\u00ed Material poli\u00e9ster, madera [&hellip;]","og_url":"https:\/\/albirmuebles.com\/es\/producto\/silla-de-comedor-balmoral-terciopelo-iii-antracita\/","og_site_name":"Muebles Albir","article_publisher":"https:\/\/www.facebook.com\/Albir-Muebles-217159521715557\/","og_image":[{"width":700,"height":700,"url":"https:\/\/albirmuebles.com\/wp-content\/uploads\/2021\/04\/4954003_16.jpg","type":"image\/jpeg"}],"twitter_card":"summary_large_image","schema":{"@context":"https:\/\/schema.org","@graph":[{"@type":"WebPage","@id":"https:\/\/albirmuebles.com\/es\/producto\/silla-de-comedor-balmoral-terciopelo-iii-antracita\/","url":"https:\/\/albirmuebles.com\/es\/producto\/silla-de-comedor-balmoral-terciopelo-iii-antracita\/","name":"Silla de comedor Balmoral, terciopelo III, antracita - Muebles Albir","isPartOf":{"@id":"https:\/\/albirmuebles.com\/#website"},"primaryImageOfPage":{"@id":"https:\/\/albirmuebles.com\/es\/producto\/silla-de-comedor-balmoral-terciopelo-iii-antracita\/#primaryimage"},"image":{"@id":"https:\/\/albirmuebles.com\/es\/producto\/silla-de-comedor-balmoral-terciopelo-iii-antracita\/#primaryimage"},"thumbnailUrl":"https:\/\/e3vgfxkvpic.exactdn.com\/wp-content\/uploads\/2021\/04\/4954003_16.jpg?strip=all","datePublished":"2021-04-19T16:24:15+00:00","breadcrumb":{"@id":"https:\/\/albirmuebles.com\/es\/producto\/silla-de-comedor-balmoral-terciopelo-iii-antracita\/#breadcrumb"},"inLanguage":"es","potentialAction":[{"@type":"ReadAction","target":["https:\/\/albirmuebles.com\/es\/producto\/silla-de-comedor-balmoral-terciopelo-iii-antracita\/"]}]},{"@type":"ImageObject","inLanguage":"es","@id":"https:\/\/albirmuebles.com\/es\/producto\/silla-de-comedor-balmoral-terciopelo-iii-antracita\/#primaryimage","url":"https:\/\/e3vgfxkvpic.exactdn.com\/wp-content\/uploads\/2021\/04\/4954003_16.jpg?strip=all","contentUrl":"https:\/\/e3vgfxkvpic.exactdn.com\/wp-content\/uploads\/2021\/04\/4954003_16.jpg?strip=all","width":700,"height":700},{"@type":"BreadcrumbList","@id":"https:\/\/albirmuebles.com\/es\/producto\/silla-de-comedor-balmoral-terciopelo-iii-antracita\/#breadcrumb","itemListElement":[{"@type":"ListItem","position":1,"name":"Home","item":"https:\/\/albirmuebles.com\/es\/"},{"@type":"ListItem","position":2,"name":"Shop","item":"https:\/\/albirmuebles.com\/shop\/"},{"@type":"ListItem","position":3,"name":"Silla de comedor Balmoral, terciopelo III, antracita"}]},{"@type":"WebSite","@id":"https:\/\/albirmuebles.com\/#website","url":"https:\/\/albirmuebles.com\/","name":"Muebles Albir","description":"Muebles Albir","publisher":{"@id":"https:\/\/albirmuebles.com\/#organization"},"potentialAction":[{"@type":"SearchAction","target":{"@type":"EntryPoint","urlTemplate":"https:\/\/albirmuebles.com\/?s={search_term_string}"},"query-input":{"@type":"PropertyValueSpecification","valueRequired":true,"valueName":"search_term_string"}}],"inLanguage":"es"},{"@type":"Organization","@id":"https:\/\/albirmuebles.com\/#organization","name":"Albirmuebles","url":"https:\/\/albirmuebles.com\/","logo":{"@type":"ImageObject","inLanguage":"es","@id":"https:\/\/albirmuebles.com\/#\/schema\/logo\/image\/","url":"https:\/\/albirmuebles.com\/wp-content\/uploads\/2020\/10\/logo_albir.png","contentUrl":"https:\/\/albirmuebles.com\/wp-content\/uploads\/2020\/10\/logo_albir.png","width":800,"height":235,"caption":"Albirmuebles"},"image":{"@id":"https:\/\/albirmuebles.com\/#\/schema\/logo\/image\/"},"sameAs":["https:\/\/www.facebook.com\/Albir-Muebles-217159521715557\/","https:\/\/www.instagram.com\/albir.muebles\/"]}]}},"_links":{"self":[{"href":"https:\/\/albirmuebles.com\/es\/wp-json\/wp\/v2\/product\/9589","targetHints":{"allow":["GET"]}}],"collection":[{"href":"https:\/\/albirmuebles.com\/es\/wp-json\/wp\/v2\/product"}],"about":[{"href":"https:\/\/albirmuebles.com\/es\/wp-json\/wp\/v2\/types\/product"}],"replies":[{"embeddable":true,"href":"https:\/\/albirmuebles.com\/es\/wp-json\/wp\/v2\/comments?post=9589"}],"version-history":[{"count":0,"href":"https:\/\/albirmuebles.com\/es\/wp-json\/wp\/v2\/product\/9589\/revisions"}],"wp:featuredmedia":[{"embeddable":true,"href":"https:\/\/albirmuebles.com\/es\/wp-json\/wp\/v2\/media\/9590"}],"wp:attachment":[{"href":"https:\/\/albirmuebles.com\/es\/wp-json\/wp\/v2\/media?parent=9589"}],"wp:term":[{"taxonomy":"product_cat","embeddable":true,"href":"https:\/\/albirmuebles.com\/es\/wp-json\/wp\/v2\/product_cat?post=9589"},{"taxonomy":"product_tag","embeddable":true,"href":"https:\/\/albirmuebles.com\/es\/wp-json\/wp\/v2\/product_tag?post=9589"}],"curies":[{"name":"wp","href":"https:\/\/api.w.org\/{rel}","templated":true}]}}