{"id":9583,"date":"2021-04-19T16:25:22","date_gmt":"2021-04-19T16:25:22","guid":{"rendered":"https:\/\/albirmuebles.com\/product\/silla-de-comedor-george-pellini-espresso\/"},"modified":"2021-04-19T16:25:22","modified_gmt":"2021-04-19T16:25:22","slug":"silla-de-comedor-george-pellini-espresso","status":"publish","type":"product","link":"https:\/\/albirmuebles.com\/es\/producto\/silla-de-comedor-george-pellini-espresso\/","title":{"rendered":"Silla de comedor George, pellini, espresso"},"content":{"rendered":"<p> Una silla de comedor donde se ha prestado una clara atenci\u00f3n a todos sus elementos. Eso resume mejor esta magn\u00edfica silla. El suave cuero pellini, las elegantes patas de madera de caucho y el respaldo acolchado muestran c\u00f3mo el fabricante de muebles hizo la silla con amor por su trabajo. <\/p>\n<table id = \"producto-atributo-especificaciones-tabla\" class = \"tabla de datos atributos-adicionales\">\n<tbody>\n<tr>\n<th class = \"col label\" scope = \"row\"> Peso (kg) <\/th>\n<td class = \"col data\" data-th = \"Peso (kg)\"> 9.001000 <\/td>\n<\/tr>\n<tr>\n<th class = \"col label\" scope = \"row\"> Ancho (cm) <\/th>\n<td class = \"col data\" data-th = \"Ancho (cm)\"> 59 <\/td>\n<\/tr>\n<tr>\n<th class = \"col label\" scope = \"row\"> Altura (cm) <\/th>\n<td class = \"col data\" data-th = \"Altura (cm)\"> 93 <\/td>\n<\/tr>\n<tr>\n<th class = \"col label\" scope = \"row\"> Hecho a mano <\/th>\n<td class = \"col data\" data-th = \"Hecho a mano\"> No <\/td>\n<\/tr>\n<tr>\n<th class = \"col label\" scope = \"row\"> Material del mango <\/th>\n<td class = \"col data\" data-th = \"Material del mango\"> Aluminio <\/td>\n<\/tr>\n<tr>\n<th class = \"col label\" scope = \"row\"> Material <\/th>\n<td class = \"col data\" data-th = \"Material\"> cuero pellini, madera de caucho <\/td>\n<\/tr>\n<tr>\n<th class = \"col label\" scope = \"row\"> Ancho \/ profundidad (cm) <\/th>\n<td class = \"col data\" data-th = \"Ancho \/ profundidad (cm)\"> 60 <\/td>\n<\/tr>\n<tr>\n<th class = \"col label\" scope = \"row\"> Profundidad (cm) <\/th>\n<td class = \"col data\" data-th = \"Profundidad (cm)\"> 60 <\/td>\n<\/tr>\n<tr>\n<th class = \"col label\" scope = \"row\"> Altura del tama\u00f1o inferior <\/th>\n<td class = \"col data\" data-th = \"Altura del tama\u00f1o inferior\"> 51 <\/td>\n<\/tr>\n<tr>\n<th class = \"col label\" scope = \"row\"> Cuidado <\/th>\n<td class = \"col data\" data-th = \"Care\"> Limpiar el cuero \/ pellini con un producto de limpieza especial <\/td>\n<\/tr>\n<tr>\n<th class = \"col label\" scope = \"row\"> Familia <\/th>\n<td class = \"col data\" data-th = \"Familia\"> George <\/td>\n<\/tr>\n<tr>\n<th class = \"col label\" scope = \"row\"> Martindale <\/th>\n<td class = \"col data\" data-th = \"Martindale\"> 40000 <\/td>\n<\/tr>\n<tr>\n<th class = \"col label\" scope = \"row\"> Ancho del asiento (cm) <\/th>\n<td class = \"col data\" data-th = \"Ancho del asiento (cm)\"> 50 <\/td>\n<\/tr>\n<tr>\n<th class = \"col label\" scope = \"row\"> Profundidad del asiento (cm) <\/th>\n<td class = \"col data\" data-th = \"Profundidad del asiento (cm)\"> 44 <\/td>\n<\/tr>\n<tr>\n<th class = \"col label\" scope = \"row\"> Altura del asiento (cm) <\/th>\n<td class = \"col data\" data-th = \"Altura del asiento (cm)\"> 51 <\/td>\n<\/tr>\n<\/tbody>\n<\/table>\n","protected":false},"excerpt":{"rendered":"<p>Una silla de comedor donde se ha prestado una clara atenci\u00f3n a todos sus elementos. Eso resume mejor esta magn\u00edfica silla. El suave cuero pellini, las elegantes patas de madera de caucho y el respaldo acolchado muestran c\u00f3mo el fabricante de muebles hizo la silla con amor por su trabajo. Peso (kg) 9.001000 Ancho (cm) [&hellip;]<\/p>\n","protected":false},"featured_media":9584,"comment_status":"closed","ping_status":"closed","template":"","meta":[],"product_cat":[169],"product_tag":[],"class_list":["post-9583","product","type-product","status-publish","has-post-thumbnail","hentry","product_cat-riviera-maison-silla-es"],"yoast_head":"<!-- This site is optimized with the Yoast SEO plugin v26.7 - https:\/\/yoast.com\/wordpress\/plugins\/seo\/ -->\n<title>Silla de comedor George, pellini, espresso - Muebles Albir<\/title>\n<meta name=\"robots\" content=\"index, follow, max-snippet:-1, max-image-preview:large, max-video-preview:-1\" \/>\n<link rel=\"canonical\" href=\"https:\/\/albirmuebles.com\/es\/producto\/silla-de-comedor-george-pellini-espresso\/\" \/>\n<meta property=\"og:locale\" content=\"es_ES\" \/>\n<meta property=\"og:type\" content=\"article\" \/>\n<meta property=\"og:title\" content=\"Silla de comedor George, pellini, espresso - Muebles Albir\" \/>\n<meta property=\"og:description\" content=\"Una silla de comedor donde se ha prestado una clara atenci\u00f3n a todos sus elementos. Eso resume mejor esta magn\u00edfica silla. El suave cuero pellini, las elegantes patas de madera de caucho y el respaldo acolchado muestran c\u00f3mo el fabricante de muebles hizo la silla con amor por su trabajo. Peso (kg) 9.001000 Ancho (cm) [&hellip;]\" \/>\n<meta property=\"og:url\" content=\"https:\/\/albirmuebles.com\/es\/producto\/silla-de-comedor-george-pellini-espresso\/\" \/>\n<meta property=\"og:site_name\" content=\"Muebles Albir\" \/>\n<meta property=\"article:publisher\" content=\"https:\/\/www.facebook.com\/Albir-Muebles-217159521715557\/\" \/>\n<meta property=\"og:image\" content=\"https:\/\/albirmuebles.com\/wp-content\/uploads\/2021\/04\/3394008_20.jpg\" \/>\n\t<meta property=\"og:image:width\" content=\"700\" \/>\n\t<meta property=\"og:image:height\" content=\"700\" \/>\n\t<meta property=\"og:image:type\" content=\"image\/jpeg\" \/>\n<meta name=\"twitter:card\" content=\"summary_large_image\" \/>\n<meta name=\"twitter:label1\" content=\"Tiempo de lectura\" \/>\n\t<meta name=\"twitter:data1\" content=\"1 minuto\" \/>\n<script type=\"application\/ld+json\" class=\"yoast-schema-graph\">{\"@context\":\"https:\/\/schema.org\",\"@graph\":[{\"@type\":\"WebPage\",\"@id\":\"https:\/\/albirmuebles.com\/es\/producto\/silla-de-comedor-george-pellini-espresso\/\",\"url\":\"https:\/\/albirmuebles.com\/es\/producto\/silla-de-comedor-george-pellini-espresso\/\",\"name\":\"Silla de comedor George, pellini, espresso - Muebles Albir\",\"isPartOf\":{\"@id\":\"https:\/\/albirmuebles.com\/#website\"},\"primaryImageOfPage\":{\"@id\":\"https:\/\/albirmuebles.com\/es\/producto\/silla-de-comedor-george-pellini-espresso\/#primaryimage\"},\"image\":{\"@id\":\"https:\/\/albirmuebles.com\/es\/producto\/silla-de-comedor-george-pellini-espresso\/#primaryimage\"},\"thumbnailUrl\":\"https:\/\/e3vgfxkvpic.exactdn.com\/wp-content\/uploads\/2021\/04\/3394008_20.jpg?strip=all\",\"datePublished\":\"2021-04-19T16:25:22+00:00\",\"breadcrumb\":{\"@id\":\"https:\/\/albirmuebles.com\/es\/producto\/silla-de-comedor-george-pellini-espresso\/#breadcrumb\"},\"inLanguage\":\"es\",\"potentialAction\":[{\"@type\":\"ReadAction\",\"target\":[\"https:\/\/albirmuebles.com\/es\/producto\/silla-de-comedor-george-pellini-espresso\/\"]}]},{\"@type\":\"ImageObject\",\"inLanguage\":\"es\",\"@id\":\"https:\/\/albirmuebles.com\/es\/producto\/silla-de-comedor-george-pellini-espresso\/#primaryimage\",\"url\":\"https:\/\/e3vgfxkvpic.exactdn.com\/wp-content\/uploads\/2021\/04\/3394008_20.jpg?strip=all\",\"contentUrl\":\"https:\/\/e3vgfxkvpic.exactdn.com\/wp-content\/uploads\/2021\/04\/3394008_20.jpg?strip=all\",\"width\":700,\"height\":700},{\"@type\":\"BreadcrumbList\",\"@id\":\"https:\/\/albirmuebles.com\/es\/producto\/silla-de-comedor-george-pellini-espresso\/#breadcrumb\",\"itemListElement\":[{\"@type\":\"ListItem\",\"position\":1,\"name\":\"Home\",\"item\":\"https:\/\/albirmuebles.com\/es\/\"},{\"@type\":\"ListItem\",\"position\":2,\"name\":\"Shop\",\"item\":\"https:\/\/albirmuebles.com\/shop\/\"},{\"@type\":\"ListItem\",\"position\":3,\"name\":\"Silla de comedor George, pellini, espresso\"}]},{\"@type\":\"WebSite\",\"@id\":\"https:\/\/albirmuebles.com\/#website\",\"url\":\"https:\/\/albirmuebles.com\/\",\"name\":\"Muebles Albir\",\"description\":\"Muebles Albir\",\"publisher\":{\"@id\":\"https:\/\/albirmuebles.com\/#organization\"},\"potentialAction\":[{\"@type\":\"SearchAction\",\"target\":{\"@type\":\"EntryPoint\",\"urlTemplate\":\"https:\/\/albirmuebles.com\/?s={search_term_string}\"},\"query-input\":{\"@type\":\"PropertyValueSpecification\",\"valueRequired\":true,\"valueName\":\"search_term_string\"}}],\"inLanguage\":\"es\"},{\"@type\":\"Organization\",\"@id\":\"https:\/\/albirmuebles.com\/#organization\",\"name\":\"Albirmuebles\",\"url\":\"https:\/\/albirmuebles.com\/\",\"logo\":{\"@type\":\"ImageObject\",\"inLanguage\":\"es\",\"@id\":\"https:\/\/albirmuebles.com\/#\/schema\/logo\/image\/\",\"url\":\"https:\/\/albirmuebles.com\/wp-content\/uploads\/2020\/10\/logo_albir.png\",\"contentUrl\":\"https:\/\/albirmuebles.com\/wp-content\/uploads\/2020\/10\/logo_albir.png\",\"width\":800,\"height\":235,\"caption\":\"Albirmuebles\"},\"image\":{\"@id\":\"https:\/\/albirmuebles.com\/#\/schema\/logo\/image\/\"},\"sameAs\":[\"https:\/\/www.facebook.com\/Albir-Muebles-217159521715557\/\",\"https:\/\/www.instagram.com\/albir.muebles\/\"]}]}<\/script>\n<!-- \/ Yoast SEO plugin. -->","yoast_head_json":{"title":"Silla de comedor George, pellini, espresso - Muebles Albir","robots":{"index":"index","follow":"follow","max-snippet":"max-snippet:-1","max-image-preview":"max-image-preview:large","max-video-preview":"max-video-preview:-1"},"canonical":"https:\/\/albirmuebles.com\/es\/producto\/silla-de-comedor-george-pellini-espresso\/","og_locale":"es_ES","og_type":"article","og_title":"Silla de comedor George, pellini, espresso - Muebles Albir","og_description":"Una silla de comedor donde se ha prestado una clara atenci\u00f3n a todos sus elementos. Eso resume mejor esta magn\u00edfica silla. El suave cuero pellini, las elegantes patas de madera de caucho y el respaldo acolchado muestran c\u00f3mo el fabricante de muebles hizo la silla con amor por su trabajo. Peso (kg) 9.001000 Ancho (cm) [&hellip;]","og_url":"https:\/\/albirmuebles.com\/es\/producto\/silla-de-comedor-george-pellini-espresso\/","og_site_name":"Muebles Albir","article_publisher":"https:\/\/www.facebook.com\/Albir-Muebles-217159521715557\/","og_image":[{"width":700,"height":700,"url":"https:\/\/albirmuebles.com\/wp-content\/uploads\/2021\/04\/3394008_20.jpg","type":"image\/jpeg"}],"twitter_card":"summary_large_image","twitter_misc":{"Tiempo de lectura":"1 minuto"},"schema":{"@context":"https:\/\/schema.org","@graph":[{"@type":"WebPage","@id":"https:\/\/albirmuebles.com\/es\/producto\/silla-de-comedor-george-pellini-espresso\/","url":"https:\/\/albirmuebles.com\/es\/producto\/silla-de-comedor-george-pellini-espresso\/","name":"Silla de comedor George, pellini, espresso - Muebles Albir","isPartOf":{"@id":"https:\/\/albirmuebles.com\/#website"},"primaryImageOfPage":{"@id":"https:\/\/albirmuebles.com\/es\/producto\/silla-de-comedor-george-pellini-espresso\/#primaryimage"},"image":{"@id":"https:\/\/albirmuebles.com\/es\/producto\/silla-de-comedor-george-pellini-espresso\/#primaryimage"},"thumbnailUrl":"https:\/\/e3vgfxkvpic.exactdn.com\/wp-content\/uploads\/2021\/04\/3394008_20.jpg?strip=all","datePublished":"2021-04-19T16:25:22+00:00","breadcrumb":{"@id":"https:\/\/albirmuebles.com\/es\/producto\/silla-de-comedor-george-pellini-espresso\/#breadcrumb"},"inLanguage":"es","potentialAction":[{"@type":"ReadAction","target":["https:\/\/albirmuebles.com\/es\/producto\/silla-de-comedor-george-pellini-espresso\/"]}]},{"@type":"ImageObject","inLanguage":"es","@id":"https:\/\/albirmuebles.com\/es\/producto\/silla-de-comedor-george-pellini-espresso\/#primaryimage","url":"https:\/\/e3vgfxkvpic.exactdn.com\/wp-content\/uploads\/2021\/04\/3394008_20.jpg?strip=all","contentUrl":"https:\/\/e3vgfxkvpic.exactdn.com\/wp-content\/uploads\/2021\/04\/3394008_20.jpg?strip=all","width":700,"height":700},{"@type":"BreadcrumbList","@id":"https:\/\/albirmuebles.com\/es\/producto\/silla-de-comedor-george-pellini-espresso\/#breadcrumb","itemListElement":[{"@type":"ListItem","position":1,"name":"Home","item":"https:\/\/albirmuebles.com\/es\/"},{"@type":"ListItem","position":2,"name":"Shop","item":"https:\/\/albirmuebles.com\/shop\/"},{"@type":"ListItem","position":3,"name":"Silla de comedor George, pellini, espresso"}]},{"@type":"WebSite","@id":"https:\/\/albirmuebles.com\/#website","url":"https:\/\/albirmuebles.com\/","name":"Muebles Albir","description":"Muebles Albir","publisher":{"@id":"https:\/\/albirmuebles.com\/#organization"},"potentialAction":[{"@type":"SearchAction","target":{"@type":"EntryPoint","urlTemplate":"https:\/\/albirmuebles.com\/?s={search_term_string}"},"query-input":{"@type":"PropertyValueSpecification","valueRequired":true,"valueName":"search_term_string"}}],"inLanguage":"es"},{"@type":"Organization","@id":"https:\/\/albirmuebles.com\/#organization","name":"Albirmuebles","url":"https:\/\/albirmuebles.com\/","logo":{"@type":"ImageObject","inLanguage":"es","@id":"https:\/\/albirmuebles.com\/#\/schema\/logo\/image\/","url":"https:\/\/albirmuebles.com\/wp-content\/uploads\/2020\/10\/logo_albir.png","contentUrl":"https:\/\/albirmuebles.com\/wp-content\/uploads\/2020\/10\/logo_albir.png","width":800,"height":235,"caption":"Albirmuebles"},"image":{"@id":"https:\/\/albirmuebles.com\/#\/schema\/logo\/image\/"},"sameAs":["https:\/\/www.facebook.com\/Albir-Muebles-217159521715557\/","https:\/\/www.instagram.com\/albir.muebles\/"]}]}},"_links":{"self":[{"href":"https:\/\/albirmuebles.com\/es\/wp-json\/wp\/v2\/product\/9583","targetHints":{"allow":["GET"]}}],"collection":[{"href":"https:\/\/albirmuebles.com\/es\/wp-json\/wp\/v2\/product"}],"about":[{"href":"https:\/\/albirmuebles.com\/es\/wp-json\/wp\/v2\/types\/product"}],"replies":[{"embeddable":true,"href":"https:\/\/albirmuebles.com\/es\/wp-json\/wp\/v2\/comments?post=9583"}],"version-history":[{"count":0,"href":"https:\/\/albirmuebles.com\/es\/wp-json\/wp\/v2\/product\/9583\/revisions"}],"wp:featuredmedia":[{"embeddable":true,"href":"https:\/\/albirmuebles.com\/es\/wp-json\/wp\/v2\/media\/9584"}],"wp:attachment":[{"href":"https:\/\/albirmuebles.com\/es\/wp-json\/wp\/v2\/media?parent=9583"}],"wp:term":[{"taxonomy":"product_cat","embeddable":true,"href":"https:\/\/albirmuebles.com\/es\/wp-json\/wp\/v2\/product_cat?post=9583"},{"taxonomy":"product_tag","embeddable":true,"href":"https:\/\/albirmuebles.com\/es\/wp-json\/wp\/v2\/product_tag?post=9583"}],"curies":[{"name":"wp","href":"https:\/\/api.w.org\/{rel}","templated":true}]}}