{"id":9572,"date":"2021-04-19T16:18:25","date_gmt":"2021-04-19T16:18:25","guid":{"rendered":"https:\/\/albirmuebles.com\/product\/silla-de-comedor-cape-breton-lino-lino\/"},"modified":"2021-04-19T16:18:25","modified_gmt":"2021-04-19T16:18:25","slug":"silla-de-comedor-cape-breton-lino-lino","status":"publish","type":"product","link":"https:\/\/albirmuebles.com\/es\/producto\/silla-de-comedor-cape-breton-lino-lino\/","title":{"rendered":"Silla de comedor Cape Breton, lino lino"},"content":{"rendered":"<p> C\u00f3moda silla de comedor acolchada de lino. El gancho en la parte posterior es \u00fatil para colgar un bolso de lujo para que no tenga que dejarlo en el suelo. Tambi\u00e9n disponible en diferentes colores y pellini. <\/p>\n<table id = \"producto-atributo-especificaciones-tabla\" class = \"tabla de datos atributos-adicionales\">\n<tbody>\n<tr>\n<th class = \"col label\" scope = \"row\"> Peso (kg) <\/th>\n<td class = \"col data\" data-th = \"Peso (kg)\"> 6.400000 <\/td>\n<\/tr>\n<tr>\n<th class = \"col label\" scope = \"row\"> Ancho (cm) <\/th>\n<td class = \"col data\" data-th = \"Ancho (cm)\"> 47 <\/td>\n<\/tr>\n<tr>\n<th class = \"col label\" scope = \"row\"> Altura (cm) <\/th>\n<td class = \"col data\" data-th = \"Altura (cm)\"> 96 <\/td>\n<\/tr>\n<tr>\n<th class = \"col label\" scope = \"row\"> Hecho a mano <\/th>\n<td class = \"col data\" data-th = \"Hecho a mano\"> No <\/td>\n<\/tr>\n<tr>\n<th class = \"col label\" scope = \"row\"> Material <\/th>\n<td class = \"col data\" data-th = \"Material\"> lino, madera de caucho <\/td>\n<\/tr>\n<tr>\n<th class = \"col label\" scope = \"row\"> Ancho \/ profundidad (cm) <\/th>\n<td class = \"col data\" data-th = \"Ancho \/ profundidad (cm)\"> 50 <\/td>\n<\/tr>\n<tr>\n<th class = \"col label\" scope = \"row\"> Profundidad (cm) <\/th>\n<td class = \"col data\" data-th = \"Profundidad (cm)\"> 50 <\/td>\n<\/tr>\n<tr>\n<th class = \"col label\" scope = \"row\"> Altura del tama\u00f1o inferior <\/th>\n<td class = \"col data\" data-th = \"Altura del tama\u00f1o inferior\"> 52 <\/td>\n<\/tr>\n<tr>\n<th class = \"col label\" scope = \"row\"> Cuidado <\/th>\n<td class = \"col data\" data-th = \"Care\"> Quite las manchas con cuidado a mano <\/td>\n<\/tr>\n<tr>\n<th class = \"col label\" scope = \"row\"> Familia <\/th>\n<td class = \"col data\" data-th = \"Familia\"> CapeBreton <\/td>\n<\/tr>\n<tr>\n<th class = \"col label\" scope = \"row\"> Martindale <\/th>\n<td class = \"col data\" data-th = \"Martindale\"> 40000 <\/td>\n<\/tr>\n<tr>\n<th class = \"col label\" scope = \"row\"> Ancho del asiento (cm) <\/th>\n<td class = \"col data\" data-th = \"Ancho del asiento (cm)\"> 47 <\/td>\n<\/tr>\n<tr>\n<th class = \"col label\" scope = \"row\"> Profundidad del asiento (cm) <\/th>\n<td class = \"col data\" data-th = \"Profundidad del asiento (cm)\"> 42 <\/td>\n<\/tr>\n<tr>\n<th class = \"col label\" scope = \"row\"> Altura del asiento (cm) <\/th>\n<td class = \"col data\" data-th = \"Altura del asiento (cm)\"> 52 <\/td>\n<\/tr>\n<\/tbody>\n<\/table>\n<p> &#038; nbsp; <\/p>\n","protected":false},"excerpt":{"rendered":"<p>C\u00f3moda silla de comedor acolchada de lino. El gancho en la parte posterior es \u00fatil para colgar un bolso de lujo para que no tenga que dejarlo en el suelo. Tambi\u00e9n disponible en diferentes colores y pellini. Peso (kg) 6.400000 Ancho (cm) 47 Altura (cm) 96 Hecho a mano No Material lino, madera de caucho [&hellip;]<\/p>\n","protected":false},"featured_media":9573,"comment_status":"closed","ping_status":"closed","template":"","meta":[],"product_cat":[169],"product_tag":[],"class_list":["post-9572","product","type-product","status-publish","has-post-thumbnail","hentry","product_cat-riviera-maison-silla-es"],"yoast_head":"<!-- This site is optimized with the Yoast SEO plugin v26.7 - https:\/\/yoast.com\/wordpress\/plugins\/seo\/ -->\n<title>Silla de comedor Cape Breton, lino lino - Muebles Albir<\/title>\n<meta name=\"robots\" content=\"index, follow, max-snippet:-1, max-image-preview:large, max-video-preview:-1\" \/>\n<link rel=\"canonical\" href=\"https:\/\/albirmuebles.com\/es\/producto\/silla-de-comedor-cape-breton-lino-lino\/\" \/>\n<meta property=\"og:locale\" content=\"es_ES\" \/>\n<meta property=\"og:type\" content=\"article\" \/>\n<meta property=\"og:title\" content=\"Silla de comedor Cape Breton, lino lino - Muebles Albir\" \/>\n<meta property=\"og:description\" content=\"C\u00f3moda silla de comedor acolchada de lino. El gancho en la parte posterior es \u00fatil para colgar un bolso de lujo para que no tenga que dejarlo en el suelo. Tambi\u00e9n disponible en diferentes colores y pellini. Peso (kg) 6.400000 Ancho (cm) 47 Altura (cm) 96 Hecho a mano No Material lino, madera de caucho [&hellip;]\" \/>\n<meta property=\"og:url\" content=\"https:\/\/albirmuebles.com\/es\/producto\/silla-de-comedor-cape-breton-lino-lino\/\" \/>\n<meta property=\"og:site_name\" content=\"Muebles Albir\" \/>\n<meta property=\"article:publisher\" content=\"https:\/\/www.facebook.com\/Albir-Muebles-217159521715557\/\" \/>\n<meta property=\"og:image\" content=\"https:\/\/albirmuebles.com\/wp-content\/uploads\/2021\/04\/3364006_22.jpg\" \/>\n\t<meta property=\"og:image:width\" content=\"700\" \/>\n\t<meta property=\"og:image:height\" content=\"700\" \/>\n\t<meta property=\"og:image:type\" content=\"image\/jpeg\" \/>\n<meta name=\"twitter:card\" content=\"summary_large_image\" \/>\n<script type=\"application\/ld+json\" class=\"yoast-schema-graph\">{\"@context\":\"https:\/\/schema.org\",\"@graph\":[{\"@type\":\"WebPage\",\"@id\":\"https:\/\/albirmuebles.com\/es\/producto\/silla-de-comedor-cape-breton-lino-lino\/\",\"url\":\"https:\/\/albirmuebles.com\/es\/producto\/silla-de-comedor-cape-breton-lino-lino\/\",\"name\":\"Silla de comedor Cape Breton, lino lino - Muebles Albir\",\"isPartOf\":{\"@id\":\"https:\/\/albirmuebles.com\/#website\"},\"primaryImageOfPage\":{\"@id\":\"https:\/\/albirmuebles.com\/es\/producto\/silla-de-comedor-cape-breton-lino-lino\/#primaryimage\"},\"image\":{\"@id\":\"https:\/\/albirmuebles.com\/es\/producto\/silla-de-comedor-cape-breton-lino-lino\/#primaryimage\"},\"thumbnailUrl\":\"https:\/\/e3vgfxkvpic.exactdn.com\/wp-content\/uploads\/2021\/04\/3364006_22.jpg?strip=all\",\"datePublished\":\"2021-04-19T16:18:25+00:00\",\"breadcrumb\":{\"@id\":\"https:\/\/albirmuebles.com\/es\/producto\/silla-de-comedor-cape-breton-lino-lino\/#breadcrumb\"},\"inLanguage\":\"es\",\"potentialAction\":[{\"@type\":\"ReadAction\",\"target\":[\"https:\/\/albirmuebles.com\/es\/producto\/silla-de-comedor-cape-breton-lino-lino\/\"]}]},{\"@type\":\"ImageObject\",\"inLanguage\":\"es\",\"@id\":\"https:\/\/albirmuebles.com\/es\/producto\/silla-de-comedor-cape-breton-lino-lino\/#primaryimage\",\"url\":\"https:\/\/e3vgfxkvpic.exactdn.com\/wp-content\/uploads\/2021\/04\/3364006_22.jpg?strip=all\",\"contentUrl\":\"https:\/\/e3vgfxkvpic.exactdn.com\/wp-content\/uploads\/2021\/04\/3364006_22.jpg?strip=all\",\"width\":700,\"height\":700},{\"@type\":\"BreadcrumbList\",\"@id\":\"https:\/\/albirmuebles.com\/es\/producto\/silla-de-comedor-cape-breton-lino-lino\/#breadcrumb\",\"itemListElement\":[{\"@type\":\"ListItem\",\"position\":1,\"name\":\"Home\",\"item\":\"https:\/\/albirmuebles.com\/es\/\"},{\"@type\":\"ListItem\",\"position\":2,\"name\":\"Shop\",\"item\":\"https:\/\/albirmuebles.com\/shop\/\"},{\"@type\":\"ListItem\",\"position\":3,\"name\":\"Silla de comedor Cape Breton, lino lino\"}]},{\"@type\":\"WebSite\",\"@id\":\"https:\/\/albirmuebles.com\/#website\",\"url\":\"https:\/\/albirmuebles.com\/\",\"name\":\"Muebles Albir\",\"description\":\"Muebles Albir\",\"publisher\":{\"@id\":\"https:\/\/albirmuebles.com\/#organization\"},\"potentialAction\":[{\"@type\":\"SearchAction\",\"target\":{\"@type\":\"EntryPoint\",\"urlTemplate\":\"https:\/\/albirmuebles.com\/?s={search_term_string}\"},\"query-input\":{\"@type\":\"PropertyValueSpecification\",\"valueRequired\":true,\"valueName\":\"search_term_string\"}}],\"inLanguage\":\"es\"},{\"@type\":\"Organization\",\"@id\":\"https:\/\/albirmuebles.com\/#organization\",\"name\":\"Albirmuebles\",\"url\":\"https:\/\/albirmuebles.com\/\",\"logo\":{\"@type\":\"ImageObject\",\"inLanguage\":\"es\",\"@id\":\"https:\/\/albirmuebles.com\/#\/schema\/logo\/image\/\",\"url\":\"https:\/\/albirmuebles.com\/wp-content\/uploads\/2020\/10\/logo_albir.png\",\"contentUrl\":\"https:\/\/albirmuebles.com\/wp-content\/uploads\/2020\/10\/logo_albir.png\",\"width\":800,\"height\":235,\"caption\":\"Albirmuebles\"},\"image\":{\"@id\":\"https:\/\/albirmuebles.com\/#\/schema\/logo\/image\/\"},\"sameAs\":[\"https:\/\/www.facebook.com\/Albir-Muebles-217159521715557\/\",\"https:\/\/www.instagram.com\/albir.muebles\/\"]}]}<\/script>\n<!-- \/ Yoast SEO plugin. -->","yoast_head_json":{"title":"Silla de comedor Cape Breton, lino lino - Muebles Albir","robots":{"index":"index","follow":"follow","max-snippet":"max-snippet:-1","max-image-preview":"max-image-preview:large","max-video-preview":"max-video-preview:-1"},"canonical":"https:\/\/albirmuebles.com\/es\/producto\/silla-de-comedor-cape-breton-lino-lino\/","og_locale":"es_ES","og_type":"article","og_title":"Silla de comedor Cape Breton, lino lino - Muebles Albir","og_description":"C\u00f3moda silla de comedor acolchada de lino. El gancho en la parte posterior es \u00fatil para colgar un bolso de lujo para que no tenga que dejarlo en el suelo. Tambi\u00e9n disponible en diferentes colores y pellini. Peso (kg) 6.400000 Ancho (cm) 47 Altura (cm) 96 Hecho a mano No Material lino, madera de caucho [&hellip;]","og_url":"https:\/\/albirmuebles.com\/es\/producto\/silla-de-comedor-cape-breton-lino-lino\/","og_site_name":"Muebles Albir","article_publisher":"https:\/\/www.facebook.com\/Albir-Muebles-217159521715557\/","og_image":[{"width":700,"height":700,"url":"https:\/\/albirmuebles.com\/wp-content\/uploads\/2021\/04\/3364006_22.jpg","type":"image\/jpeg"}],"twitter_card":"summary_large_image","schema":{"@context":"https:\/\/schema.org","@graph":[{"@type":"WebPage","@id":"https:\/\/albirmuebles.com\/es\/producto\/silla-de-comedor-cape-breton-lino-lino\/","url":"https:\/\/albirmuebles.com\/es\/producto\/silla-de-comedor-cape-breton-lino-lino\/","name":"Silla de comedor Cape Breton, lino lino - Muebles Albir","isPartOf":{"@id":"https:\/\/albirmuebles.com\/#website"},"primaryImageOfPage":{"@id":"https:\/\/albirmuebles.com\/es\/producto\/silla-de-comedor-cape-breton-lino-lino\/#primaryimage"},"image":{"@id":"https:\/\/albirmuebles.com\/es\/producto\/silla-de-comedor-cape-breton-lino-lino\/#primaryimage"},"thumbnailUrl":"https:\/\/e3vgfxkvpic.exactdn.com\/wp-content\/uploads\/2021\/04\/3364006_22.jpg?strip=all","datePublished":"2021-04-19T16:18:25+00:00","breadcrumb":{"@id":"https:\/\/albirmuebles.com\/es\/producto\/silla-de-comedor-cape-breton-lino-lino\/#breadcrumb"},"inLanguage":"es","potentialAction":[{"@type":"ReadAction","target":["https:\/\/albirmuebles.com\/es\/producto\/silla-de-comedor-cape-breton-lino-lino\/"]}]},{"@type":"ImageObject","inLanguage":"es","@id":"https:\/\/albirmuebles.com\/es\/producto\/silla-de-comedor-cape-breton-lino-lino\/#primaryimage","url":"https:\/\/e3vgfxkvpic.exactdn.com\/wp-content\/uploads\/2021\/04\/3364006_22.jpg?strip=all","contentUrl":"https:\/\/e3vgfxkvpic.exactdn.com\/wp-content\/uploads\/2021\/04\/3364006_22.jpg?strip=all","width":700,"height":700},{"@type":"BreadcrumbList","@id":"https:\/\/albirmuebles.com\/es\/producto\/silla-de-comedor-cape-breton-lino-lino\/#breadcrumb","itemListElement":[{"@type":"ListItem","position":1,"name":"Home","item":"https:\/\/albirmuebles.com\/es\/"},{"@type":"ListItem","position":2,"name":"Shop","item":"https:\/\/albirmuebles.com\/shop\/"},{"@type":"ListItem","position":3,"name":"Silla de comedor Cape Breton, lino lino"}]},{"@type":"WebSite","@id":"https:\/\/albirmuebles.com\/#website","url":"https:\/\/albirmuebles.com\/","name":"Muebles Albir","description":"Muebles Albir","publisher":{"@id":"https:\/\/albirmuebles.com\/#organization"},"potentialAction":[{"@type":"SearchAction","target":{"@type":"EntryPoint","urlTemplate":"https:\/\/albirmuebles.com\/?s={search_term_string}"},"query-input":{"@type":"PropertyValueSpecification","valueRequired":true,"valueName":"search_term_string"}}],"inLanguage":"es"},{"@type":"Organization","@id":"https:\/\/albirmuebles.com\/#organization","name":"Albirmuebles","url":"https:\/\/albirmuebles.com\/","logo":{"@type":"ImageObject","inLanguage":"es","@id":"https:\/\/albirmuebles.com\/#\/schema\/logo\/image\/","url":"https:\/\/albirmuebles.com\/wp-content\/uploads\/2020\/10\/logo_albir.png","contentUrl":"https:\/\/albirmuebles.com\/wp-content\/uploads\/2020\/10\/logo_albir.png","width":800,"height":235,"caption":"Albirmuebles"},"image":{"@id":"https:\/\/albirmuebles.com\/#\/schema\/logo\/image\/"},"sameAs":["https:\/\/www.facebook.com\/Albir-Muebles-217159521715557\/","https:\/\/www.instagram.com\/albir.muebles\/"]}]}},"_links":{"self":[{"href":"https:\/\/albirmuebles.com\/es\/wp-json\/wp\/v2\/product\/9572","targetHints":{"allow":["GET"]}}],"collection":[{"href":"https:\/\/albirmuebles.com\/es\/wp-json\/wp\/v2\/product"}],"about":[{"href":"https:\/\/albirmuebles.com\/es\/wp-json\/wp\/v2\/types\/product"}],"replies":[{"embeddable":true,"href":"https:\/\/albirmuebles.com\/es\/wp-json\/wp\/v2\/comments?post=9572"}],"version-history":[{"count":0,"href":"https:\/\/albirmuebles.com\/es\/wp-json\/wp\/v2\/product\/9572\/revisions"}],"wp:featuredmedia":[{"embeddable":true,"href":"https:\/\/albirmuebles.com\/es\/wp-json\/wp\/v2\/media\/9573"}],"wp:attachment":[{"href":"https:\/\/albirmuebles.com\/es\/wp-json\/wp\/v2\/media?parent=9572"}],"wp:term":[{"taxonomy":"product_cat","embeddable":true,"href":"https:\/\/albirmuebles.com\/es\/wp-json\/wp\/v2\/product_cat?post=9572"},{"taxonomy":"product_tag","embeddable":true,"href":"https:\/\/albirmuebles.com\/es\/wp-json\/wp\/v2\/product_tag?post=9572"}],"curies":[{"name":"wp","href":"https:\/\/api.w.org\/{rel}","templated":true}]}}