{"id":9462,"date":"2021-03-10T10:49:46","date_gmt":"2021-03-10T10:49:46","guid":{"rendered":"https:\/\/albirmuebles.com\/product\/trill-bistrot\/"},"modified":"2021-03-10T10:49:46","modified_gmt":"2021-03-10T10:49:46","slug":"trill-bistrot","status":"publish","type":"product","link":"https:\/\/albirmuebles.com\/es\/producto\/trill-bistrot\/","title":{"rendered":"Trill Bistrot"},"content":{"rendered":"<p> Silla sin brazos de resina de fibra de vidrio con un aspecto armoniosamente escultural expresado por un dise\u00f1o atemporal. Tambi\u00e9n propuesto para el interior con un coj\u00edn realizado con un sistema de termoformado y tela pegada y cortada sin terminar. <\/p>\n<div class = \"col-xs-12 col-sm-10 col-sm-offset-1\">\n<h3 class = \"title font-dim2-bold\"> <strong> Colores disponibles <\/strong> <\/h3>\n<ul class = \"lista-de-opciones\">\n<li> <img title = \"grigio\" src = \"https:\/\/www.nardioutdoor.com\/media\/formato2\/img_3309.svg\" alt = \"grigio\" \/> <\/li>\n<li> <img title = \"ramo de rosas\" src = \"https:\/\/www.nardioutdoor.com\/media\/formato2\/img_3691.svg\" alt = \"ramo de rosas\" \/> <\/li>\n<li> <img title = \"bianco\" src = \"https:\/\/www.nardioutdoor.com\/media\/formato2\/img_582.svg\" alt = \"bianco\" \/> <\/li>\n<li> <img title = \"antracita\" src = \"https:\/\/www.nardioutdoor.com\/media\/formato2\/img_583.svg\" alt = \"antracita\" \/> <\/li>\n<li> <img title = \"tortora\" src = \"https:\/\/www.nardioutdoor.com\/media\/formato2\/img_584.svg\" alt = \"tortora\" \/> <\/li>\n<li> <img title = \"agave\" src = \"https:\/\/www.nardioutdoor.com\/media\/formato2\/img_585.svg\" alt = \"agave\" \/> <\/li>\n<li> <img title = \"ottanio\" src = \"https:\/\/www.nardioutdoor.com\/media\/formato2\/img_586.svg\" alt = \"ottanio\" \/> <\/li>\n<li> <img title = \"tabacco\" src = \"https:\/\/www.nardioutdoor.com\/media\/formato2\/img_587.svg\" alt = \"tabacco\" \/> <\/li>\n<li> <img title = \"senape\" src = \"https:\/\/www.nardioutdoor.com\/media\/formato2\/img_588.svg\" alt = \"senape\" \/> <\/li>\n<\/ul>\n<\/div>\n<div class = \"col-xs-12 col-sm-10 col-sm-offset-1\">\n<h3 class = \"title font-dim2-bold\"> <strong> Detalles t\u00e9cnicos <\/strong> <\/h3>\n<\/div>\n<div class = \"col-xs-12 col-sm-10 col-sm-offset-1 col-md-4\">\n<div class = \"description font-dim1-book index-me\"> Silla monobloque sin brazos. Fibra de vidrio de polipropileno tratado anti-UV y te\u00f1ido en masa. Efecto mate. Con tapones antideslizantes. Resina reciclable. <\/div>\n<\/div>\n","protected":false},"excerpt":{"rendered":"<p>Silla sin brazos de resina de fibra de vidrio con un aspecto armoniosamente escultural expresado por un dise\u00f1o atemporal. Tambi\u00e9n propuesto para el interior con un coj\u00edn realizado con un sistema de termoformado y tela pegada y cortada sin terminar. Colores disponibles Detalles t\u00e9cnicos Silla monobloque sin brazos. Fibra de vidrio de polipropileno tratado anti-UV [&hellip;]<\/p>\n","protected":false},"featured_media":9467,"comment_status":"closed","ping_status":"closed","template":"","meta":[],"product_cat":[165],"product_tag":[],"class_list":["post-9462","product","type-product","status-publish","has-post-thumbnail","hentry","product_cat-jardin"],"yoast_head":"<!-- This site is optimized with the Yoast SEO plugin v26.7 - https:\/\/yoast.com\/wordpress\/plugins\/seo\/ -->\n<title>Trill Bistrot - Muebles Albir<\/title>\n<meta name=\"robots\" content=\"index, follow, max-snippet:-1, max-image-preview:large, max-video-preview:-1\" \/>\n<link rel=\"canonical\" href=\"https:\/\/albirmuebles.com\/es\/producto\/trill-bistrot\/\" \/>\n<meta property=\"og:locale\" content=\"es_ES\" \/>\n<meta property=\"og:type\" content=\"article\" \/>\n<meta property=\"og:title\" content=\"Trill Bistrot - Muebles Albir\" \/>\n<meta property=\"og:description\" content=\"Silla sin brazos de resina de fibra de vidrio con un aspecto armoniosamente escultural expresado por un dise\u00f1o atemporal. Tambi\u00e9n propuesto para el interior con un coj\u00edn realizado con un sistema de termoformado y tela pegada y cortada sin terminar. Colores disponibles Detalles t\u00e9cnicos Silla monobloque sin brazos. Fibra de vidrio de polipropileno tratado anti-UV [&hellip;]\" \/>\n<meta property=\"og:url\" content=\"https:\/\/albirmuebles.com\/es\/producto\/trill-bistrot\/\" \/>\n<meta property=\"og:site_name\" content=\"Muebles Albir\" \/>\n<meta property=\"article:publisher\" content=\"https:\/\/www.facebook.com\/Albir-Muebles-217159521715557\/\" \/>\n<meta property=\"og:image\" content=\"https:\/\/albirmuebles.com\/wp-content\/uploads\/2021\/03\/img_5406.jpg\" \/>\n\t<meta property=\"og:image:width\" content=\"1200\" \/>\n\t<meta property=\"og:image:height\" content=\"1200\" \/>\n\t<meta property=\"og:image:type\" content=\"image\/jpeg\" \/>\n<meta name=\"twitter:card\" content=\"summary_large_image\" \/>\n<script type=\"application\/ld+json\" class=\"yoast-schema-graph\">{\"@context\":\"https:\/\/schema.org\",\"@graph\":[{\"@type\":\"WebPage\",\"@id\":\"https:\/\/albirmuebles.com\/es\/producto\/trill-bistrot\/\",\"url\":\"https:\/\/albirmuebles.com\/es\/producto\/trill-bistrot\/\",\"name\":\"Trill Bistrot - Muebles Albir\",\"isPartOf\":{\"@id\":\"https:\/\/albirmuebles.com\/#website\"},\"primaryImageOfPage\":{\"@id\":\"https:\/\/albirmuebles.com\/es\/producto\/trill-bistrot\/#primaryimage\"},\"image\":{\"@id\":\"https:\/\/albirmuebles.com\/es\/producto\/trill-bistrot\/#primaryimage\"},\"thumbnailUrl\":\"https:\/\/e3vgfxkvpic.exactdn.com\/wp-content\/uploads\/2021\/03\/img_5406.jpg?strip=all\",\"datePublished\":\"2021-03-10T10:49:46+00:00\",\"breadcrumb\":{\"@id\":\"https:\/\/albirmuebles.com\/es\/producto\/trill-bistrot\/#breadcrumb\"},\"inLanguage\":\"es\",\"potentialAction\":[{\"@type\":\"ReadAction\",\"target\":[\"https:\/\/albirmuebles.com\/es\/producto\/trill-bistrot\/\"]}]},{\"@type\":\"ImageObject\",\"inLanguage\":\"es\",\"@id\":\"https:\/\/albirmuebles.com\/es\/producto\/trill-bistrot\/#primaryimage\",\"url\":\"https:\/\/e3vgfxkvpic.exactdn.com\/wp-content\/uploads\/2021\/03\/img_5406.jpg?strip=all\",\"contentUrl\":\"https:\/\/e3vgfxkvpic.exactdn.com\/wp-content\/uploads\/2021\/03\/img_5406.jpg?strip=all\",\"width\":1200,\"height\":1200},{\"@type\":\"BreadcrumbList\",\"@id\":\"https:\/\/albirmuebles.com\/es\/producto\/trill-bistrot\/#breadcrumb\",\"itemListElement\":[{\"@type\":\"ListItem\",\"position\":1,\"name\":\"Home\",\"item\":\"https:\/\/albirmuebles.com\/es\/\"},{\"@type\":\"ListItem\",\"position\":2,\"name\":\"Shop\",\"item\":\"https:\/\/albirmuebles.com\/shop\/\"},{\"@type\":\"ListItem\",\"position\":3,\"name\":\"Trill Bistrot\"}]},{\"@type\":\"WebSite\",\"@id\":\"https:\/\/albirmuebles.com\/#website\",\"url\":\"https:\/\/albirmuebles.com\/\",\"name\":\"Muebles Albir\",\"description\":\"Muebles Albir\",\"publisher\":{\"@id\":\"https:\/\/albirmuebles.com\/#organization\"},\"potentialAction\":[{\"@type\":\"SearchAction\",\"target\":{\"@type\":\"EntryPoint\",\"urlTemplate\":\"https:\/\/albirmuebles.com\/?s={search_term_string}\"},\"query-input\":{\"@type\":\"PropertyValueSpecification\",\"valueRequired\":true,\"valueName\":\"search_term_string\"}}],\"inLanguage\":\"es\"},{\"@type\":\"Organization\",\"@id\":\"https:\/\/albirmuebles.com\/#organization\",\"name\":\"Albirmuebles\",\"url\":\"https:\/\/albirmuebles.com\/\",\"logo\":{\"@type\":\"ImageObject\",\"inLanguage\":\"es\",\"@id\":\"https:\/\/albirmuebles.com\/#\/schema\/logo\/image\/\",\"url\":\"https:\/\/albirmuebles.com\/wp-content\/uploads\/2020\/10\/logo_albir.png\",\"contentUrl\":\"https:\/\/albirmuebles.com\/wp-content\/uploads\/2020\/10\/logo_albir.png\",\"width\":800,\"height\":235,\"caption\":\"Albirmuebles\"},\"image\":{\"@id\":\"https:\/\/albirmuebles.com\/#\/schema\/logo\/image\/\"},\"sameAs\":[\"https:\/\/www.facebook.com\/Albir-Muebles-217159521715557\/\",\"https:\/\/www.instagram.com\/albir.muebles\/\"]}]}<\/script>\n<!-- \/ Yoast SEO plugin. -->","yoast_head_json":{"title":"Trill Bistrot - Muebles Albir","robots":{"index":"index","follow":"follow","max-snippet":"max-snippet:-1","max-image-preview":"max-image-preview:large","max-video-preview":"max-video-preview:-1"},"canonical":"https:\/\/albirmuebles.com\/es\/producto\/trill-bistrot\/","og_locale":"es_ES","og_type":"article","og_title":"Trill Bistrot - Muebles Albir","og_description":"Silla sin brazos de resina de fibra de vidrio con un aspecto armoniosamente escultural expresado por un dise\u00f1o atemporal. Tambi\u00e9n propuesto para el interior con un coj\u00edn realizado con un sistema de termoformado y tela pegada y cortada sin terminar. Colores disponibles Detalles t\u00e9cnicos Silla monobloque sin brazos. Fibra de vidrio de polipropileno tratado anti-UV [&hellip;]","og_url":"https:\/\/albirmuebles.com\/es\/producto\/trill-bistrot\/","og_site_name":"Muebles Albir","article_publisher":"https:\/\/www.facebook.com\/Albir-Muebles-217159521715557\/","og_image":[{"width":1200,"height":1200,"url":"https:\/\/albirmuebles.com\/wp-content\/uploads\/2021\/03\/img_5406.jpg","type":"image\/jpeg"}],"twitter_card":"summary_large_image","schema":{"@context":"https:\/\/schema.org","@graph":[{"@type":"WebPage","@id":"https:\/\/albirmuebles.com\/es\/producto\/trill-bistrot\/","url":"https:\/\/albirmuebles.com\/es\/producto\/trill-bistrot\/","name":"Trill Bistrot - Muebles Albir","isPartOf":{"@id":"https:\/\/albirmuebles.com\/#website"},"primaryImageOfPage":{"@id":"https:\/\/albirmuebles.com\/es\/producto\/trill-bistrot\/#primaryimage"},"image":{"@id":"https:\/\/albirmuebles.com\/es\/producto\/trill-bistrot\/#primaryimage"},"thumbnailUrl":"https:\/\/e3vgfxkvpic.exactdn.com\/wp-content\/uploads\/2021\/03\/img_5406.jpg?strip=all","datePublished":"2021-03-10T10:49:46+00:00","breadcrumb":{"@id":"https:\/\/albirmuebles.com\/es\/producto\/trill-bistrot\/#breadcrumb"},"inLanguage":"es","potentialAction":[{"@type":"ReadAction","target":["https:\/\/albirmuebles.com\/es\/producto\/trill-bistrot\/"]}]},{"@type":"ImageObject","inLanguage":"es","@id":"https:\/\/albirmuebles.com\/es\/producto\/trill-bistrot\/#primaryimage","url":"https:\/\/e3vgfxkvpic.exactdn.com\/wp-content\/uploads\/2021\/03\/img_5406.jpg?strip=all","contentUrl":"https:\/\/e3vgfxkvpic.exactdn.com\/wp-content\/uploads\/2021\/03\/img_5406.jpg?strip=all","width":1200,"height":1200},{"@type":"BreadcrumbList","@id":"https:\/\/albirmuebles.com\/es\/producto\/trill-bistrot\/#breadcrumb","itemListElement":[{"@type":"ListItem","position":1,"name":"Home","item":"https:\/\/albirmuebles.com\/es\/"},{"@type":"ListItem","position":2,"name":"Shop","item":"https:\/\/albirmuebles.com\/shop\/"},{"@type":"ListItem","position":3,"name":"Trill Bistrot"}]},{"@type":"WebSite","@id":"https:\/\/albirmuebles.com\/#website","url":"https:\/\/albirmuebles.com\/","name":"Muebles Albir","description":"Muebles Albir","publisher":{"@id":"https:\/\/albirmuebles.com\/#organization"},"potentialAction":[{"@type":"SearchAction","target":{"@type":"EntryPoint","urlTemplate":"https:\/\/albirmuebles.com\/?s={search_term_string}"},"query-input":{"@type":"PropertyValueSpecification","valueRequired":true,"valueName":"search_term_string"}}],"inLanguage":"es"},{"@type":"Organization","@id":"https:\/\/albirmuebles.com\/#organization","name":"Albirmuebles","url":"https:\/\/albirmuebles.com\/","logo":{"@type":"ImageObject","inLanguage":"es","@id":"https:\/\/albirmuebles.com\/#\/schema\/logo\/image\/","url":"https:\/\/albirmuebles.com\/wp-content\/uploads\/2020\/10\/logo_albir.png","contentUrl":"https:\/\/albirmuebles.com\/wp-content\/uploads\/2020\/10\/logo_albir.png","width":800,"height":235,"caption":"Albirmuebles"},"image":{"@id":"https:\/\/albirmuebles.com\/#\/schema\/logo\/image\/"},"sameAs":["https:\/\/www.facebook.com\/Albir-Muebles-217159521715557\/","https:\/\/www.instagram.com\/albir.muebles\/"]}]}},"_links":{"self":[{"href":"https:\/\/albirmuebles.com\/es\/wp-json\/wp\/v2\/product\/9462","targetHints":{"allow":["GET"]}}],"collection":[{"href":"https:\/\/albirmuebles.com\/es\/wp-json\/wp\/v2\/product"}],"about":[{"href":"https:\/\/albirmuebles.com\/es\/wp-json\/wp\/v2\/types\/product"}],"replies":[{"embeddable":true,"href":"https:\/\/albirmuebles.com\/es\/wp-json\/wp\/v2\/comments?post=9462"}],"version-history":[{"count":0,"href":"https:\/\/albirmuebles.com\/es\/wp-json\/wp\/v2\/product\/9462\/revisions"}],"wp:featuredmedia":[{"embeddable":true,"href":"https:\/\/albirmuebles.com\/es\/wp-json\/wp\/v2\/media\/9467"}],"wp:attachment":[{"href":"https:\/\/albirmuebles.com\/es\/wp-json\/wp\/v2\/media?parent=9462"}],"wp:term":[{"taxonomy":"product_cat","embeddable":true,"href":"https:\/\/albirmuebles.com\/es\/wp-json\/wp\/v2\/product_cat?post=9462"},{"taxonomy":"product_tag","embeddable":true,"href":"https:\/\/albirmuebles.com\/es\/wp-json\/wp\/v2\/product_tag?post=9462"}],"curies":[{"name":"wp","href":"https:\/\/api.w.org\/{rel}","templated":true}]}}