{"id":9446,"date":"2021-03-11T12:39:43","date_gmt":"2021-03-11T12:39:43","guid":{"rendered":"https:\/\/albirmuebles.com\/product\/rio-alu-140-ext\/"},"modified":"2021-03-11T12:39:43","modified_gmt":"2021-03-11T12:39:43","slug":"rio-alu-140-ext","status":"publish","type":"product","link":"https:\/\/albirmuebles.com\/es\/producto\/rio-alu-140-ext\/","title":{"rendered":"Rio Alu 140 Ext."},"content":{"rendered":"<div class = \"col-xs-12 col-sm-10 col-sm-offset-1 col-md-4 col-md-offset-0 col-lg-5 font-dim1-book truncatedIntro\">\n<p> &#038; nbsp; <\/p>\n<div class = \"col-xs-12 col-sm-10 col-sm-offset-1 col-md-4 col-md-offset-0 col-lg-5 font-dim1-book intro index-me\"> Mesa extensible con detalles arquitect\u00f3nicos y destacada personalidad. Superficie con duelas de aluminio pintado ligeramente rayado y estructura tambi\u00e9n en aluminio pintado. Propuesta en dos tama\u00f1os para satisfacer diferentes necesidades de espacio. <\/div>\n<div>\n<div class = \"col-xs-12 col-sm-10 col-sm-offset-1\">\n<h3 class = \"title font-dim2-bold\"> <strong> Detalles t\u00e9cnicos <\/strong> <\/h3>\n<\/div>\n<div class = \"col-xs-12 col-sm-10 col-sm-offset-1 col-md-4\">\n<div class = \"descripci\u00f3n font-dim1-book index-me\">\n<p> Mesa extensible. Estructura y tapa en aluminio pintado. Tacos ajustables. 140 &#8211; 210 x 85 x 75h cm. <\/p>\n<p> RIO ALU cuenta con un sistema de alargamiento patentado que permite mover la estructura manteniendo las patas siempre al final de la mesa, eliminando as\u00ed la desagradable incomodidad de las dimensiones de los soportes. La mesa ha sido dise\u00f1ada con un perfecto sistema de acople r\u00e1pido de las extensiones: una vez alargada, RIO es en todos los aspectos una mesa larga fija sin ning\u00fan problema est\u00e9tico ni obst\u00e1culo. <\/p>\n<\/div>\n<\/div>\n<\/div>\n<\/div>\n","protected":false},"excerpt":{"rendered":"<p>&#038; nbsp; Mesa extensible con detalles arquitect\u00f3nicos y destacada personalidad. Superficie con duelas de aluminio pintado ligeramente rayado y estructura tambi\u00e9n en aluminio pintado. Propuesta en dos tama\u00f1os para satisfacer diferentes necesidades de espacio. Detalles t\u00e9cnicos Mesa extensible. Estructura y tapa en aluminio pintado. Tacos ajustables. 140 &#8211; 210 x 85 x 75h cm. RIO [&hellip;]<\/p>\n","protected":false},"featured_media":9447,"comment_status":"closed","ping_status":"closed","template":"","meta":[],"product_cat":[165],"product_tag":[],"class_list":["post-9446","product","type-product","status-publish","has-post-thumbnail","hentry","product_cat-jardin"],"yoast_head":"<!-- This site is optimized with the Yoast SEO plugin v26.7 - https:\/\/yoast.com\/wordpress\/plugins\/seo\/ -->\n<title>Rio Alu 140 Ext. - Muebles Albir<\/title>\n<meta name=\"robots\" content=\"index, follow, max-snippet:-1, max-image-preview:large, max-video-preview:-1\" \/>\n<link rel=\"canonical\" href=\"https:\/\/albirmuebles.com\/es\/producto\/rio-alu-140-ext\/\" \/>\n<meta property=\"og:locale\" content=\"es_ES\" \/>\n<meta property=\"og:type\" content=\"article\" \/>\n<meta property=\"og:title\" content=\"Rio Alu 140 Ext. - Muebles Albir\" \/>\n<meta property=\"og:description\" content=\"&#038; nbsp; Mesa extensible con detalles arquitect\u00f3nicos y destacada personalidad. Superficie con duelas de aluminio pintado ligeramente rayado y estructura tambi\u00e9n en aluminio pintado. Propuesta en dos tama\u00f1os para satisfacer diferentes necesidades de espacio. Detalles t\u00e9cnicos Mesa extensible. Estructura y tapa en aluminio pintado. Tacos ajustables. 140 &#8211; 210 x 85 x 75h cm. RIO [&hellip;]\" \/>\n<meta property=\"og:url\" content=\"https:\/\/albirmuebles.com\/es\/producto\/rio-alu-140-ext\/\" \/>\n<meta property=\"og:site_name\" content=\"Muebles Albir\" \/>\n<meta property=\"article:publisher\" content=\"https:\/\/www.facebook.com\/Albir-Muebles-217159521715557\/\" \/>\n<meta property=\"og:image\" content=\"https:\/\/albirmuebles.com\/wp-content\/uploads\/2021\/03\/img_2822.jpg\" \/>\n\t<meta property=\"og:image:width\" content=\"1500\" \/>\n\t<meta property=\"og:image:height\" content=\"900\" \/>\n\t<meta property=\"og:image:type\" content=\"image\/jpeg\" \/>\n<meta name=\"twitter:card\" content=\"summary_large_image\" \/>\n<meta name=\"twitter:label1\" content=\"Tiempo de lectura\" \/>\n\t<meta name=\"twitter:data1\" content=\"1 minuto\" \/>\n<script type=\"application\/ld+json\" class=\"yoast-schema-graph\">{\"@context\":\"https:\/\/schema.org\",\"@graph\":[{\"@type\":\"WebPage\",\"@id\":\"https:\/\/albirmuebles.com\/es\/producto\/rio-alu-140-ext\/\",\"url\":\"https:\/\/albirmuebles.com\/es\/producto\/rio-alu-140-ext\/\",\"name\":\"Rio Alu 140 Ext. - Muebles Albir\",\"isPartOf\":{\"@id\":\"https:\/\/albirmuebles.com\/#website\"},\"primaryImageOfPage\":{\"@id\":\"https:\/\/albirmuebles.com\/es\/producto\/rio-alu-140-ext\/#primaryimage\"},\"image\":{\"@id\":\"https:\/\/albirmuebles.com\/es\/producto\/rio-alu-140-ext\/#primaryimage\"},\"thumbnailUrl\":\"https:\/\/e3vgfxkvpic.exactdn.com\/wp-content\/uploads\/2021\/03\/img_2822.jpg?strip=all\",\"datePublished\":\"2021-03-11T12:39:43+00:00\",\"breadcrumb\":{\"@id\":\"https:\/\/albirmuebles.com\/es\/producto\/rio-alu-140-ext\/#breadcrumb\"},\"inLanguage\":\"es\",\"potentialAction\":[{\"@type\":\"ReadAction\",\"target\":[\"https:\/\/albirmuebles.com\/es\/producto\/rio-alu-140-ext\/\"]}]},{\"@type\":\"ImageObject\",\"inLanguage\":\"es\",\"@id\":\"https:\/\/albirmuebles.com\/es\/producto\/rio-alu-140-ext\/#primaryimage\",\"url\":\"https:\/\/e3vgfxkvpic.exactdn.com\/wp-content\/uploads\/2021\/03\/img_2822.jpg?strip=all\",\"contentUrl\":\"https:\/\/e3vgfxkvpic.exactdn.com\/wp-content\/uploads\/2021\/03\/img_2822.jpg?strip=all\",\"width\":1500,\"height\":900},{\"@type\":\"BreadcrumbList\",\"@id\":\"https:\/\/albirmuebles.com\/es\/producto\/rio-alu-140-ext\/#breadcrumb\",\"itemListElement\":[{\"@type\":\"ListItem\",\"position\":1,\"name\":\"Home\",\"item\":\"https:\/\/albirmuebles.com\/es\/\"},{\"@type\":\"ListItem\",\"position\":2,\"name\":\"Shop\",\"item\":\"https:\/\/albirmuebles.com\/shop\/\"},{\"@type\":\"ListItem\",\"position\":3,\"name\":\"Rio Alu 140 Ext.\"}]},{\"@type\":\"WebSite\",\"@id\":\"https:\/\/albirmuebles.com\/#website\",\"url\":\"https:\/\/albirmuebles.com\/\",\"name\":\"Muebles Albir\",\"description\":\"Muebles Albir\",\"publisher\":{\"@id\":\"https:\/\/albirmuebles.com\/#organization\"},\"potentialAction\":[{\"@type\":\"SearchAction\",\"target\":{\"@type\":\"EntryPoint\",\"urlTemplate\":\"https:\/\/albirmuebles.com\/?s={search_term_string}\"},\"query-input\":{\"@type\":\"PropertyValueSpecification\",\"valueRequired\":true,\"valueName\":\"search_term_string\"}}],\"inLanguage\":\"es\"},{\"@type\":\"Organization\",\"@id\":\"https:\/\/albirmuebles.com\/#organization\",\"name\":\"Albirmuebles\",\"url\":\"https:\/\/albirmuebles.com\/\",\"logo\":{\"@type\":\"ImageObject\",\"inLanguage\":\"es\",\"@id\":\"https:\/\/albirmuebles.com\/#\/schema\/logo\/image\/\",\"url\":\"https:\/\/albirmuebles.com\/wp-content\/uploads\/2020\/10\/logo_albir.png\",\"contentUrl\":\"https:\/\/albirmuebles.com\/wp-content\/uploads\/2020\/10\/logo_albir.png\",\"width\":800,\"height\":235,\"caption\":\"Albirmuebles\"},\"image\":{\"@id\":\"https:\/\/albirmuebles.com\/#\/schema\/logo\/image\/\"},\"sameAs\":[\"https:\/\/www.facebook.com\/Albir-Muebles-217159521715557\/\",\"https:\/\/www.instagram.com\/albir.muebles\/\"]}]}<\/script>\n<!-- \/ Yoast SEO plugin. -->","yoast_head_json":{"title":"Rio Alu 140 Ext. - Muebles Albir","robots":{"index":"index","follow":"follow","max-snippet":"max-snippet:-1","max-image-preview":"max-image-preview:large","max-video-preview":"max-video-preview:-1"},"canonical":"https:\/\/albirmuebles.com\/es\/producto\/rio-alu-140-ext\/","og_locale":"es_ES","og_type":"article","og_title":"Rio Alu 140 Ext. - Muebles Albir","og_description":"&#038; nbsp; Mesa extensible con detalles arquitect\u00f3nicos y destacada personalidad. Superficie con duelas de aluminio pintado ligeramente rayado y estructura tambi\u00e9n en aluminio pintado. Propuesta en dos tama\u00f1os para satisfacer diferentes necesidades de espacio. Detalles t\u00e9cnicos Mesa extensible. Estructura y tapa en aluminio pintado. Tacos ajustables. 140 &#8211; 210 x 85 x 75h cm. RIO [&hellip;]","og_url":"https:\/\/albirmuebles.com\/es\/producto\/rio-alu-140-ext\/","og_site_name":"Muebles Albir","article_publisher":"https:\/\/www.facebook.com\/Albir-Muebles-217159521715557\/","og_image":[{"width":1500,"height":900,"url":"https:\/\/albirmuebles.com\/wp-content\/uploads\/2021\/03\/img_2822.jpg","type":"image\/jpeg"}],"twitter_card":"summary_large_image","twitter_misc":{"Tiempo de lectura":"1 minuto"},"schema":{"@context":"https:\/\/schema.org","@graph":[{"@type":"WebPage","@id":"https:\/\/albirmuebles.com\/es\/producto\/rio-alu-140-ext\/","url":"https:\/\/albirmuebles.com\/es\/producto\/rio-alu-140-ext\/","name":"Rio Alu 140 Ext. - Muebles Albir","isPartOf":{"@id":"https:\/\/albirmuebles.com\/#website"},"primaryImageOfPage":{"@id":"https:\/\/albirmuebles.com\/es\/producto\/rio-alu-140-ext\/#primaryimage"},"image":{"@id":"https:\/\/albirmuebles.com\/es\/producto\/rio-alu-140-ext\/#primaryimage"},"thumbnailUrl":"https:\/\/e3vgfxkvpic.exactdn.com\/wp-content\/uploads\/2021\/03\/img_2822.jpg?strip=all","datePublished":"2021-03-11T12:39:43+00:00","breadcrumb":{"@id":"https:\/\/albirmuebles.com\/es\/producto\/rio-alu-140-ext\/#breadcrumb"},"inLanguage":"es","potentialAction":[{"@type":"ReadAction","target":["https:\/\/albirmuebles.com\/es\/producto\/rio-alu-140-ext\/"]}]},{"@type":"ImageObject","inLanguage":"es","@id":"https:\/\/albirmuebles.com\/es\/producto\/rio-alu-140-ext\/#primaryimage","url":"https:\/\/e3vgfxkvpic.exactdn.com\/wp-content\/uploads\/2021\/03\/img_2822.jpg?strip=all","contentUrl":"https:\/\/e3vgfxkvpic.exactdn.com\/wp-content\/uploads\/2021\/03\/img_2822.jpg?strip=all","width":1500,"height":900},{"@type":"BreadcrumbList","@id":"https:\/\/albirmuebles.com\/es\/producto\/rio-alu-140-ext\/#breadcrumb","itemListElement":[{"@type":"ListItem","position":1,"name":"Home","item":"https:\/\/albirmuebles.com\/es\/"},{"@type":"ListItem","position":2,"name":"Shop","item":"https:\/\/albirmuebles.com\/shop\/"},{"@type":"ListItem","position":3,"name":"Rio Alu 140 Ext."}]},{"@type":"WebSite","@id":"https:\/\/albirmuebles.com\/#website","url":"https:\/\/albirmuebles.com\/","name":"Muebles Albir","description":"Muebles Albir","publisher":{"@id":"https:\/\/albirmuebles.com\/#organization"},"potentialAction":[{"@type":"SearchAction","target":{"@type":"EntryPoint","urlTemplate":"https:\/\/albirmuebles.com\/?s={search_term_string}"},"query-input":{"@type":"PropertyValueSpecification","valueRequired":true,"valueName":"search_term_string"}}],"inLanguage":"es"},{"@type":"Organization","@id":"https:\/\/albirmuebles.com\/#organization","name":"Albirmuebles","url":"https:\/\/albirmuebles.com\/","logo":{"@type":"ImageObject","inLanguage":"es","@id":"https:\/\/albirmuebles.com\/#\/schema\/logo\/image\/","url":"https:\/\/albirmuebles.com\/wp-content\/uploads\/2020\/10\/logo_albir.png","contentUrl":"https:\/\/albirmuebles.com\/wp-content\/uploads\/2020\/10\/logo_albir.png","width":800,"height":235,"caption":"Albirmuebles"},"image":{"@id":"https:\/\/albirmuebles.com\/#\/schema\/logo\/image\/"},"sameAs":["https:\/\/www.facebook.com\/Albir-Muebles-217159521715557\/","https:\/\/www.instagram.com\/albir.muebles\/"]}]}},"_links":{"self":[{"href":"https:\/\/albirmuebles.com\/es\/wp-json\/wp\/v2\/product\/9446","targetHints":{"allow":["GET"]}}],"collection":[{"href":"https:\/\/albirmuebles.com\/es\/wp-json\/wp\/v2\/product"}],"about":[{"href":"https:\/\/albirmuebles.com\/es\/wp-json\/wp\/v2\/types\/product"}],"replies":[{"embeddable":true,"href":"https:\/\/albirmuebles.com\/es\/wp-json\/wp\/v2\/comments?post=9446"}],"version-history":[{"count":0,"href":"https:\/\/albirmuebles.com\/es\/wp-json\/wp\/v2\/product\/9446\/revisions"}],"wp:featuredmedia":[{"embeddable":true,"href":"https:\/\/albirmuebles.com\/es\/wp-json\/wp\/v2\/media\/9447"}],"wp:attachment":[{"href":"https:\/\/albirmuebles.com\/es\/wp-json\/wp\/v2\/media?parent=9446"}],"wp:term":[{"taxonomy":"product_cat","embeddable":true,"href":"https:\/\/albirmuebles.com\/es\/wp-json\/wp\/v2\/product_cat?post=9446"},{"taxonomy":"product_tag","embeddable":true,"href":"https:\/\/albirmuebles.com\/es\/wp-json\/wp\/v2\/product_tag?post=9446"}],"curies":[{"name":"wp","href":"https:\/\/api.w.org\/{rel}","templated":true}]}}