{"id":9434,"date":"2021-03-11T12:42:25","date_gmt":"2021-03-11T12:42:25","guid":{"rendered":"https:\/\/albirmuebles.com\/product\/alloro-210-extensible\/"},"modified":"2021-03-11T12:42:25","modified_gmt":"2021-03-11T12:42:25","slug":"alloro-210-extensible","status":"publish","type":"product","link":"https:\/\/albirmuebles.com\/es\/producto\/alloro-210-extensible\/","title":{"rendered":"Alloro 210 Extensible"},"content":{"rendered":"<p> Elegante mesa con tablero con duelas DurelTop y patas de aluminio pintado en polvo. Superficie extensible de 210 cm a 280 cm. Se monta y desmonta f\u00e1cilmente. <\/p>\n<div class = \"col-xs-12 col-sm-10 col-sm-offset-1\">\n<h3 class = \"title font-dim2-bold\"> <strong> Detalles t\u00e9cnicos <\/strong> <\/h3>\n<\/div>\n<div class = \"col-xs-12 col-sm-10 col-sm-offset-1 col-md-4\">\n<div class = \"description font-dim1-book index-me\"> Mesa extensible. Tablero DurelTOP en polipropileno tratado anti UV y te\u00f1ido en masa. Patas de aluminio pintado. Efecto mate. Tacos ajustables. 210-280 x 100 x 73h cm. Resina reciclable. <\/div>\n<\/div>\n","protected":false},"excerpt":{"rendered":"<p>Elegante mesa con tablero con duelas DurelTop y patas de aluminio pintado en polvo. Superficie extensible de 210 cm a 280 cm. Se monta y desmonta f\u00e1cilmente. Detalles t\u00e9cnicos Mesa extensible. Tablero DurelTOP en polipropileno tratado anti UV y te\u00f1ido en masa. Patas de aluminio pintado. Efecto mate. Tacos ajustables. 210-280 x 100 x 73h [&hellip;]<\/p>\n","protected":false},"featured_media":9435,"comment_status":"closed","ping_status":"closed","template":"","meta":[],"product_cat":[165],"product_tag":[],"class_list":["post-9434","product","type-product","status-publish","has-post-thumbnail","hentry","product_cat-jardin"],"yoast_head":"<!-- This site is optimized with the Yoast SEO plugin v26.7 - https:\/\/yoast.com\/wordpress\/plugins\/seo\/ -->\n<title>Alloro 210 Extensible - Muebles Albir<\/title>\n<meta name=\"robots\" content=\"index, follow, max-snippet:-1, max-image-preview:large, max-video-preview:-1\" \/>\n<link rel=\"canonical\" href=\"https:\/\/albirmuebles.com\/es\/producto\/alloro-210-extensible\/\" \/>\n<meta property=\"og:locale\" content=\"es_ES\" \/>\n<meta property=\"og:type\" content=\"article\" \/>\n<meta property=\"og:title\" content=\"Alloro 210 Extensible - Muebles Albir\" \/>\n<meta property=\"og:description\" content=\"Elegante mesa con tablero con duelas DurelTop y patas de aluminio pintado en polvo. Superficie extensible de 210 cm a 280 cm. Se monta y desmonta f\u00e1cilmente. Detalles t\u00e9cnicos Mesa extensible. Tablero DurelTOP en polipropileno tratado anti UV y te\u00f1ido en masa. Patas de aluminio pintado. Efecto mate. Tacos ajustables. 210-280 x 100 x 73h [&hellip;]\" \/>\n<meta property=\"og:url\" content=\"https:\/\/albirmuebles.com\/es\/producto\/alloro-210-extensible\/\" \/>\n<meta property=\"og:site_name\" content=\"Muebles Albir\" \/>\n<meta property=\"article:publisher\" content=\"https:\/\/www.facebook.com\/Albir-Muebles-217159521715557\/\" \/>\n<meta property=\"og:image\" content=\"https:\/\/albirmuebles.com\/wp-content\/uploads\/2021\/03\/img_2551.jpg\" \/>\n\t<meta property=\"og:image:width\" content=\"1500\" \/>\n\t<meta property=\"og:image:height\" content=\"900\" \/>\n\t<meta property=\"og:image:type\" content=\"image\/jpeg\" \/>\n<meta name=\"twitter:card\" content=\"summary_large_image\" \/>\n<script type=\"application\/ld+json\" class=\"yoast-schema-graph\">{\"@context\":\"https:\/\/schema.org\",\"@graph\":[{\"@type\":\"WebPage\",\"@id\":\"https:\/\/albirmuebles.com\/es\/producto\/alloro-210-extensible\/\",\"url\":\"https:\/\/albirmuebles.com\/es\/producto\/alloro-210-extensible\/\",\"name\":\"Alloro 210 Extensible - Muebles Albir\",\"isPartOf\":{\"@id\":\"https:\/\/albirmuebles.com\/#website\"},\"primaryImageOfPage\":{\"@id\":\"https:\/\/albirmuebles.com\/es\/producto\/alloro-210-extensible\/#primaryimage\"},\"image\":{\"@id\":\"https:\/\/albirmuebles.com\/es\/producto\/alloro-210-extensible\/#primaryimage\"},\"thumbnailUrl\":\"https:\/\/e3vgfxkvpic.exactdn.com\/wp-content\/uploads\/2021\/03\/img_2551.jpg?strip=all\",\"datePublished\":\"2021-03-11T12:42:25+00:00\",\"breadcrumb\":{\"@id\":\"https:\/\/albirmuebles.com\/es\/producto\/alloro-210-extensible\/#breadcrumb\"},\"inLanguage\":\"es\",\"potentialAction\":[{\"@type\":\"ReadAction\",\"target\":[\"https:\/\/albirmuebles.com\/es\/producto\/alloro-210-extensible\/\"]}]},{\"@type\":\"ImageObject\",\"inLanguage\":\"es\",\"@id\":\"https:\/\/albirmuebles.com\/es\/producto\/alloro-210-extensible\/#primaryimage\",\"url\":\"https:\/\/e3vgfxkvpic.exactdn.com\/wp-content\/uploads\/2021\/03\/img_2551.jpg?strip=all\",\"contentUrl\":\"https:\/\/e3vgfxkvpic.exactdn.com\/wp-content\/uploads\/2021\/03\/img_2551.jpg?strip=all\",\"width\":1500,\"height\":900},{\"@type\":\"BreadcrumbList\",\"@id\":\"https:\/\/albirmuebles.com\/es\/producto\/alloro-210-extensible\/#breadcrumb\",\"itemListElement\":[{\"@type\":\"ListItem\",\"position\":1,\"name\":\"Home\",\"item\":\"https:\/\/albirmuebles.com\/es\/\"},{\"@type\":\"ListItem\",\"position\":2,\"name\":\"Shop\",\"item\":\"https:\/\/albirmuebles.com\/shop\/\"},{\"@type\":\"ListItem\",\"position\":3,\"name\":\"Alloro 210 Extensible\"}]},{\"@type\":\"WebSite\",\"@id\":\"https:\/\/albirmuebles.com\/#website\",\"url\":\"https:\/\/albirmuebles.com\/\",\"name\":\"Muebles Albir\",\"description\":\"Muebles Albir\",\"publisher\":{\"@id\":\"https:\/\/albirmuebles.com\/#organization\"},\"potentialAction\":[{\"@type\":\"SearchAction\",\"target\":{\"@type\":\"EntryPoint\",\"urlTemplate\":\"https:\/\/albirmuebles.com\/?s={search_term_string}\"},\"query-input\":{\"@type\":\"PropertyValueSpecification\",\"valueRequired\":true,\"valueName\":\"search_term_string\"}}],\"inLanguage\":\"es\"},{\"@type\":\"Organization\",\"@id\":\"https:\/\/albirmuebles.com\/#organization\",\"name\":\"Albirmuebles\",\"url\":\"https:\/\/albirmuebles.com\/\",\"logo\":{\"@type\":\"ImageObject\",\"inLanguage\":\"es\",\"@id\":\"https:\/\/albirmuebles.com\/#\/schema\/logo\/image\/\",\"url\":\"https:\/\/albirmuebles.com\/wp-content\/uploads\/2020\/10\/logo_albir.png\",\"contentUrl\":\"https:\/\/albirmuebles.com\/wp-content\/uploads\/2020\/10\/logo_albir.png\",\"width\":800,\"height\":235,\"caption\":\"Albirmuebles\"},\"image\":{\"@id\":\"https:\/\/albirmuebles.com\/#\/schema\/logo\/image\/\"},\"sameAs\":[\"https:\/\/www.facebook.com\/Albir-Muebles-217159521715557\/\",\"https:\/\/www.instagram.com\/albir.muebles\/\"]}]}<\/script>\n<!-- \/ Yoast SEO plugin. -->","yoast_head_json":{"title":"Alloro 210 Extensible - Muebles Albir","robots":{"index":"index","follow":"follow","max-snippet":"max-snippet:-1","max-image-preview":"max-image-preview:large","max-video-preview":"max-video-preview:-1"},"canonical":"https:\/\/albirmuebles.com\/es\/producto\/alloro-210-extensible\/","og_locale":"es_ES","og_type":"article","og_title":"Alloro 210 Extensible - Muebles Albir","og_description":"Elegante mesa con tablero con duelas DurelTop y patas de aluminio pintado en polvo. Superficie extensible de 210 cm a 280 cm. Se monta y desmonta f\u00e1cilmente. Detalles t\u00e9cnicos Mesa extensible. Tablero DurelTOP en polipropileno tratado anti UV y te\u00f1ido en masa. Patas de aluminio pintado. Efecto mate. Tacos ajustables. 210-280 x 100 x 73h [&hellip;]","og_url":"https:\/\/albirmuebles.com\/es\/producto\/alloro-210-extensible\/","og_site_name":"Muebles Albir","article_publisher":"https:\/\/www.facebook.com\/Albir-Muebles-217159521715557\/","og_image":[{"width":1500,"height":900,"url":"https:\/\/albirmuebles.com\/wp-content\/uploads\/2021\/03\/img_2551.jpg","type":"image\/jpeg"}],"twitter_card":"summary_large_image","schema":{"@context":"https:\/\/schema.org","@graph":[{"@type":"WebPage","@id":"https:\/\/albirmuebles.com\/es\/producto\/alloro-210-extensible\/","url":"https:\/\/albirmuebles.com\/es\/producto\/alloro-210-extensible\/","name":"Alloro 210 Extensible - Muebles Albir","isPartOf":{"@id":"https:\/\/albirmuebles.com\/#website"},"primaryImageOfPage":{"@id":"https:\/\/albirmuebles.com\/es\/producto\/alloro-210-extensible\/#primaryimage"},"image":{"@id":"https:\/\/albirmuebles.com\/es\/producto\/alloro-210-extensible\/#primaryimage"},"thumbnailUrl":"https:\/\/e3vgfxkvpic.exactdn.com\/wp-content\/uploads\/2021\/03\/img_2551.jpg?strip=all","datePublished":"2021-03-11T12:42:25+00:00","breadcrumb":{"@id":"https:\/\/albirmuebles.com\/es\/producto\/alloro-210-extensible\/#breadcrumb"},"inLanguage":"es","potentialAction":[{"@type":"ReadAction","target":["https:\/\/albirmuebles.com\/es\/producto\/alloro-210-extensible\/"]}]},{"@type":"ImageObject","inLanguage":"es","@id":"https:\/\/albirmuebles.com\/es\/producto\/alloro-210-extensible\/#primaryimage","url":"https:\/\/e3vgfxkvpic.exactdn.com\/wp-content\/uploads\/2021\/03\/img_2551.jpg?strip=all","contentUrl":"https:\/\/e3vgfxkvpic.exactdn.com\/wp-content\/uploads\/2021\/03\/img_2551.jpg?strip=all","width":1500,"height":900},{"@type":"BreadcrumbList","@id":"https:\/\/albirmuebles.com\/es\/producto\/alloro-210-extensible\/#breadcrumb","itemListElement":[{"@type":"ListItem","position":1,"name":"Home","item":"https:\/\/albirmuebles.com\/es\/"},{"@type":"ListItem","position":2,"name":"Shop","item":"https:\/\/albirmuebles.com\/shop\/"},{"@type":"ListItem","position":3,"name":"Alloro 210 Extensible"}]},{"@type":"WebSite","@id":"https:\/\/albirmuebles.com\/#website","url":"https:\/\/albirmuebles.com\/","name":"Muebles Albir","description":"Muebles Albir","publisher":{"@id":"https:\/\/albirmuebles.com\/#organization"},"potentialAction":[{"@type":"SearchAction","target":{"@type":"EntryPoint","urlTemplate":"https:\/\/albirmuebles.com\/?s={search_term_string}"},"query-input":{"@type":"PropertyValueSpecification","valueRequired":true,"valueName":"search_term_string"}}],"inLanguage":"es"},{"@type":"Organization","@id":"https:\/\/albirmuebles.com\/#organization","name":"Albirmuebles","url":"https:\/\/albirmuebles.com\/","logo":{"@type":"ImageObject","inLanguage":"es","@id":"https:\/\/albirmuebles.com\/#\/schema\/logo\/image\/","url":"https:\/\/albirmuebles.com\/wp-content\/uploads\/2020\/10\/logo_albir.png","contentUrl":"https:\/\/albirmuebles.com\/wp-content\/uploads\/2020\/10\/logo_albir.png","width":800,"height":235,"caption":"Albirmuebles"},"image":{"@id":"https:\/\/albirmuebles.com\/#\/schema\/logo\/image\/"},"sameAs":["https:\/\/www.facebook.com\/Albir-Muebles-217159521715557\/","https:\/\/www.instagram.com\/albir.muebles\/"]}]}},"_links":{"self":[{"href":"https:\/\/albirmuebles.com\/es\/wp-json\/wp\/v2\/product\/9434","targetHints":{"allow":["GET"]}}],"collection":[{"href":"https:\/\/albirmuebles.com\/es\/wp-json\/wp\/v2\/product"}],"about":[{"href":"https:\/\/albirmuebles.com\/es\/wp-json\/wp\/v2\/types\/product"}],"replies":[{"embeddable":true,"href":"https:\/\/albirmuebles.com\/es\/wp-json\/wp\/v2\/comments?post=9434"}],"version-history":[{"count":0,"href":"https:\/\/albirmuebles.com\/es\/wp-json\/wp\/v2\/product\/9434\/revisions"}],"wp:featuredmedia":[{"embeddable":true,"href":"https:\/\/albirmuebles.com\/es\/wp-json\/wp\/v2\/media\/9435"}],"wp:attachment":[{"href":"https:\/\/albirmuebles.com\/es\/wp-json\/wp\/v2\/media?parent=9434"}],"wp:term":[{"taxonomy":"product_cat","embeddable":true,"href":"https:\/\/albirmuebles.com\/es\/wp-json\/wp\/v2\/product_cat?post=9434"},{"taxonomy":"product_tag","embeddable":true,"href":"https:\/\/albirmuebles.com\/es\/wp-json\/wp\/v2\/product_tag?post=9434"}],"curies":[{"name":"wp","href":"https:\/\/api.w.org\/{rel}","templated":true}]}}