{"id":9433,"date":"2021-03-11T12:44:11","date_gmt":"2021-03-11T12:44:11","guid":{"rendered":"https:\/\/albirmuebles.com\/product\/ronda-sofa\/"},"modified":"2021-03-11T12:44:11","modified_gmt":"2021-03-11T12:44:11","slug":"ronda-sofa","status":"publish","type":"product","link":"https:\/\/albirmuebles.com\/es\/producto\/ronda-sofa\/","title":{"rendered":"Ronda &#8211; Sof\u00e1"},"content":{"rendered":"<p> <strong> Mod. 472 <\/strong> Sof\u00e1 2 pl. REDONDO <br \/>\n153 cm x 82 cm x 79 cm. <br \/>\n<strong> Mod. 473 <\/strong> Sof\u00e1 3 pl. REDONDO <br \/>\n221 cm x 82 cm x 79 cm. <br \/>\n<strong> Mod. 474 <\/strong> mesa de centro RONDA <br \/>\n120 cm x 42 cm x 60 cm. <\/p>\n<p> * Tablero HPL con acabado m\u00e1rmol. Resistente a la humedad, la intemperie y los rayos <br \/>\nultravioleta. Mantenimiento sencillo y respetuoso con el medio ambiente. <\/p>\n","protected":false},"excerpt":{"rendered":"<p>Mod. 472 Sof\u00e1 2 pl. REDONDO 153 cm x 82 cm x 79 cm. Mod. 473 Sof\u00e1 3 pl. REDONDO 221 cm x 82 cm x 79 cm. Mod. 474 mesa de centro RONDA 120 cm x 42 cm x 60 cm. * Tablero HPL con acabado m\u00e1rmol. Resistente a la humedad, la intemperie y [&hellip;]<\/p>\n","protected":false},"featured_media":9431,"comment_status":"closed","ping_status":"closed","template":"","meta":[],"product_cat":[165],"product_tag":[],"class_list":["post-9433","product","type-product","status-publish","has-post-thumbnail","hentry","product_cat-jardin"],"yoast_head":"<!-- This site is optimized with the Yoast SEO plugin v26.7 - https:\/\/yoast.com\/wordpress\/plugins\/seo\/ -->\n<title>Ronda - Sof\u00e1 - Muebles Albir<\/title>\n<meta name=\"robots\" content=\"index, follow, max-snippet:-1, max-image-preview:large, max-video-preview:-1\" \/>\n<link rel=\"canonical\" href=\"https:\/\/albirmuebles.com\/es\/producto\/ronda-sofa\/\" \/>\n<meta property=\"og:locale\" content=\"es_ES\" \/>\n<meta property=\"og:type\" content=\"article\" \/>\n<meta property=\"og:title\" content=\"Ronda - Sof\u00e1 - Muebles Albir\" \/>\n<meta property=\"og:description\" content=\"Mod. 472 Sof\u00e1 2 pl. REDONDO 153 cm x 82 cm x 79 cm. Mod. 473 Sof\u00e1 3 pl. REDONDO 221 cm x 82 cm x 79 cm. Mod. 474 mesa de centro RONDA 120 cm x 42 cm x 60 cm. * Tablero HPL con acabado m\u00e1rmol. Resistente a la humedad, la intemperie y [&hellip;]\" \/>\n<meta property=\"og:url\" content=\"https:\/\/albirmuebles.com\/es\/producto\/ronda-sofa\/\" \/>\n<meta property=\"og:site_name\" content=\"Muebles Albir\" \/>\n<meta property=\"article:publisher\" content=\"https:\/\/www.facebook.com\/Albir-Muebles-217159521715557\/\" \/>\n<meta property=\"og:image\" content=\"https:\/\/albirmuebles.com\/wp-content\/uploads\/2021\/03\/Ronda1.jpg\" \/>\n\t<meta property=\"og:image:width\" content=\"1500\" \/>\n\t<meta property=\"og:image:height\" content=\"994\" \/>\n\t<meta property=\"og:image:type\" content=\"image\/jpeg\" \/>\n<meta name=\"twitter:card\" content=\"summary_large_image\" \/>\n<script type=\"application\/ld+json\" class=\"yoast-schema-graph\">{\"@context\":\"https:\/\/schema.org\",\"@graph\":[{\"@type\":\"WebPage\",\"@id\":\"https:\/\/albirmuebles.com\/es\/producto\/ronda-sofa\/\",\"url\":\"https:\/\/albirmuebles.com\/es\/producto\/ronda-sofa\/\",\"name\":\"Ronda - Sof\u00e1 - Muebles Albir\",\"isPartOf\":{\"@id\":\"https:\/\/albirmuebles.com\/#website\"},\"primaryImageOfPage\":{\"@id\":\"https:\/\/albirmuebles.com\/es\/producto\/ronda-sofa\/#primaryimage\"},\"image\":{\"@id\":\"https:\/\/albirmuebles.com\/es\/producto\/ronda-sofa\/#primaryimage\"},\"thumbnailUrl\":\"https:\/\/e3vgfxkvpic.exactdn.com\/wp-content\/uploads\/2021\/03\/Ronda1.jpg?strip=all\",\"datePublished\":\"2021-03-11T12:44:11+00:00\",\"breadcrumb\":{\"@id\":\"https:\/\/albirmuebles.com\/es\/producto\/ronda-sofa\/#breadcrumb\"},\"inLanguage\":\"es\",\"potentialAction\":[{\"@type\":\"ReadAction\",\"target\":[\"https:\/\/albirmuebles.com\/es\/producto\/ronda-sofa\/\"]}]},{\"@type\":\"ImageObject\",\"inLanguage\":\"es\",\"@id\":\"https:\/\/albirmuebles.com\/es\/producto\/ronda-sofa\/#primaryimage\",\"url\":\"https:\/\/e3vgfxkvpic.exactdn.com\/wp-content\/uploads\/2021\/03\/Ronda1.jpg?strip=all\",\"contentUrl\":\"https:\/\/e3vgfxkvpic.exactdn.com\/wp-content\/uploads\/2021\/03\/Ronda1.jpg?strip=all\",\"width\":1500,\"height\":994,\"caption\":\"Arki oct 19- 015\"},{\"@type\":\"BreadcrumbList\",\"@id\":\"https:\/\/albirmuebles.com\/es\/producto\/ronda-sofa\/#breadcrumb\",\"itemListElement\":[{\"@type\":\"ListItem\",\"position\":1,\"name\":\"Home\",\"item\":\"https:\/\/albirmuebles.com\/es\/\"},{\"@type\":\"ListItem\",\"position\":2,\"name\":\"Shop\",\"item\":\"https:\/\/albirmuebles.com\/shop\/\"},{\"@type\":\"ListItem\",\"position\":3,\"name\":\"Ronda &#8211; Sof\u00e1\"}]},{\"@type\":\"WebSite\",\"@id\":\"https:\/\/albirmuebles.com\/#website\",\"url\":\"https:\/\/albirmuebles.com\/\",\"name\":\"Muebles Albir\",\"description\":\"Muebles Albir\",\"publisher\":{\"@id\":\"https:\/\/albirmuebles.com\/#organization\"},\"potentialAction\":[{\"@type\":\"SearchAction\",\"target\":{\"@type\":\"EntryPoint\",\"urlTemplate\":\"https:\/\/albirmuebles.com\/?s={search_term_string}\"},\"query-input\":{\"@type\":\"PropertyValueSpecification\",\"valueRequired\":true,\"valueName\":\"search_term_string\"}}],\"inLanguage\":\"es\"},{\"@type\":\"Organization\",\"@id\":\"https:\/\/albirmuebles.com\/#organization\",\"name\":\"Albirmuebles\",\"url\":\"https:\/\/albirmuebles.com\/\",\"logo\":{\"@type\":\"ImageObject\",\"inLanguage\":\"es\",\"@id\":\"https:\/\/albirmuebles.com\/#\/schema\/logo\/image\/\",\"url\":\"https:\/\/albirmuebles.com\/wp-content\/uploads\/2020\/10\/logo_albir.png\",\"contentUrl\":\"https:\/\/albirmuebles.com\/wp-content\/uploads\/2020\/10\/logo_albir.png\",\"width\":800,\"height\":235,\"caption\":\"Albirmuebles\"},\"image\":{\"@id\":\"https:\/\/albirmuebles.com\/#\/schema\/logo\/image\/\"},\"sameAs\":[\"https:\/\/www.facebook.com\/Albir-Muebles-217159521715557\/\",\"https:\/\/www.instagram.com\/albir.muebles\/\"]}]}<\/script>\n<!-- \/ Yoast SEO plugin. -->","yoast_head_json":{"title":"Ronda - Sof\u00e1 - Muebles Albir","robots":{"index":"index","follow":"follow","max-snippet":"max-snippet:-1","max-image-preview":"max-image-preview:large","max-video-preview":"max-video-preview:-1"},"canonical":"https:\/\/albirmuebles.com\/es\/producto\/ronda-sofa\/","og_locale":"es_ES","og_type":"article","og_title":"Ronda - Sof\u00e1 - Muebles Albir","og_description":"Mod. 472 Sof\u00e1 2 pl. REDONDO 153 cm x 82 cm x 79 cm. Mod. 473 Sof\u00e1 3 pl. REDONDO 221 cm x 82 cm x 79 cm. Mod. 474 mesa de centro RONDA 120 cm x 42 cm x 60 cm. * Tablero HPL con acabado m\u00e1rmol. Resistente a la humedad, la intemperie y [&hellip;]","og_url":"https:\/\/albirmuebles.com\/es\/producto\/ronda-sofa\/","og_site_name":"Muebles Albir","article_publisher":"https:\/\/www.facebook.com\/Albir-Muebles-217159521715557\/","og_image":[{"width":1500,"height":994,"url":"https:\/\/albirmuebles.com\/wp-content\/uploads\/2021\/03\/Ronda1.jpg","type":"image\/jpeg"}],"twitter_card":"summary_large_image","schema":{"@context":"https:\/\/schema.org","@graph":[{"@type":"WebPage","@id":"https:\/\/albirmuebles.com\/es\/producto\/ronda-sofa\/","url":"https:\/\/albirmuebles.com\/es\/producto\/ronda-sofa\/","name":"Ronda - Sof\u00e1 - Muebles Albir","isPartOf":{"@id":"https:\/\/albirmuebles.com\/#website"},"primaryImageOfPage":{"@id":"https:\/\/albirmuebles.com\/es\/producto\/ronda-sofa\/#primaryimage"},"image":{"@id":"https:\/\/albirmuebles.com\/es\/producto\/ronda-sofa\/#primaryimage"},"thumbnailUrl":"https:\/\/e3vgfxkvpic.exactdn.com\/wp-content\/uploads\/2021\/03\/Ronda1.jpg?strip=all","datePublished":"2021-03-11T12:44:11+00:00","breadcrumb":{"@id":"https:\/\/albirmuebles.com\/es\/producto\/ronda-sofa\/#breadcrumb"},"inLanguage":"es","potentialAction":[{"@type":"ReadAction","target":["https:\/\/albirmuebles.com\/es\/producto\/ronda-sofa\/"]}]},{"@type":"ImageObject","inLanguage":"es","@id":"https:\/\/albirmuebles.com\/es\/producto\/ronda-sofa\/#primaryimage","url":"https:\/\/e3vgfxkvpic.exactdn.com\/wp-content\/uploads\/2021\/03\/Ronda1.jpg?strip=all","contentUrl":"https:\/\/e3vgfxkvpic.exactdn.com\/wp-content\/uploads\/2021\/03\/Ronda1.jpg?strip=all","width":1500,"height":994,"caption":"Arki oct 19- 015"},{"@type":"BreadcrumbList","@id":"https:\/\/albirmuebles.com\/es\/producto\/ronda-sofa\/#breadcrumb","itemListElement":[{"@type":"ListItem","position":1,"name":"Home","item":"https:\/\/albirmuebles.com\/es\/"},{"@type":"ListItem","position":2,"name":"Shop","item":"https:\/\/albirmuebles.com\/shop\/"},{"@type":"ListItem","position":3,"name":"Ronda &#8211; Sof\u00e1"}]},{"@type":"WebSite","@id":"https:\/\/albirmuebles.com\/#website","url":"https:\/\/albirmuebles.com\/","name":"Muebles Albir","description":"Muebles Albir","publisher":{"@id":"https:\/\/albirmuebles.com\/#organization"},"potentialAction":[{"@type":"SearchAction","target":{"@type":"EntryPoint","urlTemplate":"https:\/\/albirmuebles.com\/?s={search_term_string}"},"query-input":{"@type":"PropertyValueSpecification","valueRequired":true,"valueName":"search_term_string"}}],"inLanguage":"es"},{"@type":"Organization","@id":"https:\/\/albirmuebles.com\/#organization","name":"Albirmuebles","url":"https:\/\/albirmuebles.com\/","logo":{"@type":"ImageObject","inLanguage":"es","@id":"https:\/\/albirmuebles.com\/#\/schema\/logo\/image\/","url":"https:\/\/albirmuebles.com\/wp-content\/uploads\/2020\/10\/logo_albir.png","contentUrl":"https:\/\/albirmuebles.com\/wp-content\/uploads\/2020\/10\/logo_albir.png","width":800,"height":235,"caption":"Albirmuebles"},"image":{"@id":"https:\/\/albirmuebles.com\/#\/schema\/logo\/image\/"},"sameAs":["https:\/\/www.facebook.com\/Albir-Muebles-217159521715557\/","https:\/\/www.instagram.com\/albir.muebles\/"]}]}},"_links":{"self":[{"href":"https:\/\/albirmuebles.com\/es\/wp-json\/wp\/v2\/product\/9433","targetHints":{"allow":["GET"]}}],"collection":[{"href":"https:\/\/albirmuebles.com\/es\/wp-json\/wp\/v2\/product"}],"about":[{"href":"https:\/\/albirmuebles.com\/es\/wp-json\/wp\/v2\/types\/product"}],"replies":[{"embeddable":true,"href":"https:\/\/albirmuebles.com\/es\/wp-json\/wp\/v2\/comments?post=9433"}],"version-history":[{"count":0,"href":"https:\/\/albirmuebles.com\/es\/wp-json\/wp\/v2\/product\/9433\/revisions"}],"wp:featuredmedia":[{"embeddable":true,"href":"https:\/\/albirmuebles.com\/es\/wp-json\/wp\/v2\/media\/9431"}],"wp:attachment":[{"href":"https:\/\/albirmuebles.com\/es\/wp-json\/wp\/v2\/media?parent=9433"}],"wp:term":[{"taxonomy":"product_cat","embeddable":true,"href":"https:\/\/albirmuebles.com\/es\/wp-json\/wp\/v2\/product_cat?post=9433"},{"taxonomy":"product_tag","embeddable":true,"href":"https:\/\/albirmuebles.com\/es\/wp-json\/wp\/v2\/product_tag?post=9433"}],"curies":[{"name":"wp","href":"https:\/\/api.w.org\/{rel}","templated":true}]}}