{"id":9371,"date":"2021-04-11T11:21:26","date_gmt":"2021-04-11T11:21:26","guid":{"rendered":"https:\/\/albirmuebles.com\/product\/savannah-armchair\/"},"modified":"2021-06-27T08:56:03","modified_gmt":"2021-06-27T08:56:03","slug":"savannah-sillon","status":"publish","type":"product","link":"https:\/\/albirmuebles.com\/es\/producto\/savannah-sillon\/","title":{"rendered":"Savannah &#8211; Sill\u00f3n"},"content":{"rendered":"<div class = \"elementor-element elementor-element-a2b8e70 elementor-widget elementor-widget-woocommerce-product-short-description\" data-id = \"a2b8e70\" data-element_type = \"widget\" data-widget_type = \"woocommerce-product -descripci\u00f3n-breve.default \">\n<div class = \"elementor-widget-container\">\n<div class = \"woocommerce-product-details__short-description\">\n<p> Sof\u00e1 de dos plazas en rattan con patas en negro mate. Rat\u00e1n natural. <\/p>\n<\/div>\n<\/div>\n<\/div>\n<div class = \"elementor-element elementor-element-a1db1a2 elementor-widget elementor-widget-woocommerce-product-additional-information\" data-id = \"a1db1a2\" data-element_type = \"widget\" data-widget_type = \"woocommerce-product -informaci\u00f3n-adicional.default \">\n<div class = \"elementor-widget-container\">\n<table class = \"woocommerce-product-atributos shop_attributes\">\n<tbody>\n<tr class = \"art\u00edculo-atributos-producto-woocommerce-art\u00edculo-atributos-producto-woocommerce - atributo_pa_color\">\n<th class = \"woocommerce-product-attribute-item__label\"> Color <\/th>\n<td class = \"woocommerce-product-attribute-item__value\"> NATURAL <\/td>\n<\/tr>\n<tr class = \"art\u00edculo-atributos-del-producto-woocommerce-art\u00edculo-atributos-del-producto-woocommerce - atributo_pa_material\">\n<th class = \"woocommerce-product-attribute-item__label\"> Material <\/th>\n<td class = \"woocommerce-product-attribute-item__value\"> RATAN <\/td>\n<\/tr>\n<tr class = \"art\u00edculo-atributos-del-producto-woocommerce-art\u00edculo-atributos-del-producto-woocommerce - atributo_pa_patas\">\n<th class = \"woocommerce-product-attribute-item__label\"> Piernas <\/th>\n<td class = \"woocommerce-product-attribute-item__value\"> NEGRO <\/td>\n<\/tr>\n<tr class = \"art\u00edculo-atributos-producto-woocommerce-art\u00edculo-atributos-producto-woocommerce - atributo_pa_categor\u00eda\">\n<th class = \"woocommerce-product-attribute-item__label\"> Categor\u00eda <\/th>\n<td class = \"woocommerce-product-attribute-item__value\"> SILL\u00d3N <\/td>\n<\/tr>\n<tr class = \"art\u00edculo-atributos-producto-woocommerce-art\u00edculo-atributos-producto-woocommerce - atributo_pa_collection\">\n<th class = \"woocommerce-product-attribute-item__label\"> Colecci\u00f3n <\/th>\n<td class = \"woocommerce-product-attribute-item__value\"> SAVANNAH <\/td>\n<\/tr>\n<tr class = \"art\u00edculo-atributos-producto-woocommerce-art\u00edculo-atributos-producto-woocommerce - atributo_pa_dimensiones\">\n<th class = \"woocommerce-product-attribute-item__label\"> Dimensiones <\/th>\n<td class = \"woocommerce-product-attribute-item__value\"> 140 x 65 x 90 CM <\/td>\n<\/tr>\n<tr class = \"art\u00edculo-atributos-producto-woocommerce-art\u00edculo-atributos-producto-woocommerce - atributo_pa_dimension-empaquetado\">\n<th class = \"woocommerce-product-attribute-item__label\"> Dimensi\u00f3n de empaque <\/th>\n<td class = \"woocommerce-product-attribute-item__value\"> 126 x 60 x 49 <\/td>\n<\/tr>\n<tr class = \"art\u00edculo-atributos-del-producto-woocommerce-art\u00edculo-atributos-del-producto-woocommerce - atributo_pa_volumen-m3\">\n<th class = \"woocommerce-product-attribute-item__label\"> Volumen (m3) <\/th>\n<td class = \"woocommerce-product-attribute-item__value\"> 0.4 <\/td>\n<\/tr>\n<tr class = \"art\u00edculo-atributos-del-producto-woocommerce-art\u00edculo-atributos-del-producto-woocommerce - atributo_pa_peso-del-producto\">\n<th class = \"woocommerce-product-attribute-item__label\"> Peso del producto <\/th>\n<td class = \"woocommerce-product-attribute-item__value\"> 8 kg <\/td>\n<\/tr>\n<tr class = \"art\u00edculo-atributos-del-producto-woocommerce-art\u00edculo-atributos-del-producto-woocommerce - atributo_pa_number-of-parts\">\n<th class = \"woocommerce-product-attribute-item__label\"> N\u00famero de piezas <\/th>\n<td class = \"woocommerce-product-attribute-item__value\"> 2 <\/td>\n<\/tr>\n<tr class = \"art\u00edculo-atributos-producto-woocommerce-art\u00edculo-atributos-producto-woocommerce - atributo_pa_number-of-packages\">\n<th class = \"woocommerce-product-attribute-item__label\"> N\u00famero de paquetes <\/th>\n<td class = \"woocommerce-product-attribute-item__value\"> 1 <\/td>\n<\/tr>\n<tr class = \"art\u00edculo-atributos-producto-woocommerce-art\u00edculo-atributos-producto-woocommerce - atributo_pa_producto-manejo\">\n<th class = \"woocommerce-product-attribute-item__label\"> Manejo del producto <\/th>\n<td class = \"woocommerce-product-attribute-item__value\"> 2 PERSONAS <\/td>\n<\/tr>\n<tr class = \"art\u00edculo-atributos-del-producto-woocommerce-art\u00edculo-atributos-del-producto-woocommerce - atributo_pa_recomendacion-de-cares\">\n<th class = \"woocommerce-product-attribute-item__label\"> Recomendaci\u00f3n de cuidados <\/th>\n<td class = \"woocommerce-product-attribute-item__value\"> Limpiar con un pa\u00f1o h\u00famedo <\/td>\n<\/tr>\n<\/tbody>\n<\/table>\n<\/div>\n<\/div>\n","protected":false},"excerpt":{"rendered":"<p>Sof\u00e1 de dos plazas en rattan con patas en negro mate. Rat\u00e1n natural. Color NATURAL Material RATAN Piernas NEGRO Categor\u00eda SILL\u00d3N Colecci\u00f3n SAVANNAH Dimensiones 140 x 65 x 90 CM Dimensi\u00f3n de empaque 126 x 60 x 49 Volumen (m3) 0.4 Peso del producto 8 kg N\u00famero de piezas 2 N\u00famero de paquetes 1 Manejo [&hellip;]<\/p>\n","protected":false},"featured_media":9372,"comment_status":"closed","ping_status":"closed","template":"","meta":[],"product_cat":[160],"product_tag":[],"class_list":["post-9371","product","type-product","status-publish","has-post-thumbnail","hentry","product_cat-sillones"],"yoast_head":"<!-- This site is optimized with the Yoast SEO plugin v26.7 - https:\/\/yoast.com\/wordpress\/plugins\/seo\/ -->\n<title>Savannah - Sill\u00f3n - Muebles Albir<\/title>\n<meta name=\"robots\" content=\"index, follow, max-snippet:-1, max-image-preview:large, max-video-preview:-1\" \/>\n<link rel=\"canonical\" href=\"https:\/\/albirmuebles.com\/es\/producto\/savannah-sillon\/\" \/>\n<meta property=\"og:locale\" content=\"es_ES\" \/>\n<meta property=\"og:type\" content=\"article\" \/>\n<meta property=\"og:title\" content=\"Savannah - Sill\u00f3n - Muebles Albir\" \/>\n<meta property=\"og:description\" content=\"Sof\u00e1 de dos plazas en rattan con patas en negro mate. Rat\u00e1n natural. Color NATURAL Material RATAN Piernas NEGRO Categor\u00eda SILL\u00d3N Colecci\u00f3n SAVANNAH Dimensiones 140 x 65 x 90 CM Dimensi\u00f3n de empaque 126 x 60 x 49 Volumen (m3) 0.4 Peso del producto 8 kg N\u00famero de piezas 2 N\u00famero de paquetes 1 Manejo [&hellip;]\" \/>\n<meta property=\"og:url\" content=\"https:\/\/albirmuebles.com\/es\/producto\/savannah-sillon\/\" \/>\n<meta property=\"og:site_name\" content=\"Muebles Albir\" \/>\n<meta property=\"article:publisher\" content=\"https:\/\/www.facebook.com\/Albir-Muebles-217159521715557\/\" \/>\n<meta property=\"article:modified_time\" content=\"2021-06-27T08:56:03+00:00\" \/>\n<meta property=\"og:image\" content=\"https:\/\/albirmuebles.com\/wp-content\/uploads\/2021\/04\/SL-50-FRONTAL-scaled-1.jpg\" \/>\n\t<meta property=\"og:image:width\" content=\"2560\" \/>\n\t<meta property=\"og:image:height\" content=\"2560\" \/>\n\t<meta property=\"og:image:type\" content=\"image\/jpeg\" \/>\n<meta name=\"twitter:card\" content=\"summary_large_image\" \/>\n<script type=\"application\/ld+json\" class=\"yoast-schema-graph\">{\"@context\":\"https:\/\/schema.org\",\"@graph\":[{\"@type\":\"WebPage\",\"@id\":\"https:\/\/albirmuebles.com\/es\/producto\/savannah-sillon\/\",\"url\":\"https:\/\/albirmuebles.com\/es\/producto\/savannah-sillon\/\",\"name\":\"Savannah - Sill\u00f3n - Muebles Albir\",\"isPartOf\":{\"@id\":\"https:\/\/albirmuebles.com\/#website\"},\"primaryImageOfPage\":{\"@id\":\"https:\/\/albirmuebles.com\/es\/producto\/savannah-sillon\/#primaryimage\"},\"image\":{\"@id\":\"https:\/\/albirmuebles.com\/es\/producto\/savannah-sillon\/#primaryimage\"},\"thumbnailUrl\":\"https:\/\/e3vgfxkvpic.exactdn.com\/wp-content\/uploads\/2021\/04\/SL-50-FRONTAL-scaled-1.jpg?strip=all\",\"datePublished\":\"2021-04-11T11:21:26+00:00\",\"dateModified\":\"2021-06-27T08:56:03+00:00\",\"breadcrumb\":{\"@id\":\"https:\/\/albirmuebles.com\/es\/producto\/savannah-sillon\/#breadcrumb\"},\"inLanguage\":\"es\",\"potentialAction\":[{\"@type\":\"ReadAction\",\"target\":[\"https:\/\/albirmuebles.com\/es\/producto\/savannah-sillon\/\"]}]},{\"@type\":\"ImageObject\",\"inLanguage\":\"es\",\"@id\":\"https:\/\/albirmuebles.com\/es\/producto\/savannah-sillon\/#primaryimage\",\"url\":\"https:\/\/e3vgfxkvpic.exactdn.com\/wp-content\/uploads\/2021\/04\/SL-50-FRONTAL-scaled-1.jpg?strip=all\",\"contentUrl\":\"https:\/\/e3vgfxkvpic.exactdn.com\/wp-content\/uploads\/2021\/04\/SL-50-FRONTAL-scaled-1.jpg?strip=all\",\"width\":2560,\"height\":2560},{\"@type\":\"BreadcrumbList\",\"@id\":\"https:\/\/albirmuebles.com\/es\/producto\/savannah-sillon\/#breadcrumb\",\"itemListElement\":[{\"@type\":\"ListItem\",\"position\":1,\"name\":\"Home\",\"item\":\"https:\/\/albirmuebles.com\/es\/\"},{\"@type\":\"ListItem\",\"position\":2,\"name\":\"Shop\",\"item\":\"https:\/\/albirmuebles.com\/shop\/\"},{\"@type\":\"ListItem\",\"position\":3,\"name\":\"Savannah &#8211; Sill\u00f3n\"}]},{\"@type\":\"WebSite\",\"@id\":\"https:\/\/albirmuebles.com\/#website\",\"url\":\"https:\/\/albirmuebles.com\/\",\"name\":\"Muebles Albir\",\"description\":\"Muebles Albir\",\"publisher\":{\"@id\":\"https:\/\/albirmuebles.com\/#organization\"},\"potentialAction\":[{\"@type\":\"SearchAction\",\"target\":{\"@type\":\"EntryPoint\",\"urlTemplate\":\"https:\/\/albirmuebles.com\/?s={search_term_string}\"},\"query-input\":{\"@type\":\"PropertyValueSpecification\",\"valueRequired\":true,\"valueName\":\"search_term_string\"}}],\"inLanguage\":\"es\"},{\"@type\":\"Organization\",\"@id\":\"https:\/\/albirmuebles.com\/#organization\",\"name\":\"Albirmuebles\",\"url\":\"https:\/\/albirmuebles.com\/\",\"logo\":{\"@type\":\"ImageObject\",\"inLanguage\":\"es\",\"@id\":\"https:\/\/albirmuebles.com\/#\/schema\/logo\/image\/\",\"url\":\"https:\/\/albirmuebles.com\/wp-content\/uploads\/2020\/10\/logo_albir.png\",\"contentUrl\":\"https:\/\/albirmuebles.com\/wp-content\/uploads\/2020\/10\/logo_albir.png\",\"width\":800,\"height\":235,\"caption\":\"Albirmuebles\"},\"image\":{\"@id\":\"https:\/\/albirmuebles.com\/#\/schema\/logo\/image\/\"},\"sameAs\":[\"https:\/\/www.facebook.com\/Albir-Muebles-217159521715557\/\",\"https:\/\/www.instagram.com\/albir.muebles\/\"]}]}<\/script>\n<!-- \/ Yoast SEO plugin. -->","yoast_head_json":{"title":"Savannah - Sill\u00f3n - Muebles Albir","robots":{"index":"index","follow":"follow","max-snippet":"max-snippet:-1","max-image-preview":"max-image-preview:large","max-video-preview":"max-video-preview:-1"},"canonical":"https:\/\/albirmuebles.com\/es\/producto\/savannah-sillon\/","og_locale":"es_ES","og_type":"article","og_title":"Savannah - Sill\u00f3n - Muebles Albir","og_description":"Sof\u00e1 de dos plazas en rattan con patas en negro mate. Rat\u00e1n natural. Color NATURAL Material RATAN Piernas NEGRO Categor\u00eda SILL\u00d3N Colecci\u00f3n SAVANNAH Dimensiones 140 x 65 x 90 CM Dimensi\u00f3n de empaque 126 x 60 x 49 Volumen (m3) 0.4 Peso del producto 8 kg N\u00famero de piezas 2 N\u00famero de paquetes 1 Manejo [&hellip;]","og_url":"https:\/\/albirmuebles.com\/es\/producto\/savannah-sillon\/","og_site_name":"Muebles Albir","article_publisher":"https:\/\/www.facebook.com\/Albir-Muebles-217159521715557\/","article_modified_time":"2021-06-27T08:56:03+00:00","og_image":[{"width":2560,"height":2560,"url":"https:\/\/albirmuebles.com\/wp-content\/uploads\/2021\/04\/SL-50-FRONTAL-scaled-1.jpg","type":"image\/jpeg"}],"twitter_card":"summary_large_image","schema":{"@context":"https:\/\/schema.org","@graph":[{"@type":"WebPage","@id":"https:\/\/albirmuebles.com\/es\/producto\/savannah-sillon\/","url":"https:\/\/albirmuebles.com\/es\/producto\/savannah-sillon\/","name":"Savannah - Sill\u00f3n - Muebles Albir","isPartOf":{"@id":"https:\/\/albirmuebles.com\/#website"},"primaryImageOfPage":{"@id":"https:\/\/albirmuebles.com\/es\/producto\/savannah-sillon\/#primaryimage"},"image":{"@id":"https:\/\/albirmuebles.com\/es\/producto\/savannah-sillon\/#primaryimage"},"thumbnailUrl":"https:\/\/e3vgfxkvpic.exactdn.com\/wp-content\/uploads\/2021\/04\/SL-50-FRONTAL-scaled-1.jpg?strip=all","datePublished":"2021-04-11T11:21:26+00:00","dateModified":"2021-06-27T08:56:03+00:00","breadcrumb":{"@id":"https:\/\/albirmuebles.com\/es\/producto\/savannah-sillon\/#breadcrumb"},"inLanguage":"es","potentialAction":[{"@type":"ReadAction","target":["https:\/\/albirmuebles.com\/es\/producto\/savannah-sillon\/"]}]},{"@type":"ImageObject","inLanguage":"es","@id":"https:\/\/albirmuebles.com\/es\/producto\/savannah-sillon\/#primaryimage","url":"https:\/\/e3vgfxkvpic.exactdn.com\/wp-content\/uploads\/2021\/04\/SL-50-FRONTAL-scaled-1.jpg?strip=all","contentUrl":"https:\/\/e3vgfxkvpic.exactdn.com\/wp-content\/uploads\/2021\/04\/SL-50-FRONTAL-scaled-1.jpg?strip=all","width":2560,"height":2560},{"@type":"BreadcrumbList","@id":"https:\/\/albirmuebles.com\/es\/producto\/savannah-sillon\/#breadcrumb","itemListElement":[{"@type":"ListItem","position":1,"name":"Home","item":"https:\/\/albirmuebles.com\/es\/"},{"@type":"ListItem","position":2,"name":"Shop","item":"https:\/\/albirmuebles.com\/shop\/"},{"@type":"ListItem","position":3,"name":"Savannah &#8211; Sill\u00f3n"}]},{"@type":"WebSite","@id":"https:\/\/albirmuebles.com\/#website","url":"https:\/\/albirmuebles.com\/","name":"Muebles Albir","description":"Muebles Albir","publisher":{"@id":"https:\/\/albirmuebles.com\/#organization"},"potentialAction":[{"@type":"SearchAction","target":{"@type":"EntryPoint","urlTemplate":"https:\/\/albirmuebles.com\/?s={search_term_string}"},"query-input":{"@type":"PropertyValueSpecification","valueRequired":true,"valueName":"search_term_string"}}],"inLanguage":"es"},{"@type":"Organization","@id":"https:\/\/albirmuebles.com\/#organization","name":"Albirmuebles","url":"https:\/\/albirmuebles.com\/","logo":{"@type":"ImageObject","inLanguage":"es","@id":"https:\/\/albirmuebles.com\/#\/schema\/logo\/image\/","url":"https:\/\/albirmuebles.com\/wp-content\/uploads\/2020\/10\/logo_albir.png","contentUrl":"https:\/\/albirmuebles.com\/wp-content\/uploads\/2020\/10\/logo_albir.png","width":800,"height":235,"caption":"Albirmuebles"},"image":{"@id":"https:\/\/albirmuebles.com\/#\/schema\/logo\/image\/"},"sameAs":["https:\/\/www.facebook.com\/Albir-Muebles-217159521715557\/","https:\/\/www.instagram.com\/albir.muebles\/"]}]}},"_links":{"self":[{"href":"https:\/\/albirmuebles.com\/es\/wp-json\/wp\/v2\/product\/9371","targetHints":{"allow":["GET"]}}],"collection":[{"href":"https:\/\/albirmuebles.com\/es\/wp-json\/wp\/v2\/product"}],"about":[{"href":"https:\/\/albirmuebles.com\/es\/wp-json\/wp\/v2\/types\/product"}],"replies":[{"embeddable":true,"href":"https:\/\/albirmuebles.com\/es\/wp-json\/wp\/v2\/comments?post=9371"}],"version-history":[{"count":1,"href":"https:\/\/albirmuebles.com\/es\/wp-json\/wp\/v2\/product\/9371\/revisions"}],"predecessor-version":[{"id":9375,"href":"https:\/\/albirmuebles.com\/es\/wp-json\/wp\/v2\/product\/9371\/revisions\/9375"}],"wp:featuredmedia":[{"embeddable":true,"href":"https:\/\/albirmuebles.com\/es\/wp-json\/wp\/v2\/media\/9372"}],"wp:attachment":[{"href":"https:\/\/albirmuebles.com\/es\/wp-json\/wp\/v2\/media?parent=9371"}],"wp:term":[{"taxonomy":"product_cat","embeddable":true,"href":"https:\/\/albirmuebles.com\/es\/wp-json\/wp\/v2\/product_cat?post=9371"},{"taxonomy":"product_tag","embeddable":true,"href":"https:\/\/albirmuebles.com\/es\/wp-json\/wp\/v2\/product_tag?post=9371"}],"curies":[{"name":"wp","href":"https:\/\/api.w.org\/{rel}","templated":true}]}}