{"id":9336,"date":"2021-04-21T15:12:14","date_gmt":"2021-04-21T15:12:14","guid":{"rendered":"https:\/\/albirmuebles.com\/product\/sidi-table-ct-609\/"},"modified":"2023-12-05T11:38:41","modified_gmt":"2023-12-05T11:38:41","slug":"sidi-table-ct-609","status":"publish","type":"product","link":"https:\/\/albirmuebles.com\/es\/producto\/sidi-table-ct-609\/","title":{"rendered":"Sidi &#8211; Table CT-609"},"content":{"rendered":"<table class=\"woocommerce-product-atributos shop_attributes\">\n<tbody>\n<tr class=\"art\u00edculo-atributos-producto-woocommerce-art\u00edculo-atributos-producto-woocommerce - atributo_pa_color\">\n<th class=\"woocommerce-product-attribute-item__label\">Color<\/th>\n<td class=\"woocommerce-product-attribute-item__value\">MADERA<\/td>\n<\/tr>\n<tr class=\"art\u00edculo-atributos-del-producto-woocommerce-art\u00edculo-atributos-del-producto-woocommerce - atributo_pa_material\">\n<th class=\"woocommerce-product-attribute-item__label\">Material<\/th>\n<td class=\"woocommerce-product-attribute-item__value\">VIDRIO TEMPLADO DE 12MM<\/td>\n<\/tr>\n<tr class=\"art\u00edculo-atributos-del-producto-woocommerce-art\u00edculo-atributos-del-producto-woocommerce - atributo_pa_patas\">\n<th class=\"woocommerce-product-attribute-item__label\">Piernas<\/th>\n<td class=\"woocommerce-product-attribute-item__value\">VIDRIO<\/td>\n<\/tr>\n<tr class=\"art\u00edculo-atributos-producto-woocommerce-art\u00edculo-atributos-producto-woocommerce - atributo_pa_categor\u00eda\">\n<th class=\"woocommerce-product-attribute-item__label\">Categor\u00eda<\/th>\n<td class=\"woocommerce-product-attribute-item__value\">TABLA CENTRAL<\/td>\n<\/tr>\n<tr class=\"art\u00edculo-atributos-producto-woocommerce-art\u00edculo-atributos-producto-woocommerce - atributo_pa_collection\">\n<th class=\"woocommerce-product-attribute-item__label\">Colecci\u00f3n<\/th>\n<td class=\"woocommerce-product-attribute-item__value\">SIDNEY<\/td>\n<\/tr>\n<tr class=\"art\u00edculo-atributos-producto-woocommerce-art\u00edculo-atributos-producto-woocommerce - atributo_pa_dimensiones\">\n<th class=\"woocommerce-product-attribute-item__label\">Dimensiones<\/th>\n<td class=\"woocommerce-product-attribute-item__value\">110 x 55 x 35 CM<\/td>\n<\/tr>\n<tr class=\"art\u00edculo-atributos-producto-woocommerce-art\u00edculo-atributos-producto-woocommerce - atributo_pa_dimension-empaquetado\">\n<th class=\"woocommerce-product-attribute-item__label\">Dimensi\u00f3n de empaque<\/th>\n<td class=\"woocommerce-product-attribute-item__value\">115X60X40 \/\/ 106X55X16<\/td>\n<\/tr>\n<tr class=\"art\u00edculo-atributos-del-producto-woocommerce-art\u00edculo-atributos-del-producto-woocommerce - atributo_pa_volumen-m3\">\n<th class=\"woocommerce-product-attribute-item__label\">Volumen (m3)<\/th>\n<td class=\"woocommerce-product-attribute-item__value\">0.21<\/td>\n<\/tr>\n<tr class=\"art\u00edculo-atributos-del-producto-woocommerce-art\u00edculo-atributos-del-producto-woocommerce - atributo_pa_peso-del-producto\">\n<th class=\"woocommerce-product-attribute-item__label\">Peso del producto<\/th>\n<td class=\"woocommerce-product-attribute-item__value\">15 kg<\/td>\n<\/tr>\n<tr class=\"art\u00edculo-atributos-del-producto-woocommerce-art\u00edculo-atributos-del-producto-woocommerce - atributo_pa_number-of-parts\">\n<th class=\"woocommerce-product-attribute-item__label\">N\u00famero de piezas<\/th>\n<td class=\"woocommerce-product-attribute-item__value\">1<\/td>\n<\/tr>\n<tr class=\"art\u00edculo-atributos-producto-woocommerce-art\u00edculo-atributos-producto-woocommerce - atributo_pa_number-of-packages\">\n<th class=\"woocommerce-product-attribute-item__label\">N\u00famero de paquetes<\/th>\n<td class=\"woocommerce-product-attribute-item__value\">1<\/td>\n<\/tr>\n<tr class=\"art\u00edculo-atributos-producto-woocommerce-art\u00edculo-atributos-producto-woocommerce - atributo_pa_producto-manejo\">\n<th class=\"woocommerce-product-attribute-item__label\">Manejo del producto<\/th>\n<td class=\"woocommerce-product-attribute-item__value\">2 PERSONAS<\/td>\n<\/tr>\n<tr class=\"art\u00edculo-atributos-del-producto-woocommerce-art\u00edculo-atributos-del-producto-woocommerce - atributo_pa_recomendacion-de-cares\">\n<th class=\"woocommerce-product-attribute-item__label\">Recomendaci\u00f3n de cuidados<\/th>\n<td class=\"woocommerce-product-attribute-item__value\">Limpiar con un pa\u00f1o h\u00famedo<\/td>\n<\/tr>\n<\/tbody>\n<\/table>\n","protected":false},"excerpt":{"rendered":"<p>Color MADERA Material VIDRIO TEMPLADO DE 12MM Piernas VIDRIO Categor\u00eda TABLA CENTRAL Colecci\u00f3n SIDNEY Dimensiones 110 x 55 x 35 CM Dimensi\u00f3n de empaque 115X60X40 \/\/ 106X55X16 Volumen (m3) 0.21 Peso del producto 15 kg N\u00famero de piezas 1 N\u00famero de paquetes 1 Manejo del producto 2 PERSONAS Recomendaci\u00f3n de cuidados Limpiar con un pa\u00f1o [&hellip;]<\/p>\n","protected":false},"featured_media":9337,"comment_status":"closed","ping_status":"closed","template":"","meta":[],"product_cat":[198,177],"product_tag":[],"class_list":["post-9336","product","type-product","status-publish","has-post-thumbnail","hentry","product_cat-centro-es","product_cat-mesas"],"yoast_head":"<!-- This site is optimized with the Yoast SEO plugin v26.7 - https:\/\/yoast.com\/wordpress\/plugins\/seo\/ -->\n<title>Sidi - Table CT-609 - Muebles Albir<\/title>\n<meta name=\"robots\" content=\"index, follow, max-snippet:-1, max-image-preview:large, max-video-preview:-1\" \/>\n<link rel=\"canonical\" href=\"https:\/\/albirmuebles.com\/es\/producto\/sidi-table-ct-609\/\" \/>\n<meta property=\"og:locale\" content=\"es_ES\" \/>\n<meta property=\"og:type\" content=\"article\" \/>\n<meta property=\"og:title\" content=\"Sidi - Table CT-609 - Muebles Albir\" \/>\n<meta property=\"og:description\" content=\"Color MADERA Material VIDRIO TEMPLADO DE 12MM Piernas VIDRIO Categor\u00eda TABLA CENTRAL Colecci\u00f3n SIDNEY Dimensiones 110 x 55 x 35 CM Dimensi\u00f3n de empaque 115X60X40 \/\/ 106X55X16 Volumen (m3) 0.21 Peso del producto 15 kg N\u00famero de piezas 1 N\u00famero de paquetes 1 Manejo del producto 2 PERSONAS Recomendaci\u00f3n de cuidados Limpiar con un pa\u00f1o [&hellip;]\" \/>\n<meta property=\"og:url\" content=\"https:\/\/albirmuebles.com\/es\/producto\/sidi-table-ct-609\/\" \/>\n<meta property=\"og:site_name\" content=\"Muebles Albir\" \/>\n<meta property=\"article:publisher\" content=\"https:\/\/www.facebook.com\/Albir-Muebles-217159521715557\/\" \/>\n<meta property=\"article:modified_time\" content=\"2023-12-05T11:38:41+00:00\" \/>\n<meta property=\"og:image\" content=\"https:\/\/albirmuebles.com\/wp-content\/uploads\/2021\/04\/CT-609-LATERAL-scaled-1.jpg\" \/>\n\t<meta property=\"og:image:width\" content=\"2560\" \/>\n\t<meta property=\"og:image:height\" content=\"2560\" \/>\n\t<meta property=\"og:image:type\" content=\"image\/jpeg\" \/>\n<meta name=\"twitter:card\" content=\"summary_large_image\" \/>\n<script type=\"application\/ld+json\" class=\"yoast-schema-graph\">{\"@context\":\"https:\/\/schema.org\",\"@graph\":[{\"@type\":\"WebPage\",\"@id\":\"https:\/\/albirmuebles.com\/es\/producto\/sidi-table-ct-609\/\",\"url\":\"https:\/\/albirmuebles.com\/es\/producto\/sidi-table-ct-609\/\",\"name\":\"Sidi - Table CT-609 - Muebles Albir\",\"isPartOf\":{\"@id\":\"https:\/\/albirmuebles.com\/#website\"},\"primaryImageOfPage\":{\"@id\":\"https:\/\/albirmuebles.com\/es\/producto\/sidi-table-ct-609\/#primaryimage\"},\"image\":{\"@id\":\"https:\/\/albirmuebles.com\/es\/producto\/sidi-table-ct-609\/#primaryimage\"},\"thumbnailUrl\":\"https:\/\/e3vgfxkvpic.exactdn.com\/wp-content\/uploads\/2021\/04\/CT-609-LATERAL-scaled-1.jpg?strip=all\",\"datePublished\":\"2021-04-21T15:12:14+00:00\",\"dateModified\":\"2023-12-05T11:38:41+00:00\",\"breadcrumb\":{\"@id\":\"https:\/\/albirmuebles.com\/es\/producto\/sidi-table-ct-609\/#breadcrumb\"},\"inLanguage\":\"es\",\"potentialAction\":[{\"@type\":\"ReadAction\",\"target\":[\"https:\/\/albirmuebles.com\/es\/producto\/sidi-table-ct-609\/\"]}]},{\"@type\":\"ImageObject\",\"inLanguage\":\"es\",\"@id\":\"https:\/\/albirmuebles.com\/es\/producto\/sidi-table-ct-609\/#primaryimage\",\"url\":\"https:\/\/e3vgfxkvpic.exactdn.com\/wp-content\/uploads\/2021\/04\/CT-609-LATERAL-scaled-1.jpg?strip=all\",\"contentUrl\":\"https:\/\/e3vgfxkvpic.exactdn.com\/wp-content\/uploads\/2021\/04\/CT-609-LATERAL-scaled-1.jpg?strip=all\",\"width\":2560,\"height\":2560},{\"@type\":\"BreadcrumbList\",\"@id\":\"https:\/\/albirmuebles.com\/es\/producto\/sidi-table-ct-609\/#breadcrumb\",\"itemListElement\":[{\"@type\":\"ListItem\",\"position\":1,\"name\":\"Home\",\"item\":\"https:\/\/albirmuebles.com\/es\/\"},{\"@type\":\"ListItem\",\"position\":2,\"name\":\"Shop\",\"item\":\"https:\/\/albirmuebles.com\/shop\/\"},{\"@type\":\"ListItem\",\"position\":3,\"name\":\"Sidi &#8211; Table CT-609\"}]},{\"@type\":\"WebSite\",\"@id\":\"https:\/\/albirmuebles.com\/#website\",\"url\":\"https:\/\/albirmuebles.com\/\",\"name\":\"Muebles Albir\",\"description\":\"Muebles Albir\",\"publisher\":{\"@id\":\"https:\/\/albirmuebles.com\/#organization\"},\"potentialAction\":[{\"@type\":\"SearchAction\",\"target\":{\"@type\":\"EntryPoint\",\"urlTemplate\":\"https:\/\/albirmuebles.com\/?s={search_term_string}\"},\"query-input\":{\"@type\":\"PropertyValueSpecification\",\"valueRequired\":true,\"valueName\":\"search_term_string\"}}],\"inLanguage\":\"es\"},{\"@type\":\"Organization\",\"@id\":\"https:\/\/albirmuebles.com\/#organization\",\"name\":\"Albirmuebles\",\"url\":\"https:\/\/albirmuebles.com\/\",\"logo\":{\"@type\":\"ImageObject\",\"inLanguage\":\"es\",\"@id\":\"https:\/\/albirmuebles.com\/#\/schema\/logo\/image\/\",\"url\":\"https:\/\/albirmuebles.com\/wp-content\/uploads\/2020\/10\/logo_albir.png\",\"contentUrl\":\"https:\/\/albirmuebles.com\/wp-content\/uploads\/2020\/10\/logo_albir.png\",\"width\":800,\"height\":235,\"caption\":\"Albirmuebles\"},\"image\":{\"@id\":\"https:\/\/albirmuebles.com\/#\/schema\/logo\/image\/\"},\"sameAs\":[\"https:\/\/www.facebook.com\/Albir-Muebles-217159521715557\/\",\"https:\/\/www.instagram.com\/albir.muebles\/\"]}]}<\/script>\n<!-- \/ Yoast SEO plugin. -->","yoast_head_json":{"title":"Sidi - Table CT-609 - Muebles Albir","robots":{"index":"index","follow":"follow","max-snippet":"max-snippet:-1","max-image-preview":"max-image-preview:large","max-video-preview":"max-video-preview:-1"},"canonical":"https:\/\/albirmuebles.com\/es\/producto\/sidi-table-ct-609\/","og_locale":"es_ES","og_type":"article","og_title":"Sidi - Table CT-609 - Muebles Albir","og_description":"Color MADERA Material VIDRIO TEMPLADO DE 12MM Piernas VIDRIO Categor\u00eda TABLA CENTRAL Colecci\u00f3n SIDNEY Dimensiones 110 x 55 x 35 CM Dimensi\u00f3n de empaque 115X60X40 \/\/ 106X55X16 Volumen (m3) 0.21 Peso del producto 15 kg N\u00famero de piezas 1 N\u00famero de paquetes 1 Manejo del producto 2 PERSONAS Recomendaci\u00f3n de cuidados Limpiar con un pa\u00f1o [&hellip;]","og_url":"https:\/\/albirmuebles.com\/es\/producto\/sidi-table-ct-609\/","og_site_name":"Muebles Albir","article_publisher":"https:\/\/www.facebook.com\/Albir-Muebles-217159521715557\/","article_modified_time":"2023-12-05T11:38:41+00:00","og_image":[{"width":2560,"height":2560,"url":"https:\/\/albirmuebles.com\/wp-content\/uploads\/2021\/04\/CT-609-LATERAL-scaled-1.jpg","type":"image\/jpeg"}],"twitter_card":"summary_large_image","schema":{"@context":"https:\/\/schema.org","@graph":[{"@type":"WebPage","@id":"https:\/\/albirmuebles.com\/es\/producto\/sidi-table-ct-609\/","url":"https:\/\/albirmuebles.com\/es\/producto\/sidi-table-ct-609\/","name":"Sidi - Table CT-609 - Muebles Albir","isPartOf":{"@id":"https:\/\/albirmuebles.com\/#website"},"primaryImageOfPage":{"@id":"https:\/\/albirmuebles.com\/es\/producto\/sidi-table-ct-609\/#primaryimage"},"image":{"@id":"https:\/\/albirmuebles.com\/es\/producto\/sidi-table-ct-609\/#primaryimage"},"thumbnailUrl":"https:\/\/e3vgfxkvpic.exactdn.com\/wp-content\/uploads\/2021\/04\/CT-609-LATERAL-scaled-1.jpg?strip=all","datePublished":"2021-04-21T15:12:14+00:00","dateModified":"2023-12-05T11:38:41+00:00","breadcrumb":{"@id":"https:\/\/albirmuebles.com\/es\/producto\/sidi-table-ct-609\/#breadcrumb"},"inLanguage":"es","potentialAction":[{"@type":"ReadAction","target":["https:\/\/albirmuebles.com\/es\/producto\/sidi-table-ct-609\/"]}]},{"@type":"ImageObject","inLanguage":"es","@id":"https:\/\/albirmuebles.com\/es\/producto\/sidi-table-ct-609\/#primaryimage","url":"https:\/\/e3vgfxkvpic.exactdn.com\/wp-content\/uploads\/2021\/04\/CT-609-LATERAL-scaled-1.jpg?strip=all","contentUrl":"https:\/\/e3vgfxkvpic.exactdn.com\/wp-content\/uploads\/2021\/04\/CT-609-LATERAL-scaled-1.jpg?strip=all","width":2560,"height":2560},{"@type":"BreadcrumbList","@id":"https:\/\/albirmuebles.com\/es\/producto\/sidi-table-ct-609\/#breadcrumb","itemListElement":[{"@type":"ListItem","position":1,"name":"Home","item":"https:\/\/albirmuebles.com\/es\/"},{"@type":"ListItem","position":2,"name":"Shop","item":"https:\/\/albirmuebles.com\/shop\/"},{"@type":"ListItem","position":3,"name":"Sidi &#8211; Table CT-609"}]},{"@type":"WebSite","@id":"https:\/\/albirmuebles.com\/#website","url":"https:\/\/albirmuebles.com\/","name":"Muebles Albir","description":"Muebles Albir","publisher":{"@id":"https:\/\/albirmuebles.com\/#organization"},"potentialAction":[{"@type":"SearchAction","target":{"@type":"EntryPoint","urlTemplate":"https:\/\/albirmuebles.com\/?s={search_term_string}"},"query-input":{"@type":"PropertyValueSpecification","valueRequired":true,"valueName":"search_term_string"}}],"inLanguage":"es"},{"@type":"Organization","@id":"https:\/\/albirmuebles.com\/#organization","name":"Albirmuebles","url":"https:\/\/albirmuebles.com\/","logo":{"@type":"ImageObject","inLanguage":"es","@id":"https:\/\/albirmuebles.com\/#\/schema\/logo\/image\/","url":"https:\/\/albirmuebles.com\/wp-content\/uploads\/2020\/10\/logo_albir.png","contentUrl":"https:\/\/albirmuebles.com\/wp-content\/uploads\/2020\/10\/logo_albir.png","width":800,"height":235,"caption":"Albirmuebles"},"image":{"@id":"https:\/\/albirmuebles.com\/#\/schema\/logo\/image\/"},"sameAs":["https:\/\/www.facebook.com\/Albir-Muebles-217159521715557\/","https:\/\/www.instagram.com\/albir.muebles\/"]}]}},"_links":{"self":[{"href":"https:\/\/albirmuebles.com\/es\/wp-json\/wp\/v2\/product\/9336","targetHints":{"allow":["GET"]}}],"collection":[{"href":"https:\/\/albirmuebles.com\/es\/wp-json\/wp\/v2\/product"}],"about":[{"href":"https:\/\/albirmuebles.com\/es\/wp-json\/wp\/v2\/types\/product"}],"replies":[{"embeddable":true,"href":"https:\/\/albirmuebles.com\/es\/wp-json\/wp\/v2\/comments?post=9336"}],"version-history":[{"count":1,"href":"https:\/\/albirmuebles.com\/es\/wp-json\/wp\/v2\/product\/9336\/revisions"}],"predecessor-version":[{"id":10280,"href":"https:\/\/albirmuebles.com\/es\/wp-json\/wp\/v2\/product\/9336\/revisions\/10280"}],"wp:featuredmedia":[{"embeddable":true,"href":"https:\/\/albirmuebles.com\/es\/wp-json\/wp\/v2\/media\/9337"}],"wp:attachment":[{"href":"https:\/\/albirmuebles.com\/es\/wp-json\/wp\/v2\/media?parent=9336"}],"wp:term":[{"taxonomy":"product_cat","embeddable":true,"href":"https:\/\/albirmuebles.com\/es\/wp-json\/wp\/v2\/product_cat?post=9336"},{"taxonomy":"product_tag","embeddable":true,"href":"https:\/\/albirmuebles.com\/es\/wp-json\/wp\/v2\/product_tag?post=9336"}],"curies":[{"name":"wp","href":"https:\/\/api.w.org\/{rel}","templated":true}]}}