{"id":9257,"date":"2021-03-02T17:13:43","date_gmt":"2021-03-02T17:13:43","guid":{"rendered":"https:\/\/albirmuebles.com\/product\/prus\/"},"modified":"2021-03-02T17:13:43","modified_gmt":"2021-03-02T17:13:43","slug":"prus","status":"publish","type":"product","link":"https:\/\/albirmuebles.com\/es\/producto\/prus\/","title":{"rendered":"Prus"},"content":{"rendered":"<ul>\n<li> Estructura: madera de pino, tablero de part\u00edculas y espuma PUR. <\/li>\n<li> Asiento: espuma PUR de 30 Kg \/ m3 suave y fibra de poli\u00e9ster termoligada. Desenfundable. <\/li>\n<li> Respaldo: espuma PUR de 20 kg.\/m\u00b3 suave, recubierta de fibra de poli\u00e9ster termoligada. Desenfundable. <\/li>\n<li> Opciones: Pata madera (Wengu\u00e9, roble, natural o ceniza), Desplazamiento, Embellecedor, Colch\u00f3n visco, Colch\u00f3n platinum, Colch\u00f3n XL. <\/li>\n<\/ul>\n<table class = \"tbmedidas\">\n<tbody>\n<tr>\n<td><b>PRUS<\/b> <\/td>\n<td><b>Alto<\/b> <\/td>\n<td><b>Ancho<\/b> <\/td>\n<td><b>Fondo<\/b> <\/td>\n<td> <b> Altura del asiento <\/b> <\/td>\n<td> <b> Ancho de brazo <\/b> <\/td>\n<td> <b> Fondo cama abierta <\/b> <\/td>\n<td> <b> Cama \u00fatil <\/b> <\/td>\n<\/tr>\n<tr>\n<td><b>Chaise longue\u00a0<\/b><\/td>\n<td>80\/100<\/td>\n<td>97<\/td>\n<td>155<\/td>\n<td>46<\/td>\n<td><\/td>\n<td><\/td>\n<td><\/td>\n<\/tr>\n<tr>\n<td><b>M\u00f3dulo cama 070<\/b><\/td>\n<td>80\/100<\/td>\n<td>107<\/td>\n<td>102<\/td>\n<td>46<\/td>\n<td>14<\/td>\n<td>210<\/td>\n<td>070\u00d7200<\/td>\n<\/tr>\n<tr>\n<td><b>M\u00f3dulo cama 080<\/b><\/td>\n<td>80\/100<\/td>\n<td>117<\/td>\n<td>102<\/td>\n<td>46<\/td>\n<td>14<\/td>\n<td>210<\/td>\n<td>080\u00d7200<\/td>\n<\/tr>\n<tr>\n<td><b>M\u00f3dulo cama 100<\/b><\/td>\n<td>80\/100<\/td>\n<td>137<\/td>\n<td>102<\/td>\n<td>46<\/td>\n<td>14<\/td>\n<td>210<\/td>\n<td>100\u00d7200<\/td>\n<\/tr>\n<tr>\n<td><b>M\u00f3dulo cama 120<\/b><\/td>\n<td>80\/100<\/td>\n<td>157<\/td>\n<td>102<\/td>\n<td>46<\/td>\n<td>14<\/td>\n<td>210<\/td>\n<td>120\u00d7200<\/td>\n<\/tr>\n<tr>\n<td><b>M\u00f3dulo cama 140<\/b><\/td>\n<td>80\/100<\/td>\n<td>177<\/td>\n<td>102<\/td>\n<td>46<\/td>\n<td>14<\/td>\n<td>210<\/td>\n<td>140\u00d7200<\/td>\n<\/tr>\n<tr>\n<td><b>M\u00f3dulo cama 160<\/b><\/td>\n<td>80\/100<\/td>\n<td>197<\/td>\n<td>102<\/td>\n<td>46<\/td>\n<td>14<\/td>\n<td>210<\/td>\n<td>160\u00d7200<\/td>\n<\/tr>\n<tr>\n<td><b>Sof\u00e1 cama 070<\/b><\/td>\n<td>80\/100<\/td>\n<td>121<\/td>\n<td>102<\/td>\n<td>46<\/td>\n<td>14<\/td>\n<td>210<\/td>\n<td>070\u00d7200<\/td>\n<\/tr>\n<tr>\n<td><b>Sof\u00e1 cama 080<\/b><\/td>\n<td>80\/100<\/td>\n<td>131<\/td>\n<td>102<\/td>\n<td>46<\/td>\n<td>14<\/td>\n<td>210<\/td>\n<td>080\u00d7200<\/td>\n<\/tr>\n<tr>\n<td><b>Sof\u00e1 cama 100<\/b><\/td>\n<td>80\/100<\/td>\n<td>151<\/td>\n<td>102<\/td>\n<td>46<\/td>\n<td>14<\/td>\n<td>210<\/td>\n<td>100\u00d7200<\/td>\n<\/tr>\n<tr>\n<td><b>Sof\u00e1 cama 120<\/b><\/td>\n<td>80\/100<\/td>\n<td>171<\/td>\n<td>102<\/td>\n<td>46<\/td>\n<td>14<\/td>\n<td>210<\/td>\n<td>120\u00d7200<\/td>\n<\/tr>\n<tr>\n<td><b>Sof\u00e1 cama 140<\/b><\/td>\n<td>80\/100<\/td>\n<td>191<\/td>\n<td>102<\/td>\n<td>46<\/td>\n<td>14<\/td>\n<td>210<\/td>\n<td>140\u00d7200<\/td>\n<\/tr>\n<tr>\n<td><b>Sof\u00e1 cama 160<\/b><\/td>\n<td>80\/100<\/td>\n<td>211<\/td>\n<td>102<\/td>\n<td>46<\/td>\n<td>14<\/td>\n<td>210<\/td>\n<td>160\u00d7200<\/td>\n<\/tr>\n<tr>\n<td><b>Sof\u00e1 fijo 2 plazas<\/b><\/td>\n<td>80\/100<\/td>\n<td>151<\/td>\n<td>102<\/td>\n<td>46<\/td>\n<td>14<\/td>\n<td><\/td>\n<td><\/td>\n<\/tr>\n<tr>\n<td><b>Sof\u00e1 fijo 3 plazas<\/b><\/td>\n<td>80\/100<\/td>\n<td>191<\/td>\n<td>102<\/td>\n<td>46<\/td>\n<td>14<\/td>\n<td><\/td>\n<td><\/td>\n<\/tr>\n<\/tbody>\n<\/table>\n<p><img decoding=\"async\" class=\"aligncenter wp-image-16160 size-full\" src=\"https:\/\/www.suinta.com\/web\/wp-content\/uploads\/2014\/07\/medidas-sofa-cama-es1.png\" sizes=\"(max-width: 464px) 100vw, 464px\" srcset=\"https:\/\/www.suinta.com\/web\/wp-content\/uploads\/2014\/07\/medidas-sofa-cama-es1.png 464w, https:\/\/www.suinta.com\/web\/wp-content\/uploads\/2014\/07\/medidas-sofa-cama-es1-300x88.png 300w\" alt=\"\" width=\"464\" height=\"137\" \/><\/p>\n","protected":false},"excerpt":{"rendered":"<p>Estructura: madera de pino, tablero de part\u00edculas y espuma PUR. Asiento: espuma PUR de 30 Kg \/ m3 suave y fibra de poli\u00e9ster termoligada. Desenfundable. Respaldo: espuma PUR de 20 kg.\/m\u00b3 suave, recubierta de fibra de poli\u00e9ster termoligada. Desenfundable. Opciones: Pata madera (Wengu\u00e9, roble, natural o ceniza), Desplazamiento, Embellecedor, Colch\u00f3n visco, Colch\u00f3n platinum, Colch\u00f3n XL. [&hellip;]<\/p>\n","protected":false},"featured_media":9258,"comment_status":"closed","ping_status":"closed","template":"","meta":[],"product_cat":[164],"product_tag":[],"class_list":["post-9257","product","type-product","status-publish","has-post-thumbnail","hentry","product_cat-sofa-de-tela"],"yoast_head":"<!-- This site is optimized with the Yoast SEO plugin v26.7 - https:\/\/yoast.com\/wordpress\/plugins\/seo\/ -->\n<title>Prus - Muebles Albir<\/title>\n<meta name=\"robots\" content=\"index, follow, max-snippet:-1, max-image-preview:large, max-video-preview:-1\" \/>\n<link rel=\"canonical\" href=\"https:\/\/albirmuebles.com\/es\/producto\/prus\/\" \/>\n<meta property=\"og:locale\" content=\"es_ES\" \/>\n<meta property=\"og:type\" content=\"article\" \/>\n<meta property=\"og:title\" content=\"Prus - Muebles Albir\" \/>\n<meta property=\"og:description\" content=\"Estructura: madera de pino, tablero de part\u00edculas y espuma PUR. Asiento: espuma PUR de 30 Kg \/ m3 suave y fibra de poli\u00e9ster termoligada. Desenfundable. Respaldo: espuma PUR de 20 kg.\/m\u00b3 suave, recubierta de fibra de poli\u00e9ster termoligada. Desenfundable. Opciones: Pata madera (Wengu\u00e9, roble, natural o ceniza), Desplazamiento, Embellecedor, Colch\u00f3n visco, Colch\u00f3n platinum, Colch\u00f3n XL. [&hellip;]\" \/>\n<meta property=\"og:url\" content=\"https:\/\/albirmuebles.com\/es\/producto\/prus\/\" \/>\n<meta property=\"og:site_name\" content=\"Muebles Albir\" \/>\n<meta property=\"article:publisher\" content=\"https:\/\/www.facebook.com\/Albir-Muebles-217159521715557\/\" \/>\n<meta property=\"og:image\" content=\"https:\/\/albirmuebles.com\/wp-content\/uploads\/2021\/03\/PROSRE-021.jpg\" \/>\n\t<meta property=\"og:image:width\" content=\"826\" \/>\n\t<meta property=\"og:image:height\" content=\"619\" \/>\n\t<meta property=\"og:image:type\" content=\"image\/jpeg\" \/>\n<meta name=\"twitter:card\" content=\"summary_large_image\" \/>\n<meta name=\"twitter:label1\" content=\"Tiempo de lectura\" \/>\n\t<meta name=\"twitter:data1\" content=\"1 minuto\" \/>\n<script type=\"application\/ld+json\" class=\"yoast-schema-graph\">{\"@context\":\"https:\/\/schema.org\",\"@graph\":[{\"@type\":\"WebPage\",\"@id\":\"https:\/\/albirmuebles.com\/es\/producto\/prus\/\",\"url\":\"https:\/\/albirmuebles.com\/es\/producto\/prus\/\",\"name\":\"Prus - Muebles Albir\",\"isPartOf\":{\"@id\":\"https:\/\/albirmuebles.com\/#website\"},\"primaryImageOfPage\":{\"@id\":\"https:\/\/albirmuebles.com\/es\/producto\/prus\/#primaryimage\"},\"image\":{\"@id\":\"https:\/\/albirmuebles.com\/es\/producto\/prus\/#primaryimage\"},\"thumbnailUrl\":\"https:\/\/e3vgfxkvpic.exactdn.com\/wp-content\/uploads\/2021\/03\/PROSRE-021.jpg?strip=all\",\"datePublished\":\"2021-03-02T17:13:43+00:00\",\"breadcrumb\":{\"@id\":\"https:\/\/albirmuebles.com\/es\/producto\/prus\/#breadcrumb\"},\"inLanguage\":\"es\",\"potentialAction\":[{\"@type\":\"ReadAction\",\"target\":[\"https:\/\/albirmuebles.com\/es\/producto\/prus\/\"]}]},{\"@type\":\"ImageObject\",\"inLanguage\":\"es\",\"@id\":\"https:\/\/albirmuebles.com\/es\/producto\/prus\/#primaryimage\",\"url\":\"https:\/\/e3vgfxkvpic.exactdn.com\/wp-content\/uploads\/2021\/03\/PROSRE-021.jpg?strip=all\",\"contentUrl\":\"https:\/\/e3vgfxkvpic.exactdn.com\/wp-content\/uploads\/2021\/03\/PROSRE-021.jpg?strip=all\",\"width\":826,\"height\":619},{\"@type\":\"BreadcrumbList\",\"@id\":\"https:\/\/albirmuebles.com\/es\/producto\/prus\/#breadcrumb\",\"itemListElement\":[{\"@type\":\"ListItem\",\"position\":1,\"name\":\"Home\",\"item\":\"https:\/\/albirmuebles.com\/es\/\"},{\"@type\":\"ListItem\",\"position\":2,\"name\":\"Shop\",\"item\":\"https:\/\/albirmuebles.com\/shop\/\"},{\"@type\":\"ListItem\",\"position\":3,\"name\":\"Prus\"}]},{\"@type\":\"WebSite\",\"@id\":\"https:\/\/albirmuebles.com\/#website\",\"url\":\"https:\/\/albirmuebles.com\/\",\"name\":\"Muebles Albir\",\"description\":\"Muebles Albir\",\"publisher\":{\"@id\":\"https:\/\/albirmuebles.com\/#organization\"},\"potentialAction\":[{\"@type\":\"SearchAction\",\"target\":{\"@type\":\"EntryPoint\",\"urlTemplate\":\"https:\/\/albirmuebles.com\/?s={search_term_string}\"},\"query-input\":{\"@type\":\"PropertyValueSpecification\",\"valueRequired\":true,\"valueName\":\"search_term_string\"}}],\"inLanguage\":\"es\"},{\"@type\":\"Organization\",\"@id\":\"https:\/\/albirmuebles.com\/#organization\",\"name\":\"Albirmuebles\",\"url\":\"https:\/\/albirmuebles.com\/\",\"logo\":{\"@type\":\"ImageObject\",\"inLanguage\":\"es\",\"@id\":\"https:\/\/albirmuebles.com\/#\/schema\/logo\/image\/\",\"url\":\"https:\/\/albirmuebles.com\/wp-content\/uploads\/2020\/10\/logo_albir.png\",\"contentUrl\":\"https:\/\/albirmuebles.com\/wp-content\/uploads\/2020\/10\/logo_albir.png\",\"width\":800,\"height\":235,\"caption\":\"Albirmuebles\"},\"image\":{\"@id\":\"https:\/\/albirmuebles.com\/#\/schema\/logo\/image\/\"},\"sameAs\":[\"https:\/\/www.facebook.com\/Albir-Muebles-217159521715557\/\",\"https:\/\/www.instagram.com\/albir.muebles\/\"]}]}<\/script>\n<!-- \/ Yoast SEO plugin. -->","yoast_head_json":{"title":"Prus - Muebles Albir","robots":{"index":"index","follow":"follow","max-snippet":"max-snippet:-1","max-image-preview":"max-image-preview:large","max-video-preview":"max-video-preview:-1"},"canonical":"https:\/\/albirmuebles.com\/es\/producto\/prus\/","og_locale":"es_ES","og_type":"article","og_title":"Prus - Muebles Albir","og_description":"Estructura: madera de pino, tablero de part\u00edculas y espuma PUR. Asiento: espuma PUR de 30 Kg \/ m3 suave y fibra de poli\u00e9ster termoligada. Desenfundable. Respaldo: espuma PUR de 20 kg.\/m\u00b3 suave, recubierta de fibra de poli\u00e9ster termoligada. Desenfundable. Opciones: Pata madera (Wengu\u00e9, roble, natural o ceniza), Desplazamiento, Embellecedor, Colch\u00f3n visco, Colch\u00f3n platinum, Colch\u00f3n XL. [&hellip;]","og_url":"https:\/\/albirmuebles.com\/es\/producto\/prus\/","og_site_name":"Muebles Albir","article_publisher":"https:\/\/www.facebook.com\/Albir-Muebles-217159521715557\/","og_image":[{"width":826,"height":619,"url":"https:\/\/albirmuebles.com\/wp-content\/uploads\/2021\/03\/PROSRE-021.jpg","type":"image\/jpeg"}],"twitter_card":"summary_large_image","twitter_misc":{"Tiempo de lectura":"1 minuto"},"schema":{"@context":"https:\/\/schema.org","@graph":[{"@type":"WebPage","@id":"https:\/\/albirmuebles.com\/es\/producto\/prus\/","url":"https:\/\/albirmuebles.com\/es\/producto\/prus\/","name":"Prus - Muebles Albir","isPartOf":{"@id":"https:\/\/albirmuebles.com\/#website"},"primaryImageOfPage":{"@id":"https:\/\/albirmuebles.com\/es\/producto\/prus\/#primaryimage"},"image":{"@id":"https:\/\/albirmuebles.com\/es\/producto\/prus\/#primaryimage"},"thumbnailUrl":"https:\/\/e3vgfxkvpic.exactdn.com\/wp-content\/uploads\/2021\/03\/PROSRE-021.jpg?strip=all","datePublished":"2021-03-02T17:13:43+00:00","breadcrumb":{"@id":"https:\/\/albirmuebles.com\/es\/producto\/prus\/#breadcrumb"},"inLanguage":"es","potentialAction":[{"@type":"ReadAction","target":["https:\/\/albirmuebles.com\/es\/producto\/prus\/"]}]},{"@type":"ImageObject","inLanguage":"es","@id":"https:\/\/albirmuebles.com\/es\/producto\/prus\/#primaryimage","url":"https:\/\/e3vgfxkvpic.exactdn.com\/wp-content\/uploads\/2021\/03\/PROSRE-021.jpg?strip=all","contentUrl":"https:\/\/e3vgfxkvpic.exactdn.com\/wp-content\/uploads\/2021\/03\/PROSRE-021.jpg?strip=all","width":826,"height":619},{"@type":"BreadcrumbList","@id":"https:\/\/albirmuebles.com\/es\/producto\/prus\/#breadcrumb","itemListElement":[{"@type":"ListItem","position":1,"name":"Home","item":"https:\/\/albirmuebles.com\/es\/"},{"@type":"ListItem","position":2,"name":"Shop","item":"https:\/\/albirmuebles.com\/shop\/"},{"@type":"ListItem","position":3,"name":"Prus"}]},{"@type":"WebSite","@id":"https:\/\/albirmuebles.com\/#website","url":"https:\/\/albirmuebles.com\/","name":"Muebles Albir","description":"Muebles Albir","publisher":{"@id":"https:\/\/albirmuebles.com\/#organization"},"potentialAction":[{"@type":"SearchAction","target":{"@type":"EntryPoint","urlTemplate":"https:\/\/albirmuebles.com\/?s={search_term_string}"},"query-input":{"@type":"PropertyValueSpecification","valueRequired":true,"valueName":"search_term_string"}}],"inLanguage":"es"},{"@type":"Organization","@id":"https:\/\/albirmuebles.com\/#organization","name":"Albirmuebles","url":"https:\/\/albirmuebles.com\/","logo":{"@type":"ImageObject","inLanguage":"es","@id":"https:\/\/albirmuebles.com\/#\/schema\/logo\/image\/","url":"https:\/\/albirmuebles.com\/wp-content\/uploads\/2020\/10\/logo_albir.png","contentUrl":"https:\/\/albirmuebles.com\/wp-content\/uploads\/2020\/10\/logo_albir.png","width":800,"height":235,"caption":"Albirmuebles"},"image":{"@id":"https:\/\/albirmuebles.com\/#\/schema\/logo\/image\/"},"sameAs":["https:\/\/www.facebook.com\/Albir-Muebles-217159521715557\/","https:\/\/www.instagram.com\/albir.muebles\/"]}]}},"_links":{"self":[{"href":"https:\/\/albirmuebles.com\/es\/wp-json\/wp\/v2\/product\/9257","targetHints":{"allow":["GET"]}}],"collection":[{"href":"https:\/\/albirmuebles.com\/es\/wp-json\/wp\/v2\/product"}],"about":[{"href":"https:\/\/albirmuebles.com\/es\/wp-json\/wp\/v2\/types\/product"}],"replies":[{"embeddable":true,"href":"https:\/\/albirmuebles.com\/es\/wp-json\/wp\/v2\/comments?post=9257"}],"version-history":[{"count":0,"href":"https:\/\/albirmuebles.com\/es\/wp-json\/wp\/v2\/product\/9257\/revisions"}],"wp:featuredmedia":[{"embeddable":true,"href":"https:\/\/albirmuebles.com\/es\/wp-json\/wp\/v2\/media\/9258"}],"wp:attachment":[{"href":"https:\/\/albirmuebles.com\/es\/wp-json\/wp\/v2\/media?parent=9257"}],"wp:term":[{"taxonomy":"product_cat","embeddable":true,"href":"https:\/\/albirmuebles.com\/es\/wp-json\/wp\/v2\/product_cat?post=9257"},{"taxonomy":"product_tag","embeddable":true,"href":"https:\/\/albirmuebles.com\/es\/wp-json\/wp\/v2\/product_tag?post=9257"}],"curies":[{"name":"wp","href":"https:\/\/api.w.org\/{rel}","templated":true}]}}