{"id":9198,"date":"2021-05-07T11:37:11","date_gmt":"2021-05-07T11:37:11","guid":{"rendered":"https:\/\/albirmuebles.com\/product\/plato-cuadrado-buon-appetito-26-x-26\/"},"modified":"2021-05-07T11:37:11","modified_gmt":"2021-05-07T11:37:11","slug":"plato-cuadrado-buon-appetito-26-x-26","status":"publish","type":"product","link":"https:\/\/albirmuebles.com\/es\/producto\/plato-cuadrado-buon-appetito-26-x-26\/","title":{"rendered":"Plato Cuadrado Buon Appetito 26 x 26"},"content":{"rendered":"<p>Buon appetit, por supuesto, significa \u00abdisfruta tu comida\u00bb en italiano. Y si la configuraci\u00f3n de la mesa tiene algo que ver con eso, \u00a1t\u00fa lo har\u00e1s! Este nuevo servicio de cena con platos en tres tama\u00f1os diferentes hace que cada comida sea completa. Despu\u00e9s, \u00a1no olvides dar tu complimenti &#8216;alla cuoca&#8217;, felicitaciones al chef!<\/p>\n","protected":false},"excerpt":{"rendered":"<p>Buon appetit, por supuesto, significa \u00abdisfruta tu comida\u00bb en italiano. Y si la configuraci\u00f3n de la mesa tiene algo que ver con eso, \u00a1t\u00fa lo har\u00e1s! Este nuevo servicio de cena con platos en tres tama\u00f1os diferentes hace que cada comida sea completa. Despu\u00e9s, \u00a1no olvides dar tu complimenti &#8216;alla cuoca&#8217;, felicitaciones al chef!<\/p>\n","protected":false},"featured_media":9199,"comment_status":"closed","ping_status":"closed","template":"","meta":[],"product_cat":[172],"product_tag":[],"class_list":["post-9198","product","type-product","status-publish","has-post-thumbnail","hentry","product_cat-riviera-maison-accesorios-es"],"yoast_head":"<!-- This site is optimized with the Yoast SEO plugin v26.7 - https:\/\/yoast.com\/wordpress\/plugins\/seo\/ -->\n<title>Plato Cuadrado Buon Appetito 26 x 26 - Muebles Albir<\/title>\n<meta name=\"robots\" content=\"index, follow, max-snippet:-1, max-image-preview:large, max-video-preview:-1\" \/>\n<link rel=\"canonical\" href=\"https:\/\/albirmuebles.com\/es\/producto\/plato-cuadrado-buon-appetito-26-x-26\/\" \/>\n<meta property=\"og:locale\" content=\"es_ES\" \/>\n<meta property=\"og:type\" content=\"article\" \/>\n<meta property=\"og:title\" content=\"Plato Cuadrado Buon Appetito 26 x 26 - Muebles Albir\" \/>\n<meta property=\"og:description\" content=\"Buon appetit, por supuesto, significa \u00abdisfruta tu comida\u00bb en italiano. Y si la configuraci\u00f3n de la mesa tiene algo que ver con eso, \u00a1t\u00fa lo har\u00e1s! Este nuevo servicio de cena con platos en tres tama\u00f1os diferentes hace que cada comida sea completa. Despu\u00e9s, \u00a1no olvides dar tu complimenti &#8216;alla cuoca&#8217;, felicitaciones al chef!\" \/>\n<meta property=\"og:url\" content=\"https:\/\/albirmuebles.com\/es\/producto\/plato-cuadrado-buon-appetito-26-x-26\/\" \/>\n<meta property=\"og:site_name\" content=\"Muebles Albir\" \/>\n<meta property=\"article:publisher\" content=\"https:\/\/www.facebook.com\/Albir-Muebles-217159521715557\/\" \/>\n<meta property=\"og:image\" content=\"https:\/\/albirmuebles.com\/wp-content\/uploads\/2021\/05\/164970_18.jpg\" \/>\n\t<meta property=\"og:image:width\" content=\"700\" \/>\n\t<meta property=\"og:image:height\" content=\"700\" \/>\n\t<meta property=\"og:image:type\" content=\"image\/jpeg\" \/>\n<meta name=\"twitter:card\" content=\"summary_large_image\" \/>\n<script type=\"application\/ld+json\" class=\"yoast-schema-graph\">{\"@context\":\"https:\/\/schema.org\",\"@graph\":[{\"@type\":\"WebPage\",\"@id\":\"https:\/\/albirmuebles.com\/es\/producto\/plato-cuadrado-buon-appetito-26-x-26\/\",\"url\":\"https:\/\/albirmuebles.com\/es\/producto\/plato-cuadrado-buon-appetito-26-x-26\/\",\"name\":\"Plato Cuadrado Buon Appetito 26 x 26 - Muebles Albir\",\"isPartOf\":{\"@id\":\"https:\/\/albirmuebles.com\/#website\"},\"primaryImageOfPage\":{\"@id\":\"https:\/\/albirmuebles.com\/es\/producto\/plato-cuadrado-buon-appetito-26-x-26\/#primaryimage\"},\"image\":{\"@id\":\"https:\/\/albirmuebles.com\/es\/producto\/plato-cuadrado-buon-appetito-26-x-26\/#primaryimage\"},\"thumbnailUrl\":\"https:\/\/e3vgfxkvpic.exactdn.com\/wp-content\/uploads\/2021\/05\/164970_18.jpg?strip=all\",\"datePublished\":\"2021-05-07T11:37:11+00:00\",\"breadcrumb\":{\"@id\":\"https:\/\/albirmuebles.com\/es\/producto\/plato-cuadrado-buon-appetito-26-x-26\/#breadcrumb\"},\"inLanguage\":\"es\",\"potentialAction\":[{\"@type\":\"ReadAction\",\"target\":[\"https:\/\/albirmuebles.com\/es\/producto\/plato-cuadrado-buon-appetito-26-x-26\/\"]}]},{\"@type\":\"ImageObject\",\"inLanguage\":\"es\",\"@id\":\"https:\/\/albirmuebles.com\/es\/producto\/plato-cuadrado-buon-appetito-26-x-26\/#primaryimage\",\"url\":\"https:\/\/e3vgfxkvpic.exactdn.com\/wp-content\/uploads\/2021\/05\/164970_18.jpg?strip=all\",\"contentUrl\":\"https:\/\/e3vgfxkvpic.exactdn.com\/wp-content\/uploads\/2021\/05\/164970_18.jpg?strip=all\",\"width\":700,\"height\":700},{\"@type\":\"BreadcrumbList\",\"@id\":\"https:\/\/albirmuebles.com\/es\/producto\/plato-cuadrado-buon-appetito-26-x-26\/#breadcrumb\",\"itemListElement\":[{\"@type\":\"ListItem\",\"position\":1,\"name\":\"Home\",\"item\":\"https:\/\/albirmuebles.com\/es\/\"},{\"@type\":\"ListItem\",\"position\":2,\"name\":\"Shop\",\"item\":\"https:\/\/albirmuebles.com\/shop\/\"},{\"@type\":\"ListItem\",\"position\":3,\"name\":\"Plato Cuadrado Buon Appetito 26 x 26\"}]},{\"@type\":\"WebSite\",\"@id\":\"https:\/\/albirmuebles.com\/#website\",\"url\":\"https:\/\/albirmuebles.com\/\",\"name\":\"Muebles Albir\",\"description\":\"Muebles Albir\",\"publisher\":{\"@id\":\"https:\/\/albirmuebles.com\/#organization\"},\"potentialAction\":[{\"@type\":\"SearchAction\",\"target\":{\"@type\":\"EntryPoint\",\"urlTemplate\":\"https:\/\/albirmuebles.com\/?s={search_term_string}\"},\"query-input\":{\"@type\":\"PropertyValueSpecification\",\"valueRequired\":true,\"valueName\":\"search_term_string\"}}],\"inLanguage\":\"es\"},{\"@type\":\"Organization\",\"@id\":\"https:\/\/albirmuebles.com\/#organization\",\"name\":\"Albirmuebles\",\"url\":\"https:\/\/albirmuebles.com\/\",\"logo\":{\"@type\":\"ImageObject\",\"inLanguage\":\"es\",\"@id\":\"https:\/\/albirmuebles.com\/#\/schema\/logo\/image\/\",\"url\":\"https:\/\/albirmuebles.com\/wp-content\/uploads\/2020\/10\/logo_albir.png\",\"contentUrl\":\"https:\/\/albirmuebles.com\/wp-content\/uploads\/2020\/10\/logo_albir.png\",\"width\":800,\"height\":235,\"caption\":\"Albirmuebles\"},\"image\":{\"@id\":\"https:\/\/albirmuebles.com\/#\/schema\/logo\/image\/\"},\"sameAs\":[\"https:\/\/www.facebook.com\/Albir-Muebles-217159521715557\/\",\"https:\/\/www.instagram.com\/albir.muebles\/\"]}]}<\/script>\n<!-- \/ Yoast SEO plugin. -->","yoast_head_json":{"title":"Plato Cuadrado Buon Appetito 26 x 26 - Muebles Albir","robots":{"index":"index","follow":"follow","max-snippet":"max-snippet:-1","max-image-preview":"max-image-preview:large","max-video-preview":"max-video-preview:-1"},"canonical":"https:\/\/albirmuebles.com\/es\/producto\/plato-cuadrado-buon-appetito-26-x-26\/","og_locale":"es_ES","og_type":"article","og_title":"Plato Cuadrado Buon Appetito 26 x 26 - Muebles Albir","og_description":"Buon appetit, por supuesto, significa \u00abdisfruta tu comida\u00bb en italiano. Y si la configuraci\u00f3n de la mesa tiene algo que ver con eso, \u00a1t\u00fa lo har\u00e1s! Este nuevo servicio de cena con platos en tres tama\u00f1os diferentes hace que cada comida sea completa. Despu\u00e9s, \u00a1no olvides dar tu complimenti &#8216;alla cuoca&#8217;, felicitaciones al chef!","og_url":"https:\/\/albirmuebles.com\/es\/producto\/plato-cuadrado-buon-appetito-26-x-26\/","og_site_name":"Muebles Albir","article_publisher":"https:\/\/www.facebook.com\/Albir-Muebles-217159521715557\/","og_image":[{"width":700,"height":700,"url":"https:\/\/albirmuebles.com\/wp-content\/uploads\/2021\/05\/164970_18.jpg","type":"image\/jpeg"}],"twitter_card":"summary_large_image","schema":{"@context":"https:\/\/schema.org","@graph":[{"@type":"WebPage","@id":"https:\/\/albirmuebles.com\/es\/producto\/plato-cuadrado-buon-appetito-26-x-26\/","url":"https:\/\/albirmuebles.com\/es\/producto\/plato-cuadrado-buon-appetito-26-x-26\/","name":"Plato Cuadrado Buon Appetito 26 x 26 - Muebles Albir","isPartOf":{"@id":"https:\/\/albirmuebles.com\/#website"},"primaryImageOfPage":{"@id":"https:\/\/albirmuebles.com\/es\/producto\/plato-cuadrado-buon-appetito-26-x-26\/#primaryimage"},"image":{"@id":"https:\/\/albirmuebles.com\/es\/producto\/plato-cuadrado-buon-appetito-26-x-26\/#primaryimage"},"thumbnailUrl":"https:\/\/e3vgfxkvpic.exactdn.com\/wp-content\/uploads\/2021\/05\/164970_18.jpg?strip=all","datePublished":"2021-05-07T11:37:11+00:00","breadcrumb":{"@id":"https:\/\/albirmuebles.com\/es\/producto\/plato-cuadrado-buon-appetito-26-x-26\/#breadcrumb"},"inLanguage":"es","potentialAction":[{"@type":"ReadAction","target":["https:\/\/albirmuebles.com\/es\/producto\/plato-cuadrado-buon-appetito-26-x-26\/"]}]},{"@type":"ImageObject","inLanguage":"es","@id":"https:\/\/albirmuebles.com\/es\/producto\/plato-cuadrado-buon-appetito-26-x-26\/#primaryimage","url":"https:\/\/e3vgfxkvpic.exactdn.com\/wp-content\/uploads\/2021\/05\/164970_18.jpg?strip=all","contentUrl":"https:\/\/e3vgfxkvpic.exactdn.com\/wp-content\/uploads\/2021\/05\/164970_18.jpg?strip=all","width":700,"height":700},{"@type":"BreadcrumbList","@id":"https:\/\/albirmuebles.com\/es\/producto\/plato-cuadrado-buon-appetito-26-x-26\/#breadcrumb","itemListElement":[{"@type":"ListItem","position":1,"name":"Home","item":"https:\/\/albirmuebles.com\/es\/"},{"@type":"ListItem","position":2,"name":"Shop","item":"https:\/\/albirmuebles.com\/shop\/"},{"@type":"ListItem","position":3,"name":"Plato Cuadrado Buon Appetito 26 x 26"}]},{"@type":"WebSite","@id":"https:\/\/albirmuebles.com\/#website","url":"https:\/\/albirmuebles.com\/","name":"Muebles Albir","description":"Muebles Albir","publisher":{"@id":"https:\/\/albirmuebles.com\/#organization"},"potentialAction":[{"@type":"SearchAction","target":{"@type":"EntryPoint","urlTemplate":"https:\/\/albirmuebles.com\/?s={search_term_string}"},"query-input":{"@type":"PropertyValueSpecification","valueRequired":true,"valueName":"search_term_string"}}],"inLanguage":"es"},{"@type":"Organization","@id":"https:\/\/albirmuebles.com\/#organization","name":"Albirmuebles","url":"https:\/\/albirmuebles.com\/","logo":{"@type":"ImageObject","inLanguage":"es","@id":"https:\/\/albirmuebles.com\/#\/schema\/logo\/image\/","url":"https:\/\/albirmuebles.com\/wp-content\/uploads\/2020\/10\/logo_albir.png","contentUrl":"https:\/\/albirmuebles.com\/wp-content\/uploads\/2020\/10\/logo_albir.png","width":800,"height":235,"caption":"Albirmuebles"},"image":{"@id":"https:\/\/albirmuebles.com\/#\/schema\/logo\/image\/"},"sameAs":["https:\/\/www.facebook.com\/Albir-Muebles-217159521715557\/","https:\/\/www.instagram.com\/albir.muebles\/"]}]}},"_links":{"self":[{"href":"https:\/\/albirmuebles.com\/es\/wp-json\/wp\/v2\/product\/9198","targetHints":{"allow":["GET"]}}],"collection":[{"href":"https:\/\/albirmuebles.com\/es\/wp-json\/wp\/v2\/product"}],"about":[{"href":"https:\/\/albirmuebles.com\/es\/wp-json\/wp\/v2\/types\/product"}],"replies":[{"embeddable":true,"href":"https:\/\/albirmuebles.com\/es\/wp-json\/wp\/v2\/comments?post=9198"}],"version-history":[{"count":0,"href":"https:\/\/albirmuebles.com\/es\/wp-json\/wp\/v2\/product\/9198\/revisions"}],"wp:featuredmedia":[{"embeddable":true,"href":"https:\/\/albirmuebles.com\/es\/wp-json\/wp\/v2\/media\/9199"}],"wp:attachment":[{"href":"https:\/\/albirmuebles.com\/es\/wp-json\/wp\/v2\/media?parent=9198"}],"wp:term":[{"taxonomy":"product_cat","embeddable":true,"href":"https:\/\/albirmuebles.com\/es\/wp-json\/wp\/v2\/product_cat?post=9198"},{"taxonomy":"product_tag","embeddable":true,"href":"https:\/\/albirmuebles.com\/es\/wp-json\/wp\/v2\/product_tag?post=9198"}],"curies":[{"name":"wp","href":"https:\/\/api.w.org\/{rel}","templated":true}]}}