{"id":9182,"date":"2021-05-07T11:51:28","date_gmt":"2021-05-07T11:51:28","guid":{"rendered":"https:\/\/albirmuebles.com\/product\/copa-de-gin-tonic-de-la-mejor-seleccion\/"},"modified":"2021-05-07T11:51:28","modified_gmt":"2021-05-07T11:51:28","slug":"copa-de-gin-tonic-de-la-mejor-seleccion","status":"publish","type":"product","link":"https:\/\/albirmuebles.com\/es\/producto\/copa-de-gin-tonic-de-la-mejor-seleccion\/","title":{"rendered":"Copa de Gin &#038; Tonic de la mejor selecci\u00f3n"},"content":{"rendered":"<p>Los amantes del gin &#038; tonic, o G&#038;T como dicen los ingleses, hoy en d\u00eda prefieren un vaso redondo para beber su mix. En una pierna, eso es. Se acabaron los vasos de trago largo, para esta bebida. Este vaso de Finest Selection es perfecto para eso. Precioso vaso, esf\u00e9rico y con una inscripci\u00f3n que gracias al m\u00e9todo del doble cristal no se desgasta. Sin embargo, es preferible lavar este vaso a mano.<\/p>\n","protected":false},"excerpt":{"rendered":"<p>Los amantes del gin &#038; tonic, o G&#038;T como dicen los ingleses, hoy en d\u00eda prefieren un vaso redondo para beber su mix. En una pierna, eso es. Se acabaron los vasos de trago largo, para esta bebida. Este vaso de Finest Selection es perfecto para eso. Precioso vaso, esf\u00e9rico y con una inscripci\u00f3n que [&hellip;]<\/p>\n","protected":false},"featured_media":9183,"comment_status":"closed","ping_status":"closed","template":"","meta":[],"product_cat":[172],"product_tag":[],"class_list":["post-9182","product","type-product","status-publish","has-post-thumbnail","hentry","product_cat-riviera-maison-accesorios-es"],"yoast_head":"<!-- This site is optimized with the Yoast SEO plugin v26.7 - https:\/\/yoast.com\/wordpress\/plugins\/seo\/ -->\n<title>Copa de Gin &amp; Tonic de la mejor selecci\u00f3n - Muebles Albir<\/title>\n<meta name=\"robots\" content=\"index, follow, max-snippet:-1, max-image-preview:large, max-video-preview:-1\" \/>\n<link rel=\"canonical\" href=\"https:\/\/albirmuebles.com\/es\/producto\/copa-de-gin-tonic-de-la-mejor-seleccion\/\" \/>\n<meta property=\"og:locale\" content=\"es_ES\" \/>\n<meta property=\"og:type\" content=\"article\" \/>\n<meta property=\"og:title\" content=\"Copa de Gin &amp; Tonic de la mejor selecci\u00f3n - Muebles Albir\" \/>\n<meta property=\"og:description\" content=\"Los amantes del gin &#038; tonic, o G&#038;T como dicen los ingleses, hoy en d\u00eda prefieren un vaso redondo para beber su mix. En una pierna, eso es. Se acabaron los vasos de trago largo, para esta bebida. Este vaso de Finest Selection es perfecto para eso. Precioso vaso, esf\u00e9rico y con una inscripci\u00f3n que [&hellip;]\" \/>\n<meta property=\"og:url\" content=\"https:\/\/albirmuebles.com\/es\/producto\/copa-de-gin-tonic-de-la-mejor-seleccion\/\" \/>\n<meta property=\"og:site_name\" content=\"Muebles Albir\" \/>\n<meta property=\"article:publisher\" content=\"https:\/\/www.facebook.com\/Albir-Muebles-217159521715557\/\" \/>\n<meta property=\"og:image\" content=\"https:\/\/albirmuebles.com\/wp-content\/uploads\/2021\/05\/409390_15.jpg\" \/>\n\t<meta property=\"og:image:width\" content=\"700\" \/>\n\t<meta property=\"og:image:height\" content=\"700\" \/>\n\t<meta property=\"og:image:type\" content=\"image\/jpeg\" \/>\n<meta name=\"twitter:card\" content=\"summary_large_image\" \/>\n<script type=\"application\/ld+json\" class=\"yoast-schema-graph\">{\"@context\":\"https:\/\/schema.org\",\"@graph\":[{\"@type\":\"WebPage\",\"@id\":\"https:\/\/albirmuebles.com\/es\/producto\/copa-de-gin-tonic-de-la-mejor-seleccion\/\",\"url\":\"https:\/\/albirmuebles.com\/es\/producto\/copa-de-gin-tonic-de-la-mejor-seleccion\/\",\"name\":\"Copa de Gin & Tonic de la mejor selecci\u00f3n - Muebles Albir\",\"isPartOf\":{\"@id\":\"https:\/\/albirmuebles.com\/#website\"},\"primaryImageOfPage\":{\"@id\":\"https:\/\/albirmuebles.com\/es\/producto\/copa-de-gin-tonic-de-la-mejor-seleccion\/#primaryimage\"},\"image\":{\"@id\":\"https:\/\/albirmuebles.com\/es\/producto\/copa-de-gin-tonic-de-la-mejor-seleccion\/#primaryimage\"},\"thumbnailUrl\":\"https:\/\/e3vgfxkvpic.exactdn.com\/wp-content\/uploads\/2021\/05\/409390_15.jpg?strip=all\",\"datePublished\":\"2021-05-07T11:51:28+00:00\",\"breadcrumb\":{\"@id\":\"https:\/\/albirmuebles.com\/es\/producto\/copa-de-gin-tonic-de-la-mejor-seleccion\/#breadcrumb\"},\"inLanguage\":\"es\",\"potentialAction\":[{\"@type\":\"ReadAction\",\"target\":[\"https:\/\/albirmuebles.com\/es\/producto\/copa-de-gin-tonic-de-la-mejor-seleccion\/\"]}]},{\"@type\":\"ImageObject\",\"inLanguage\":\"es\",\"@id\":\"https:\/\/albirmuebles.com\/es\/producto\/copa-de-gin-tonic-de-la-mejor-seleccion\/#primaryimage\",\"url\":\"https:\/\/e3vgfxkvpic.exactdn.com\/wp-content\/uploads\/2021\/05\/409390_15.jpg?strip=all\",\"contentUrl\":\"https:\/\/e3vgfxkvpic.exactdn.com\/wp-content\/uploads\/2021\/05\/409390_15.jpg?strip=all\",\"width\":700,\"height\":700},{\"@type\":\"BreadcrumbList\",\"@id\":\"https:\/\/albirmuebles.com\/es\/producto\/copa-de-gin-tonic-de-la-mejor-seleccion\/#breadcrumb\",\"itemListElement\":[{\"@type\":\"ListItem\",\"position\":1,\"name\":\"Home\",\"item\":\"https:\/\/albirmuebles.com\/es\/\"},{\"@type\":\"ListItem\",\"position\":2,\"name\":\"Shop\",\"item\":\"https:\/\/albirmuebles.com\/shop\/\"},{\"@type\":\"ListItem\",\"position\":3,\"name\":\"Copa de Gin &#038; Tonic de la mejor selecci\u00f3n\"}]},{\"@type\":\"WebSite\",\"@id\":\"https:\/\/albirmuebles.com\/#website\",\"url\":\"https:\/\/albirmuebles.com\/\",\"name\":\"Muebles Albir\",\"description\":\"Muebles Albir\",\"publisher\":{\"@id\":\"https:\/\/albirmuebles.com\/#organization\"},\"potentialAction\":[{\"@type\":\"SearchAction\",\"target\":{\"@type\":\"EntryPoint\",\"urlTemplate\":\"https:\/\/albirmuebles.com\/?s={search_term_string}\"},\"query-input\":{\"@type\":\"PropertyValueSpecification\",\"valueRequired\":true,\"valueName\":\"search_term_string\"}}],\"inLanguage\":\"es\"},{\"@type\":\"Organization\",\"@id\":\"https:\/\/albirmuebles.com\/#organization\",\"name\":\"Albirmuebles\",\"url\":\"https:\/\/albirmuebles.com\/\",\"logo\":{\"@type\":\"ImageObject\",\"inLanguage\":\"es\",\"@id\":\"https:\/\/albirmuebles.com\/#\/schema\/logo\/image\/\",\"url\":\"https:\/\/albirmuebles.com\/wp-content\/uploads\/2020\/10\/logo_albir.png\",\"contentUrl\":\"https:\/\/albirmuebles.com\/wp-content\/uploads\/2020\/10\/logo_albir.png\",\"width\":800,\"height\":235,\"caption\":\"Albirmuebles\"},\"image\":{\"@id\":\"https:\/\/albirmuebles.com\/#\/schema\/logo\/image\/\"},\"sameAs\":[\"https:\/\/www.facebook.com\/Albir-Muebles-217159521715557\/\",\"https:\/\/www.instagram.com\/albir.muebles\/\"]}]}<\/script>\n<!-- \/ Yoast SEO plugin. -->","yoast_head_json":{"title":"Copa de Gin & Tonic de la mejor selecci\u00f3n - Muebles Albir","robots":{"index":"index","follow":"follow","max-snippet":"max-snippet:-1","max-image-preview":"max-image-preview:large","max-video-preview":"max-video-preview:-1"},"canonical":"https:\/\/albirmuebles.com\/es\/producto\/copa-de-gin-tonic-de-la-mejor-seleccion\/","og_locale":"es_ES","og_type":"article","og_title":"Copa de Gin & Tonic de la mejor selecci\u00f3n - Muebles Albir","og_description":"Los amantes del gin &#038; tonic, o G&#038;T como dicen los ingleses, hoy en d\u00eda prefieren un vaso redondo para beber su mix. En una pierna, eso es. Se acabaron los vasos de trago largo, para esta bebida. Este vaso de Finest Selection es perfecto para eso. Precioso vaso, esf\u00e9rico y con una inscripci\u00f3n que [&hellip;]","og_url":"https:\/\/albirmuebles.com\/es\/producto\/copa-de-gin-tonic-de-la-mejor-seleccion\/","og_site_name":"Muebles Albir","article_publisher":"https:\/\/www.facebook.com\/Albir-Muebles-217159521715557\/","og_image":[{"width":700,"height":700,"url":"https:\/\/albirmuebles.com\/wp-content\/uploads\/2021\/05\/409390_15.jpg","type":"image\/jpeg"}],"twitter_card":"summary_large_image","schema":{"@context":"https:\/\/schema.org","@graph":[{"@type":"WebPage","@id":"https:\/\/albirmuebles.com\/es\/producto\/copa-de-gin-tonic-de-la-mejor-seleccion\/","url":"https:\/\/albirmuebles.com\/es\/producto\/copa-de-gin-tonic-de-la-mejor-seleccion\/","name":"Copa de Gin & Tonic de la mejor selecci\u00f3n - Muebles Albir","isPartOf":{"@id":"https:\/\/albirmuebles.com\/#website"},"primaryImageOfPage":{"@id":"https:\/\/albirmuebles.com\/es\/producto\/copa-de-gin-tonic-de-la-mejor-seleccion\/#primaryimage"},"image":{"@id":"https:\/\/albirmuebles.com\/es\/producto\/copa-de-gin-tonic-de-la-mejor-seleccion\/#primaryimage"},"thumbnailUrl":"https:\/\/e3vgfxkvpic.exactdn.com\/wp-content\/uploads\/2021\/05\/409390_15.jpg?strip=all","datePublished":"2021-05-07T11:51:28+00:00","breadcrumb":{"@id":"https:\/\/albirmuebles.com\/es\/producto\/copa-de-gin-tonic-de-la-mejor-seleccion\/#breadcrumb"},"inLanguage":"es","potentialAction":[{"@type":"ReadAction","target":["https:\/\/albirmuebles.com\/es\/producto\/copa-de-gin-tonic-de-la-mejor-seleccion\/"]}]},{"@type":"ImageObject","inLanguage":"es","@id":"https:\/\/albirmuebles.com\/es\/producto\/copa-de-gin-tonic-de-la-mejor-seleccion\/#primaryimage","url":"https:\/\/e3vgfxkvpic.exactdn.com\/wp-content\/uploads\/2021\/05\/409390_15.jpg?strip=all","contentUrl":"https:\/\/e3vgfxkvpic.exactdn.com\/wp-content\/uploads\/2021\/05\/409390_15.jpg?strip=all","width":700,"height":700},{"@type":"BreadcrumbList","@id":"https:\/\/albirmuebles.com\/es\/producto\/copa-de-gin-tonic-de-la-mejor-seleccion\/#breadcrumb","itemListElement":[{"@type":"ListItem","position":1,"name":"Home","item":"https:\/\/albirmuebles.com\/es\/"},{"@type":"ListItem","position":2,"name":"Shop","item":"https:\/\/albirmuebles.com\/shop\/"},{"@type":"ListItem","position":3,"name":"Copa de Gin &#038; Tonic de la mejor selecci\u00f3n"}]},{"@type":"WebSite","@id":"https:\/\/albirmuebles.com\/#website","url":"https:\/\/albirmuebles.com\/","name":"Muebles Albir","description":"Muebles Albir","publisher":{"@id":"https:\/\/albirmuebles.com\/#organization"},"potentialAction":[{"@type":"SearchAction","target":{"@type":"EntryPoint","urlTemplate":"https:\/\/albirmuebles.com\/?s={search_term_string}"},"query-input":{"@type":"PropertyValueSpecification","valueRequired":true,"valueName":"search_term_string"}}],"inLanguage":"es"},{"@type":"Organization","@id":"https:\/\/albirmuebles.com\/#organization","name":"Albirmuebles","url":"https:\/\/albirmuebles.com\/","logo":{"@type":"ImageObject","inLanguage":"es","@id":"https:\/\/albirmuebles.com\/#\/schema\/logo\/image\/","url":"https:\/\/albirmuebles.com\/wp-content\/uploads\/2020\/10\/logo_albir.png","contentUrl":"https:\/\/albirmuebles.com\/wp-content\/uploads\/2020\/10\/logo_albir.png","width":800,"height":235,"caption":"Albirmuebles"},"image":{"@id":"https:\/\/albirmuebles.com\/#\/schema\/logo\/image\/"},"sameAs":["https:\/\/www.facebook.com\/Albir-Muebles-217159521715557\/","https:\/\/www.instagram.com\/albir.muebles\/"]}]}},"_links":{"self":[{"href":"https:\/\/albirmuebles.com\/es\/wp-json\/wp\/v2\/product\/9182","targetHints":{"allow":["GET"]}}],"collection":[{"href":"https:\/\/albirmuebles.com\/es\/wp-json\/wp\/v2\/product"}],"about":[{"href":"https:\/\/albirmuebles.com\/es\/wp-json\/wp\/v2\/types\/product"}],"replies":[{"embeddable":true,"href":"https:\/\/albirmuebles.com\/es\/wp-json\/wp\/v2\/comments?post=9182"}],"version-history":[{"count":0,"href":"https:\/\/albirmuebles.com\/es\/wp-json\/wp\/v2\/product\/9182\/revisions"}],"wp:featuredmedia":[{"embeddable":true,"href":"https:\/\/albirmuebles.com\/es\/wp-json\/wp\/v2\/media\/9183"}],"wp:attachment":[{"href":"https:\/\/albirmuebles.com\/es\/wp-json\/wp\/v2\/media?parent=9182"}],"wp:term":[{"taxonomy":"product_cat","embeddable":true,"href":"https:\/\/albirmuebles.com\/es\/wp-json\/wp\/v2\/product_cat?post=9182"},{"taxonomy":"product_tag","embeddable":true,"href":"https:\/\/albirmuebles.com\/es\/wp-json\/wp\/v2\/product_tag?post=9182"}],"curies":[{"name":"wp","href":"https:\/\/api.w.org\/{rel}","templated":true}]}}