{"id":10411,"date":"2023-12-05T12:31:33","date_gmt":"2023-12-05T12:31:33","guid":{"rendered":"https:\/\/albirmuebles.com\/product\/capri\/"},"modified":"2023-12-05T12:31:51","modified_gmt":"2023-12-05T12:31:51","slug":"capri","status":"publish","type":"product","link":"https:\/\/albirmuebles.com\/es\/producto\/capri\/","title":{"rendered":"Capri"},"content":{"rendered":"<div class=\"elementor-element elementor-element-300aed5d text-center color-scheme-inherit elementor-widget elementor-widget-text-editor\" data-id=\"300aed5d\" data-element_type=\"widget\" data-widget_type=\"text-editor.default\">\n<div class=\"elementor-widget-container\">\n<div class=\"elementor-element elementor-element-300aed5d text-center color-scheme-inherit elementor-widget elementor-widget-text-editor\" data-id=\"300aed5d\" data-element_type=\"widget\" data-widget_type=\"text-editor.default\">\n<div class=\"elementor-widget-container\">Mesa auxiliar en la que destaca su ligereza y funcionalidad. Totalmente personalizable en chapa o color de la madera, para que encaje en el rinc\u00f3n que prefieras.<\/div>\n<\/div>\n<div class=\"elementor-element elementor-element-58d4a16b elementor-widget-divider--view-line_text elementor-widget-divider--element-align-center elementor-widget elementor-widget-divider\" data-id=\"58d4a16b\" data-element_type=\"widget\" data-widget_type=\"divider.default\">\n<div class=\"elementor-widget-container\">\n<div class=\"elementor-divider\"><span class=\"elementor-divider-separator\"><span class=\"elementor-divider__text elementor-divider__element\">Caracter\u00edsticas<\/span><\/span><\/div>\n<\/div>\n<\/div>\n<div class=\"elementor-element elementor-element-7dc95cf color-scheme-inherit text-left elementor-widget elementor-widget-text-editor\" data-id=\"7dc95cf\" data-element_type=\"widget\" data-widget_type=\"text-editor.default\">\n<div class=\"elementor-widget-container\">\n<ul>\n<li>Chapa: haya, roble, roble salvaje o nogal americano<\/li>\n<li>Medidas: 40 \u00f8 \/ 50 \u00f8<\/li>\n<li>Barnizado lacado, mate o color muestra<\/li>\n<\/ul>\n<\/div>\n<\/div>\n<div class=\"elementor-element elementor-element-1d8bef07 elementor-widget-divider--view-line_text elementor-widget-divider--element-align-center elementor-widget elementor-widget-divider\" data-id=\"1d8bef07\" data-element_type=\"widget\" data-widget_type=\"divider.default\">\n<div class=\"elementor-widget-container\">\n<div class=\"elementor-divider\"><span class=\"elementor-divider-separator\"><span class=\"elementor-divider__text elementor-divider__element\">Medidas<\/span><\/span><\/div>\n<\/div>\n<\/div>\n<div class=\"elementor-element elementor-element-95c0ebb elementor-widget elementor-widget-image-gallery\" data-id=\"95c0ebb\" data-element_type=\"widget\" data-widget_type=\"image-gallery.default\">\n<div class=\"elementor-widget-container\">\n<div class=\"elementor-image-gallery\">\n<div id=\"gallery-1\" class=\"gallery galleryid-1260 gallery-columns-2 gallery-size-full\">\n<dl class=\"gallery-item\">\n<dt class=\"gallery-icon portrait\"><a href=\"https:\/\/jcalvosilleria.com\/wp-content\/uploads\/2023\/05\/jcalvo-sillas-medida-CAPRI-40.jpg\" data-elementor-open-lightbox=\"no\"><img decoding=\"async\" class=\"attachment-full size-full\" src=\"https:\/\/jcalvosilleria.com\/wp-content\/uploads\/2023\/05\/jcalvo-sillas-medida-CAPRI-40.jpg\" sizes=\"(max-width: 350px) 100vw, 350px\" srcset=\"https:\/\/jcalvosilleria.com\/wp-content\/uploads\/2023\/05\/jcalvo-sillas-medida-CAPRI-40.jpg 350w, https:\/\/jcalvosilleria.com\/wp-content\/uploads\/2023\/05\/jcalvo-sillas-medida-CAPRI-40-263x300.jpg 263w\" alt=\"\" width=\"350\" height=\"400\" \/><\/a><\/dt>\n<\/dl>\n<dl class=\"gallery-item\">\n<dt class=\"gallery-icon portrait\"><a href=\"https:\/\/jcalvosilleria.com\/wp-content\/uploads\/2023\/05\/jcalvo-sillas-medida-CAPRI-50.jpg\" data-elementor-open-lightbox=\"no\"><img decoding=\"async\" class=\"attachment-full size-full\" src=\"https:\/\/jcalvosilleria.com\/wp-content\/uploads\/2023\/05\/jcalvo-sillas-medida-CAPRI-50.jpg\" sizes=\"(max-width: 350px) 100vw, 350px\" srcset=\"https:\/\/jcalvosilleria.com\/wp-content\/uploads\/2023\/05\/jcalvo-sillas-medida-CAPRI-50.jpg 350w, https:\/\/jcalvosilleria.com\/wp-content\/uploads\/2023\/05\/jcalvo-sillas-medida-CAPRI-50-263x300.jpg 263w\" alt=\"\" width=\"350\" height=\"400\" \/><\/a><\/dt>\n<\/dl>\n<\/div>\n<\/div>\n<\/div>\n<\/div>\n<\/div>\n<\/div>\n","protected":false},"excerpt":{"rendered":"<p>Mesa auxiliar en la que destaca su ligereza y funcionalidad. Totalmente personalizable en chapa o color de la madera, para que encaje en el rinc\u00f3n que prefieras. Caracter\u00edsticas Chapa: haya, roble, roble salvaje o nogal americano Medidas: 40 \u00f8 \/ 50 \u00f8 Barnizado lacado, mate o color muestra Medidas<\/p>\n","protected":false},"featured_media":10407,"comment_status":"closed","ping_status":"closed","template":"","meta":[],"product_cat":[200],"product_tag":[],"class_list":["post-10411","product","type-product","status-publish","has-post-thumbnail","hentry","product_cat-auxiliar-es"],"yoast_head":"<!-- This site is optimized with the Yoast SEO plugin v26.7 - https:\/\/yoast.com\/wordpress\/plugins\/seo\/ -->\n<title>Capri - Muebles Albir<\/title>\n<meta name=\"robots\" content=\"index, follow, max-snippet:-1, max-image-preview:large, max-video-preview:-1\" \/>\n<link rel=\"canonical\" href=\"https:\/\/albirmuebles.com\/es\/producto\/capri\/\" \/>\n<meta property=\"og:locale\" content=\"es_ES\" \/>\n<meta property=\"og:type\" content=\"article\" \/>\n<meta property=\"og:title\" content=\"Capri - Muebles Albir\" \/>\n<meta property=\"og:description\" content=\"Mesa auxiliar en la que destaca su ligereza y funcionalidad. Totalmente personalizable en chapa o color de la madera, para que encaje en el rinc\u00f3n que prefieras. Caracter\u00edsticas Chapa: haya, roble, roble salvaje o nogal americano Medidas: 40 \u00f8 \/ 50 \u00f8 Barnizado lacado, mate o color muestra Medidas\" \/>\n<meta property=\"og:url\" content=\"https:\/\/albirmuebles.com\/es\/producto\/capri\/\" \/>\n<meta property=\"og:site_name\" content=\"Muebles Albir\" \/>\n<meta property=\"article:publisher\" content=\"https:\/\/www.facebook.com\/Albir-Muebles-217159521715557\/\" \/>\n<meta property=\"article:modified_time\" content=\"2023-12-05T12:31:51+00:00\" \/>\n<meta property=\"og:image\" content=\"https:\/\/albirmuebles.com\/wp-content\/uploads\/2023\/12\/am-sillas-CAPRI-CENTRO-ASIA-1.jpg\" \/>\n\t<meta property=\"og:image:width\" content=\"1200\" \/>\n\t<meta property=\"og:image:height\" content=\"900\" \/>\n\t<meta property=\"og:image:type\" content=\"image\/jpeg\" \/>\n<meta name=\"twitter:card\" content=\"summary_large_image\" \/>\n<script type=\"application\/ld+json\" class=\"yoast-schema-graph\">{\"@context\":\"https:\/\/schema.org\",\"@graph\":[{\"@type\":\"WebPage\",\"@id\":\"https:\/\/albirmuebles.com\/es\/producto\/capri\/\",\"url\":\"https:\/\/albirmuebles.com\/es\/producto\/capri\/\",\"name\":\"Capri - Muebles Albir\",\"isPartOf\":{\"@id\":\"https:\/\/albirmuebles.com\/#website\"},\"primaryImageOfPage\":{\"@id\":\"https:\/\/albirmuebles.com\/es\/producto\/capri\/#primaryimage\"},\"image\":{\"@id\":\"https:\/\/albirmuebles.com\/es\/producto\/capri\/#primaryimage\"},\"thumbnailUrl\":\"https:\/\/e3vgfxkvpic.exactdn.com\/wp-content\/uploads\/2023\/12\/am-sillas-CAPRI-CENTRO-ASIA-1.jpg?strip=all\",\"datePublished\":\"2023-12-05T12:31:33+00:00\",\"dateModified\":\"2023-12-05T12:31:51+00:00\",\"breadcrumb\":{\"@id\":\"https:\/\/albirmuebles.com\/es\/producto\/capri\/#breadcrumb\"},\"inLanguage\":\"es\",\"potentialAction\":[{\"@type\":\"ReadAction\",\"target\":[\"https:\/\/albirmuebles.com\/es\/producto\/capri\/\"]}]},{\"@type\":\"ImageObject\",\"inLanguage\":\"es\",\"@id\":\"https:\/\/albirmuebles.com\/es\/producto\/capri\/#primaryimage\",\"url\":\"https:\/\/e3vgfxkvpic.exactdn.com\/wp-content\/uploads\/2023\/12\/am-sillas-CAPRI-CENTRO-ASIA-1.jpg?strip=all\",\"contentUrl\":\"https:\/\/e3vgfxkvpic.exactdn.com\/wp-content\/uploads\/2023\/12\/am-sillas-CAPRI-CENTRO-ASIA-1.jpg?strip=all\",\"width\":1200,\"height\":900},{\"@type\":\"BreadcrumbList\",\"@id\":\"https:\/\/albirmuebles.com\/es\/producto\/capri\/#breadcrumb\",\"itemListElement\":[{\"@type\":\"ListItem\",\"position\":1,\"name\":\"Home\",\"item\":\"https:\/\/albirmuebles.com\/es\/\"},{\"@type\":\"ListItem\",\"position\":2,\"name\":\"Shop\",\"item\":\"https:\/\/albirmuebles.com\/shop\/\"},{\"@type\":\"ListItem\",\"position\":3,\"name\":\"Capri\"}]},{\"@type\":\"WebSite\",\"@id\":\"https:\/\/albirmuebles.com\/#website\",\"url\":\"https:\/\/albirmuebles.com\/\",\"name\":\"Muebles Albir\",\"description\":\"Muebles Albir\",\"publisher\":{\"@id\":\"https:\/\/albirmuebles.com\/#organization\"},\"potentialAction\":[{\"@type\":\"SearchAction\",\"target\":{\"@type\":\"EntryPoint\",\"urlTemplate\":\"https:\/\/albirmuebles.com\/?s={search_term_string}\"},\"query-input\":{\"@type\":\"PropertyValueSpecification\",\"valueRequired\":true,\"valueName\":\"search_term_string\"}}],\"inLanguage\":\"es\"},{\"@type\":\"Organization\",\"@id\":\"https:\/\/albirmuebles.com\/#organization\",\"name\":\"Albirmuebles\",\"url\":\"https:\/\/albirmuebles.com\/\",\"logo\":{\"@type\":\"ImageObject\",\"inLanguage\":\"es\",\"@id\":\"https:\/\/albirmuebles.com\/#\/schema\/logo\/image\/\",\"url\":\"https:\/\/albirmuebles.com\/wp-content\/uploads\/2020\/10\/logo_albir.png\",\"contentUrl\":\"https:\/\/albirmuebles.com\/wp-content\/uploads\/2020\/10\/logo_albir.png\",\"width\":800,\"height\":235,\"caption\":\"Albirmuebles\"},\"image\":{\"@id\":\"https:\/\/albirmuebles.com\/#\/schema\/logo\/image\/\"},\"sameAs\":[\"https:\/\/www.facebook.com\/Albir-Muebles-217159521715557\/\",\"https:\/\/www.instagram.com\/albir.muebles\/\"]}]}<\/script>\n<!-- \/ Yoast SEO plugin. -->","yoast_head_json":{"title":"Capri - Muebles Albir","robots":{"index":"index","follow":"follow","max-snippet":"max-snippet:-1","max-image-preview":"max-image-preview:large","max-video-preview":"max-video-preview:-1"},"canonical":"https:\/\/albirmuebles.com\/es\/producto\/capri\/","og_locale":"es_ES","og_type":"article","og_title":"Capri - Muebles Albir","og_description":"Mesa auxiliar en la que destaca su ligereza y funcionalidad. Totalmente personalizable en chapa o color de la madera, para que encaje en el rinc\u00f3n que prefieras. Caracter\u00edsticas Chapa: haya, roble, roble salvaje o nogal americano Medidas: 40 \u00f8 \/ 50 \u00f8 Barnizado lacado, mate o color muestra Medidas","og_url":"https:\/\/albirmuebles.com\/es\/producto\/capri\/","og_site_name":"Muebles Albir","article_publisher":"https:\/\/www.facebook.com\/Albir-Muebles-217159521715557\/","article_modified_time":"2023-12-05T12:31:51+00:00","og_image":[{"width":1200,"height":900,"url":"https:\/\/albirmuebles.com\/wp-content\/uploads\/2023\/12\/am-sillas-CAPRI-CENTRO-ASIA-1.jpg","type":"image\/jpeg"}],"twitter_card":"summary_large_image","schema":{"@context":"https:\/\/schema.org","@graph":[{"@type":"WebPage","@id":"https:\/\/albirmuebles.com\/es\/producto\/capri\/","url":"https:\/\/albirmuebles.com\/es\/producto\/capri\/","name":"Capri - Muebles Albir","isPartOf":{"@id":"https:\/\/albirmuebles.com\/#website"},"primaryImageOfPage":{"@id":"https:\/\/albirmuebles.com\/es\/producto\/capri\/#primaryimage"},"image":{"@id":"https:\/\/albirmuebles.com\/es\/producto\/capri\/#primaryimage"},"thumbnailUrl":"https:\/\/e3vgfxkvpic.exactdn.com\/wp-content\/uploads\/2023\/12\/am-sillas-CAPRI-CENTRO-ASIA-1.jpg?strip=all","datePublished":"2023-12-05T12:31:33+00:00","dateModified":"2023-12-05T12:31:51+00:00","breadcrumb":{"@id":"https:\/\/albirmuebles.com\/es\/producto\/capri\/#breadcrumb"},"inLanguage":"es","potentialAction":[{"@type":"ReadAction","target":["https:\/\/albirmuebles.com\/es\/producto\/capri\/"]}]},{"@type":"ImageObject","inLanguage":"es","@id":"https:\/\/albirmuebles.com\/es\/producto\/capri\/#primaryimage","url":"https:\/\/e3vgfxkvpic.exactdn.com\/wp-content\/uploads\/2023\/12\/am-sillas-CAPRI-CENTRO-ASIA-1.jpg?strip=all","contentUrl":"https:\/\/e3vgfxkvpic.exactdn.com\/wp-content\/uploads\/2023\/12\/am-sillas-CAPRI-CENTRO-ASIA-1.jpg?strip=all","width":1200,"height":900},{"@type":"BreadcrumbList","@id":"https:\/\/albirmuebles.com\/es\/producto\/capri\/#breadcrumb","itemListElement":[{"@type":"ListItem","position":1,"name":"Home","item":"https:\/\/albirmuebles.com\/es\/"},{"@type":"ListItem","position":2,"name":"Shop","item":"https:\/\/albirmuebles.com\/shop\/"},{"@type":"ListItem","position":3,"name":"Capri"}]},{"@type":"WebSite","@id":"https:\/\/albirmuebles.com\/#website","url":"https:\/\/albirmuebles.com\/","name":"Muebles Albir","description":"Muebles Albir","publisher":{"@id":"https:\/\/albirmuebles.com\/#organization"},"potentialAction":[{"@type":"SearchAction","target":{"@type":"EntryPoint","urlTemplate":"https:\/\/albirmuebles.com\/?s={search_term_string}"},"query-input":{"@type":"PropertyValueSpecification","valueRequired":true,"valueName":"search_term_string"}}],"inLanguage":"es"},{"@type":"Organization","@id":"https:\/\/albirmuebles.com\/#organization","name":"Albirmuebles","url":"https:\/\/albirmuebles.com\/","logo":{"@type":"ImageObject","inLanguage":"es","@id":"https:\/\/albirmuebles.com\/#\/schema\/logo\/image\/","url":"https:\/\/albirmuebles.com\/wp-content\/uploads\/2020\/10\/logo_albir.png","contentUrl":"https:\/\/albirmuebles.com\/wp-content\/uploads\/2020\/10\/logo_albir.png","width":800,"height":235,"caption":"Albirmuebles"},"image":{"@id":"https:\/\/albirmuebles.com\/#\/schema\/logo\/image\/"},"sameAs":["https:\/\/www.facebook.com\/Albir-Muebles-217159521715557\/","https:\/\/www.instagram.com\/albir.muebles\/"]}]}},"_links":{"self":[{"href":"https:\/\/albirmuebles.com\/es\/wp-json\/wp\/v2\/product\/10411","targetHints":{"allow":["GET"]}}],"collection":[{"href":"https:\/\/albirmuebles.com\/es\/wp-json\/wp\/v2\/product"}],"about":[{"href":"https:\/\/albirmuebles.com\/es\/wp-json\/wp\/v2\/types\/product"}],"replies":[{"embeddable":true,"href":"https:\/\/albirmuebles.com\/es\/wp-json\/wp\/v2\/comments?post=10411"}],"version-history":[{"count":1,"href":"https:\/\/albirmuebles.com\/es\/wp-json\/wp\/v2\/product\/10411\/revisions"}],"predecessor-version":[{"id":10412,"href":"https:\/\/albirmuebles.com\/es\/wp-json\/wp\/v2\/product\/10411\/revisions\/10412"}],"wp:featuredmedia":[{"embeddable":true,"href":"https:\/\/albirmuebles.com\/es\/wp-json\/wp\/v2\/media\/10407"}],"wp:attachment":[{"href":"https:\/\/albirmuebles.com\/es\/wp-json\/wp\/v2\/media?parent=10411"}],"wp:term":[{"taxonomy":"product_cat","embeddable":true,"href":"https:\/\/albirmuebles.com\/es\/wp-json\/wp\/v2\/product_cat?post=10411"},{"taxonomy":"product_tag","embeddable":true,"href":"https:\/\/albirmuebles.com\/es\/wp-json\/wp\/v2\/product_tag?post=10411"}],"curies":[{"name":"wp","href":"https:\/\/api.w.org\/{rel}","templated":true}]}}