{"id":10035,"date":"2021-12-11T10:57:40","date_gmt":"2021-12-11T10:57:40","guid":{"rendered":"https:\/\/albirmuebles.com\/product\/shelter-island-bar-table-70x70-cm\/"},"modified":"2021-12-11T10:58:46","modified_gmt":"2021-12-11T10:58:46","slug":"shelter-island-bar-table-70x70-cm","status":"publish","type":"product","link":"https:\/\/albirmuebles.com\/es\/producto\/shelter-island-bar-table-70x70-cm\/","title":{"rendered":"Mesa de bar Shelter Island 70&#215;70 cm"},"content":{"rendered":"<p>La combinaci\u00f3n de hierro y madera de olmo reutilizados crea un aspecto industrial pero acogedor. Elegante y \u00fanico en la colecci\u00f3n Rivi\u00e8ra Maison. La serie Shelter Island incluye varios modelos de mesas.<\/p>\n<table id=\"product-attribute-specs-table\" class=\"atributos-adicionales de la tabla de datos\">\n<caption class=\"table-caption\">\u00a0<\/caption>\n<tbody>\n<tr>\n<th class=\"col label\" scope=\"row\">SKU<\/th>\n<td class=\"col data\" data-th=\"SKU\">306030<\/td>\n<\/tr>\n<tr>\n<th class=\"col label\" scope=\"row\">Peso (kg)<\/th>\n<td class=\"col data\" data-th=\"Peso (kg)\">10.001000<\/td>\n<\/tr>\n<tr>\n<th class=\"col label\" scope=\"row\">Longitud (cm)<\/th>\n<td class=\"col data\" data-th=\"Longitud (cm)\">70<\/td>\n<\/tr>\n<tr>\n<th class=\"col label\" scope=\"row\">Ancho (cm)<\/th>\n<td class=\"col data\" data-th=\"Ancho (cm)\">70<\/td>\n<\/tr>\n<tr>\n<th class=\"col label\" scope=\"row\">Altura (cm)<\/th>\n<td class=\"col data\" data-th=\"Altura (cm)\">105<\/td>\n<\/tr>\n<tr>\n<th class=\"col label\" scope=\"row\">Material<\/th>\n<td class=\"col data\" data-th=\"Material\">Olmo \/ pino reciclado, hierro<\/td>\n<\/tr>\n<tr>\n<th class=\"col label\" scope=\"row\">Longitud del tama\u00f1o inferior<\/th>\n<td class=\"col data\" data-th=\"Longitud del tama\u00f1o del fondo\">61<\/td>\n<\/tr>\n<tr>\n<th class=\"col label\" scope=\"row\">Altura del tama\u00f1o inferior<\/th>\n<td class=\"col data\" data-th=\"Altura del tama\u00f1o inferior\">92<\/td>\n<\/tr>\n<tr>\n<th class=\"col label\" scope=\"row\">Cuidado<\/th>\n<td class=\"col data\" data-th=\"Care\">Limpiar con un cepillo seco<\/td>\n<\/tr>\n<tr>\n<th class=\"col label\" scope=\"row\">Familia<\/th>\n<td class=\"col data\" data-th=\"Familia\">ShelterIsland<\/td>\n<\/tr>\n<\/tbody>\n<\/table>\n","protected":false},"excerpt":{"rendered":"<p>La combinaci\u00f3n de hierro y madera de olmo reutilizados crea un aspecto industrial pero acogedor. Elegante y \u00fanico en la colecci\u00f3n Rivi\u00e8ra Maison. La serie Shelter Island incluye varios modelos de mesas. \u00a0 SKU 306030 Peso (kg) 10.001000 Longitud (cm) 70 Ancho (cm) 70 Altura (cm) 105 Material Olmo \/ pino reciclado, hierro Longitud del [&hellip;]<\/p>\n","protected":false},"featured_media":10027,"comment_status":"closed","ping_status":"closed","template":"","meta":[],"product_cat":[171],"product_tag":[],"class_list":["post-10035","product","type-product","status-publish","has-post-thumbnail","hentry","product_cat-riviera-maison-mesa-es"],"yoast_head":"<!-- This site is optimized with the Yoast SEO plugin v26.7 - https:\/\/yoast.com\/wordpress\/plugins\/seo\/ -->\n<title>Mesa de bar Shelter Island 70x70 cm - Muebles Albir<\/title>\n<meta name=\"robots\" content=\"index, follow, max-snippet:-1, max-image-preview:large, max-video-preview:-1\" \/>\n<link rel=\"canonical\" href=\"https:\/\/albirmuebles.com\/es\/producto\/shelter-island-bar-table-70x70-cm\/\" \/>\n<meta property=\"og:locale\" content=\"es_ES\" \/>\n<meta property=\"og:type\" content=\"article\" \/>\n<meta property=\"og:title\" content=\"Mesa de bar Shelter Island 70x70 cm - Muebles Albir\" \/>\n<meta property=\"og:description\" content=\"La combinaci\u00f3n de hierro y madera de olmo reutilizados crea un aspecto industrial pero acogedor. Elegante y \u00fanico en la colecci\u00f3n Rivi\u00e8ra Maison. La serie Shelter Island incluye varios modelos de mesas. \u00a0 SKU 306030 Peso (kg) 10.001000 Longitud (cm) 70 Ancho (cm) 70 Altura (cm) 105 Material Olmo \/ pino reciclado, hierro Longitud del [&hellip;]\" \/>\n<meta property=\"og:url\" content=\"https:\/\/albirmuebles.com\/es\/producto\/shelter-island-bar-table-70x70-cm\/\" \/>\n<meta property=\"og:site_name\" content=\"Muebles Albir\" \/>\n<meta property=\"article:publisher\" content=\"https:\/\/www.facebook.com\/Albir-Muebles-217159521715557\/\" \/>\n<meta property=\"article:modified_time\" content=\"2021-12-11T10:58:46+00:00\" \/>\n<meta property=\"og:image\" content=\"https:\/\/albirmuebles.com\/wp-content\/uploads\/2021\/12\/306030_24.jpg\" \/>\n\t<meta property=\"og:image:width\" content=\"700\" \/>\n\t<meta property=\"og:image:height\" content=\"700\" \/>\n\t<meta property=\"og:image:type\" content=\"image\/jpeg\" \/>\n<meta name=\"twitter:card\" content=\"summary_large_image\" \/>\n<meta name=\"twitter:label1\" content=\"Tiempo de lectura\" \/>\n\t<meta name=\"twitter:data1\" content=\"1 minuto\" \/>\n<script type=\"application\/ld+json\" class=\"yoast-schema-graph\">{\"@context\":\"https:\/\/schema.org\",\"@graph\":[{\"@type\":\"WebPage\",\"@id\":\"https:\/\/albirmuebles.com\/es\/producto\/shelter-island-bar-table-70x70-cm\/\",\"url\":\"https:\/\/albirmuebles.com\/es\/producto\/shelter-island-bar-table-70x70-cm\/\",\"name\":\"Mesa de bar Shelter Island 70x70 cm - Muebles Albir\",\"isPartOf\":{\"@id\":\"https:\/\/albirmuebles.com\/#website\"},\"primaryImageOfPage\":{\"@id\":\"https:\/\/albirmuebles.com\/es\/producto\/shelter-island-bar-table-70x70-cm\/#primaryimage\"},\"image\":{\"@id\":\"https:\/\/albirmuebles.com\/es\/producto\/shelter-island-bar-table-70x70-cm\/#primaryimage\"},\"thumbnailUrl\":\"https:\/\/e3vgfxkvpic.exactdn.com\/wp-content\/uploads\/2021\/12\/306030_24.jpg?strip=all\",\"datePublished\":\"2021-12-11T10:57:40+00:00\",\"dateModified\":\"2021-12-11T10:58:46+00:00\",\"breadcrumb\":{\"@id\":\"https:\/\/albirmuebles.com\/es\/producto\/shelter-island-bar-table-70x70-cm\/#breadcrumb\"},\"inLanguage\":\"es\",\"potentialAction\":[{\"@type\":\"ReadAction\",\"target\":[\"https:\/\/albirmuebles.com\/es\/producto\/shelter-island-bar-table-70x70-cm\/\"]}]},{\"@type\":\"ImageObject\",\"inLanguage\":\"es\",\"@id\":\"https:\/\/albirmuebles.com\/es\/producto\/shelter-island-bar-table-70x70-cm\/#primaryimage\",\"url\":\"https:\/\/e3vgfxkvpic.exactdn.com\/wp-content\/uploads\/2021\/12\/306030_24.jpg?strip=all\",\"contentUrl\":\"https:\/\/e3vgfxkvpic.exactdn.com\/wp-content\/uploads\/2021\/12\/306030_24.jpg?strip=all\",\"width\":700,\"height\":700},{\"@type\":\"BreadcrumbList\",\"@id\":\"https:\/\/albirmuebles.com\/es\/producto\/shelter-island-bar-table-70x70-cm\/#breadcrumb\",\"itemListElement\":[{\"@type\":\"ListItem\",\"position\":1,\"name\":\"Home\",\"item\":\"https:\/\/albirmuebles.com\/es\/\"},{\"@type\":\"ListItem\",\"position\":2,\"name\":\"Shop\",\"item\":\"https:\/\/albirmuebles.com\/shop\/\"},{\"@type\":\"ListItem\",\"position\":3,\"name\":\"Mesa de bar Shelter Island 70&#215;70 cm\"}]},{\"@type\":\"WebSite\",\"@id\":\"https:\/\/albirmuebles.com\/#website\",\"url\":\"https:\/\/albirmuebles.com\/\",\"name\":\"Muebles Albir\",\"description\":\"Muebles Albir\",\"publisher\":{\"@id\":\"https:\/\/albirmuebles.com\/#organization\"},\"potentialAction\":[{\"@type\":\"SearchAction\",\"target\":{\"@type\":\"EntryPoint\",\"urlTemplate\":\"https:\/\/albirmuebles.com\/?s={search_term_string}\"},\"query-input\":{\"@type\":\"PropertyValueSpecification\",\"valueRequired\":true,\"valueName\":\"search_term_string\"}}],\"inLanguage\":\"es\"},{\"@type\":\"Organization\",\"@id\":\"https:\/\/albirmuebles.com\/#organization\",\"name\":\"Albirmuebles\",\"url\":\"https:\/\/albirmuebles.com\/\",\"logo\":{\"@type\":\"ImageObject\",\"inLanguage\":\"es\",\"@id\":\"https:\/\/albirmuebles.com\/#\/schema\/logo\/image\/\",\"url\":\"https:\/\/albirmuebles.com\/wp-content\/uploads\/2020\/10\/logo_albir.png\",\"contentUrl\":\"https:\/\/albirmuebles.com\/wp-content\/uploads\/2020\/10\/logo_albir.png\",\"width\":800,\"height\":235,\"caption\":\"Albirmuebles\"},\"image\":{\"@id\":\"https:\/\/albirmuebles.com\/#\/schema\/logo\/image\/\"},\"sameAs\":[\"https:\/\/www.facebook.com\/Albir-Muebles-217159521715557\/\",\"https:\/\/www.instagram.com\/albir.muebles\/\"]}]}<\/script>\n<!-- \/ Yoast SEO plugin. -->","yoast_head_json":{"title":"Mesa de bar Shelter Island 70x70 cm - Muebles Albir","robots":{"index":"index","follow":"follow","max-snippet":"max-snippet:-1","max-image-preview":"max-image-preview:large","max-video-preview":"max-video-preview:-1"},"canonical":"https:\/\/albirmuebles.com\/es\/producto\/shelter-island-bar-table-70x70-cm\/","og_locale":"es_ES","og_type":"article","og_title":"Mesa de bar Shelter Island 70x70 cm - Muebles Albir","og_description":"La combinaci\u00f3n de hierro y madera de olmo reutilizados crea un aspecto industrial pero acogedor. Elegante y \u00fanico en la colecci\u00f3n Rivi\u00e8ra Maison. La serie Shelter Island incluye varios modelos de mesas. \u00a0 SKU 306030 Peso (kg) 10.001000 Longitud (cm) 70 Ancho (cm) 70 Altura (cm) 105 Material Olmo \/ pino reciclado, hierro Longitud del [&hellip;]","og_url":"https:\/\/albirmuebles.com\/es\/producto\/shelter-island-bar-table-70x70-cm\/","og_site_name":"Muebles Albir","article_publisher":"https:\/\/www.facebook.com\/Albir-Muebles-217159521715557\/","article_modified_time":"2021-12-11T10:58:46+00:00","og_image":[{"width":700,"height":700,"url":"https:\/\/albirmuebles.com\/wp-content\/uploads\/2021\/12\/306030_24.jpg","type":"image\/jpeg"}],"twitter_card":"summary_large_image","twitter_misc":{"Tiempo de lectura":"1 minuto"},"schema":{"@context":"https:\/\/schema.org","@graph":[{"@type":"WebPage","@id":"https:\/\/albirmuebles.com\/es\/producto\/shelter-island-bar-table-70x70-cm\/","url":"https:\/\/albirmuebles.com\/es\/producto\/shelter-island-bar-table-70x70-cm\/","name":"Mesa de bar Shelter Island 70x70 cm - Muebles Albir","isPartOf":{"@id":"https:\/\/albirmuebles.com\/#website"},"primaryImageOfPage":{"@id":"https:\/\/albirmuebles.com\/es\/producto\/shelter-island-bar-table-70x70-cm\/#primaryimage"},"image":{"@id":"https:\/\/albirmuebles.com\/es\/producto\/shelter-island-bar-table-70x70-cm\/#primaryimage"},"thumbnailUrl":"https:\/\/e3vgfxkvpic.exactdn.com\/wp-content\/uploads\/2021\/12\/306030_24.jpg?strip=all","datePublished":"2021-12-11T10:57:40+00:00","dateModified":"2021-12-11T10:58:46+00:00","breadcrumb":{"@id":"https:\/\/albirmuebles.com\/es\/producto\/shelter-island-bar-table-70x70-cm\/#breadcrumb"},"inLanguage":"es","potentialAction":[{"@type":"ReadAction","target":["https:\/\/albirmuebles.com\/es\/producto\/shelter-island-bar-table-70x70-cm\/"]}]},{"@type":"ImageObject","inLanguage":"es","@id":"https:\/\/albirmuebles.com\/es\/producto\/shelter-island-bar-table-70x70-cm\/#primaryimage","url":"https:\/\/e3vgfxkvpic.exactdn.com\/wp-content\/uploads\/2021\/12\/306030_24.jpg?strip=all","contentUrl":"https:\/\/e3vgfxkvpic.exactdn.com\/wp-content\/uploads\/2021\/12\/306030_24.jpg?strip=all","width":700,"height":700},{"@type":"BreadcrumbList","@id":"https:\/\/albirmuebles.com\/es\/producto\/shelter-island-bar-table-70x70-cm\/#breadcrumb","itemListElement":[{"@type":"ListItem","position":1,"name":"Home","item":"https:\/\/albirmuebles.com\/es\/"},{"@type":"ListItem","position":2,"name":"Shop","item":"https:\/\/albirmuebles.com\/shop\/"},{"@type":"ListItem","position":3,"name":"Mesa de bar Shelter Island 70&#215;70 cm"}]},{"@type":"WebSite","@id":"https:\/\/albirmuebles.com\/#website","url":"https:\/\/albirmuebles.com\/","name":"Muebles Albir","description":"Muebles Albir","publisher":{"@id":"https:\/\/albirmuebles.com\/#organization"},"potentialAction":[{"@type":"SearchAction","target":{"@type":"EntryPoint","urlTemplate":"https:\/\/albirmuebles.com\/?s={search_term_string}"},"query-input":{"@type":"PropertyValueSpecification","valueRequired":true,"valueName":"search_term_string"}}],"inLanguage":"es"},{"@type":"Organization","@id":"https:\/\/albirmuebles.com\/#organization","name":"Albirmuebles","url":"https:\/\/albirmuebles.com\/","logo":{"@type":"ImageObject","inLanguage":"es","@id":"https:\/\/albirmuebles.com\/#\/schema\/logo\/image\/","url":"https:\/\/albirmuebles.com\/wp-content\/uploads\/2020\/10\/logo_albir.png","contentUrl":"https:\/\/albirmuebles.com\/wp-content\/uploads\/2020\/10\/logo_albir.png","width":800,"height":235,"caption":"Albirmuebles"},"image":{"@id":"https:\/\/albirmuebles.com\/#\/schema\/logo\/image\/"},"sameAs":["https:\/\/www.facebook.com\/Albir-Muebles-217159521715557\/","https:\/\/www.instagram.com\/albir.muebles\/"]}]}},"_links":{"self":[{"href":"https:\/\/albirmuebles.com\/es\/wp-json\/wp\/v2\/product\/10035","targetHints":{"allow":["GET"]}}],"collection":[{"href":"https:\/\/albirmuebles.com\/es\/wp-json\/wp\/v2\/product"}],"about":[{"href":"https:\/\/albirmuebles.com\/es\/wp-json\/wp\/v2\/types\/product"}],"replies":[{"embeddable":true,"href":"https:\/\/albirmuebles.com\/es\/wp-json\/wp\/v2\/comments?post=10035"}],"version-history":[{"count":2,"href":"https:\/\/albirmuebles.com\/es\/wp-json\/wp\/v2\/product\/10035\/revisions"}],"predecessor-version":[{"id":10037,"href":"https:\/\/albirmuebles.com\/es\/wp-json\/wp\/v2\/product\/10035\/revisions\/10037"}],"wp:featuredmedia":[{"embeddable":true,"href":"https:\/\/albirmuebles.com\/es\/wp-json\/wp\/v2\/media\/10027"}],"wp:attachment":[{"href":"https:\/\/albirmuebles.com\/es\/wp-json\/wp\/v2\/media?parent=10035"}],"wp:term":[{"taxonomy":"product_cat","embeddable":true,"href":"https:\/\/albirmuebles.com\/es\/wp-json\/wp\/v2\/product_cat?post=10035"},{"taxonomy":"product_tag","embeddable":true,"href":"https:\/\/albirmuebles.com\/es\/wp-json\/wp\/v2\/product_tag?post=10035"}],"curies":[{"name":"wp","href":"https:\/\/api.w.org\/{rel}","templated":true}]}}