{"id":10215,"date":"2022-04-09T16:01:12","date_gmt":"2022-04-09T16:01:12","guid":{"rendered":"https:\/\/albirmuebles.com\/cookies\/"},"modified":"2022-04-09T16:01:12","modified_gmt":"2022-04-09T16:01:12","slug":"cookies","status":"publish","type":"page","link":"https:\/\/albirmuebles.com\/es\/cookies\/","title":{"rendered":"Cookies"},"content":{"rendered":"\t\t<div data-elementor-type=\"wp-page\" data-elementor-id=\"10215\" class=\"elementor elementor-10215 elementor-10208\">\n\t\t\t\t\t\t<div class=\"elementor-inner\">\n\t\t\t\t<div class=\"elementor-section-wrap\">\n\t\t\t\t\t\t\t\t\t<section class=\"elementor-section elementor-top-section elementor-element elementor-element-04bf518 elementor-section-boxed elementor-section-height-default elementor-section-height-default qodef-elementor-content-no\" data-id=\"04bf518\" data-element_type=\"section\">\n\t\t\t\t\t\t<div class=\"elementor-container elementor-column-gap-default\">\n\t\t\t\t\t\t\t<div class=\"elementor-row\">\n\t\t\t\t\t<div class=\"elementor-column elementor-col-100 elementor-top-column elementor-element elementor-element-c7c641f\" data-id=\"c7c641f\" data-element_type=\"column\">\n\t\t\t<div class=\"elementor-column-wrap elementor-element-populated\">\n\t\t\t\t\t\t\t<div class=\"elementor-widget-wrap\">\n\t\t\t\t\t\t<div class=\"elementor-element elementor-element-8e897a9 elementor-widget elementor-widget-spacer\" data-id=\"8e897a9\" data-element_type=\"widget\" data-widget_type=\"spacer.default\">\n\t\t\t\t<div class=\"elementor-widget-container\">\n\t\t\t\t\t<div class=\"elementor-spacer\">\n\t\t\t<div class=\"elementor-spacer-inner\"><\/div>\n\t\t<\/div>\n\t\t\t\t<\/div>\n\t\t\t\t<\/div>\n\t\t\t\t\t\t<\/div>\n\t\t\t\t\t<\/div>\n\t\t<\/div>\n\t\t\t\t\t\t\t\t<\/div>\n\t\t\t\t\t<\/div>\n\t\t<\/section>\n\t\t\t\t<section class=\"elementor-section elementor-top-section elementor-element elementor-element-4c45f40 elementor-section-boxed elementor-section-height-default elementor-section-height-default qodef-elementor-content-no\" data-id=\"4c45f40\" data-element_type=\"section\">\n\t\t\t\t\t\t<div class=\"elementor-container elementor-column-gap-default\">\n\t\t\t\t\t\t\t<div class=\"elementor-row\">\n\t\t\t\t\t<div class=\"elementor-column elementor-col-100 elementor-top-column elementor-element elementor-element-fe8ab5b\" data-id=\"fe8ab5b\" data-element_type=\"column\">\n\t\t\t<div class=\"elementor-column-wrap elementor-element-populated\">\n\t\t\t\t\t\t\t<div class=\"elementor-widget-wrap\">\n\t\t\t\t\t\t<div class=\"elementor-element elementor-element-515090d elementor-widget elementor-widget-text-editor\" data-id=\"515090d\" data-element_type=\"widget\" data-widget_type=\"text-editor.default\">\n\t\t\t\t<div class=\"elementor-widget-container\">\n\t\t\t\t\t\t\t\t<div class=\"elementor-text-editor elementor-clearfix\">\n\t\t\t\t<h2><b>POL\u00cdTICA DE COOKIES<\/b><\/h2>\n<p><\/p>\n<h3><b>Uso de cookies<\/b><\/h3>\n<p>El Responsable de este sitio web,&nbsp;<span style=\"background-color: rgb(255, 255, 255);\">ALBIR MUEBLES<\/span>, de conformidad con la normativa vigente, te informa acerca del uso de las cookies en su p\u00e1gina web.<\/p>\n<h3><b>\u00bfQu\u00e9 son las cookies?<\/b><\/h3>\n<p>Una cookie es un archivo o dispositivo que se descarga en el dispositivo del usuario al acceder a determinadas p\u00e1ginas web para almacenar y recuperar informaci\u00f3n del equipo terminal. Entre otras funciones, permite almacenar y recuperar informaci\u00f3n sobre los h\u00e1bitos de navegaci\u00f3n de un usuario con el fin de mejorar el servicio ofrecido.<\/p>\n<h3><b>Tipo de cookies<\/b><\/h3>\n<h4><b>Seg\u00fan los distintos tipos de clasificaci\u00f3n:<\/b><\/h4>\n<ul>\n<li aria-level=\"1\">Seg\u00fan quien sea la entidad que gestione el dominio desde donde se env\u00edan las cookies y trate los datos que se obtengan se pueden distinguir dos tipos:<\/li>\n<\/ul>\n<ul>\n<li aria-level=\"1\"><b>Cookies propias<\/b>: son aquellas que se env\u00edan a tu equipo terminal desde nuestros propios equipos o dominios.<\/li>\n<li aria-level=\"1\"><b>Cookies de terceros<\/b>: son aquellas que se env\u00edan a tu equipo terminal desde un equipo o dominio de otra entidad colaboradora.<\/li>\n<\/ul>\n<p>1. Seg\u00fan el plazo de tiempo que permanecen almacenadas en el navegador del cliente, pudiendo tratarse de:<\/p>\n<ul>\n<li aria-level=\"1\"><b>Cookies de sesi\u00f3n<\/b>: aquellas cookies activadas mientras el usuario accede a la p\u00e1gina web o para la prestaci\u00f3n del servicio solicitado.<\/li>\n<li aria-level=\"1\"><b>Cookies persistentes<\/b>: aquellas cookies almacenadas por un tiempo determinado en el equipo terminal del usuario, para las que el responsable tiene acceso cuando el usuario se conecta a su p\u00e1gina web.<\/li>\n<\/ul>\n<p>2. Seg\u00fan la finalidad para la que se traten los datos obtenidos:<\/p>\n<ul>\n<li aria-level=\"1\"><b>Cookies t\u00e9cnicas<\/b>: aquellas cookies necesarias para el uso del sitio web y para la prestaci\u00f3n de servicios.<\/li>\n<li aria-level=\"1\"><b>Cookies de personalizaci\u00f3n<\/b>: aqu\u00e9llas que permiten al usuario acceder al servicio con unas algunas caracter\u00edsticas de car\u00e1cter general predefinidas en funci\u00f3n de una serie de criterios en el terminal del usuario (idioma, tipo de navegador\u2026).<\/li>\n<li aria-level=\"1\"><b>Cookies de an\u00e1lisis<\/b>: aqu\u00e9llas que permiten el seguimiento y an\u00e1lisis estad\u00edstico del comportamiento del conjunto de los usuarios de los sitios web a los que est\u00e1n vinculadas.<\/li>\n<li aria-level=\"1\"><b>Cookies publicitarias<\/b>: aqu\u00e9llas que permiten la gesti\u00f3n de los espacios publicitarios en la p\u00e1gina web, aplicaci\u00f3n o plataforma desde la que se presta el servicio solicitado.<\/li>\n<li aria-level=\"1\"><b>Cookies de publicidad comportamental<\/b>: aqu\u00e9llas que almacenan informaci\u00f3n del comportamiento de los usuarios obtenida a trav\u00e9s de los h\u00e1bitos de navegaci\u00f3n del usuario, lo que permite desarrollar un perfil espec\u00edfico para mostrar publicidad.<\/li>\n<\/ul>\n<h3><b>Uso que hacemos de las cookies y tecnolog\u00edas similares<\/b><\/h3>\n<p><span style=\"background-color: rgb(255, 255, 255); color: var( --e-global-color-text ); font-family: var( --e-global-typography-text-font-family ), Sans-serif; font-weight: var( --e-global-typography-text-font-weight );\">ALBIR MUEBLES<\/span>&nbsp;s\u00f3lo usa cookies t\u00e9cnicas, en concreto,&nbsp; de car\u00e1cter t\u00e9cnico.<\/p>\n<p>Informaremos a trav\u00e9s de esta pol\u00edtica si las cookies utilizadas en este sitio web cambian.<\/p>\n<h3><b>Desactivaci\u00f3n de cookies<\/b><\/h3>\n<p>Puede usted permitir, bloquear o eliminar las cookies instaladas en su equipo mediante la configuraci\u00f3n de las opciones del navegador instalado en su ordenador. Por favor, lea atentamente la secci\u00f3n de ayuda de su navegador para conocer m\u00e1s acerca de c\u00f3mo activar el \u201cmodo privado\u201d o desbloquear determinadas cookies.<\/p>\n<p>En los siguientes enlaces tiene a su disposici\u00f3n toda la informaci\u00f3n para configurar o deshabilitar las cookies en cada navegador:<\/p>\n<ul>\n<li aria-level=\"1\"><b>Internet Explorer:&nbsp;<\/b><a href=\"http:\/\/windows.microsoft.com\/es-xl\/internet-explorer\/delete-manage-cookies#ie=\">windows.microsoft.com\/es-xl\/internet-explorer\/delete-manage-cookies#ie=\u00bbie-10\u2033<\/a><\/li>\n<li aria-level=\"1\"><b>Firefox<\/b>:&nbsp;<a href=\"http:\/\/support.mozilla.org\/es\/kb\/Borrar%20cookies\">support.mozilla.org\/es\/kb\/Borrar%20cookies<\/a><\/li>\n<li aria-level=\"1\"><b>Chrome<\/b>:&nbsp;<a href=\"https:\/\/support.google.com\/chrome\/answer\/95647?hl=\">support.google.com\/chrome\/answer\/95647?hl=\u00bbes\u00bb<\/a><\/li>\n<li aria-level=\"1\"><b>Safari<\/b>:&nbsp;<a href=\"http:\/\/www.apple.com\/es\/privacy\/use-of-cookies\/\">www.apple.com\/es\/privacy\/use-of-cookies\/<\/a><\/li>\n<\/ul>\n<p>Adem\u00e1s, tambi\u00e9n el usuario puede gestionar el almac\u00e9n de cookies de su navegador y su desactivaci\u00f3n a trav\u00e9s de herramientas como:<\/p>\n<ul>\n<li aria-level=\"1\"><b>Ghostery<\/b>:&nbsp;<a href=\"http:\/\/www.ghostery.com\/\">www.ghostery.com\/<\/a><\/li>\n<li aria-level=\"1\"><b>Your online choices:<\/b>&nbsp;<a href=\"http:\/\/www.youronlinechoices.com\/es\/\">www.youronlinechoices.com\/es\/<\/a><\/li>\n<\/ul>\n<h3><b>Actualizaciones y cambios en la Pol\u00edtica de Cookies<\/b><\/h3>\n<p><span style=\"background-color: rgb(255, 255, 255); color: var( --e-global-color-text ); font-family: var( --e-global-typography-text-font-family ), Sans-serif; font-weight: var( --e-global-typography-text-font-weight );\">ALBIR MUEBLES<\/span>, como entidad Responsable de esta web, podr\u00e1 modificar esta Pol\u00edtica de Cookies en funci\u00f3n de exigencias legislativas, reglamentarias, o con la finalidad de adaptar dicha pol\u00edtica a las instrucciones dictadas por las autoridades competentes, por ello se aconseja a los Usuarios que la visiten peri\u00f3dicamente.<\/p>\t\t\t\t\t<\/div>\n\t\t\t\t\t\t<\/div>\n\t\t\t\t<\/div>\n\t\t\t\t\t\t<\/div>\n\t\t\t\t\t<\/div>\n\t\t<\/div>\n\t\t\t\t\t\t\t\t<\/div>\n\t\t\t\t\t<\/div>\n\t\t<\/section>\n\t\t\t\t\t\t\t\t\t<\/div>\n\t\t\t<\/div>\n\t\t\t\t\t<\/div>\n\t\t","protected":false},"excerpt":{"rendered":"<p>POL\u00cdTICA DE COOKIES Uso de cookies El Responsable de este sitio web,&nbsp;ALBIR MUEBLES, de conformidad con la normativa vigente, te informa acerca del uso de las cookies en su p\u00e1gina web. \u00bfQu\u00e9 son las cookies? Una cookie es un archivo o dispositivo que se descarga en el dispositivo del usuario al acceder a determinadas p\u00e1ginas [&hellip;]<\/p>\n","protected":false},"author":1,"featured_media":0,"parent":0,"menu_order":0,"comment_status":"closed","ping_status":"closed","template":"","meta":{"footnotes":""},"class_list":["post-10215","page","type-page","status-publish","hentry"],"yoast_head":"<!-- This site is optimized with the Yoast SEO plugin v26.7 - https:\/\/yoast.com\/wordpress\/plugins\/seo\/ -->\n<title>Cookies - Muebles Albir<\/title>\n<meta name=\"robots\" content=\"index, follow, max-snippet:-1, max-image-preview:large, max-video-preview:-1\" \/>\n<link rel=\"canonical\" href=\"https:\/\/albirmuebles.com\/es\/cookies\/\" \/>\n<meta property=\"og:locale\" content=\"es_ES\" \/>\n<meta property=\"og:type\" content=\"article\" \/>\n<meta property=\"og:title\" content=\"Cookies - Muebles Albir\" \/>\n<meta property=\"og:description\" content=\"POL\u00cdTICA DE COOKIES Uso de cookies El Responsable de este sitio web,&nbsp;ALBIR MUEBLES, de conformidad con la normativa vigente, te informa acerca del uso de las cookies en su p\u00e1gina web. \u00bfQu\u00e9 son las cookies? Una cookie es un archivo o dispositivo que se descarga en el dispositivo del usuario al acceder a determinadas p\u00e1ginas [&hellip;]\" \/>\n<meta property=\"og:url\" content=\"https:\/\/albirmuebles.com\/es\/cookies\/\" \/>\n<meta property=\"og:site_name\" content=\"Muebles Albir\" \/>\n<meta property=\"article:publisher\" content=\"https:\/\/www.facebook.com\/Albir-Muebles-217159521715557\/\" \/>\n<meta name=\"twitter:card\" content=\"summary_large_image\" \/>\n<meta name=\"twitter:label1\" content=\"Tiempo de lectura\" \/>\n\t<meta name=\"twitter:data1\" content=\"3 minutos\" \/>\n<script type=\"application\/ld+json\" class=\"yoast-schema-graph\">{\"@context\":\"https:\/\/schema.org\",\"@graph\":[{\"@type\":\"WebPage\",\"@id\":\"https:\/\/albirmuebles.com\/es\/cookies\/\",\"url\":\"https:\/\/albirmuebles.com\/es\/cookies\/\",\"name\":\"Cookies - Muebles Albir\",\"isPartOf\":{\"@id\":\"https:\/\/albirmuebles.com\/#website\"},\"datePublished\":\"2022-04-09T16:01:12+00:00\",\"breadcrumb\":{\"@id\":\"https:\/\/albirmuebles.com\/es\/cookies\/#breadcrumb\"},\"inLanguage\":\"es\",\"potentialAction\":[{\"@type\":\"ReadAction\",\"target\":[\"https:\/\/albirmuebles.com\/es\/cookies\/\"]}]},{\"@type\":\"BreadcrumbList\",\"@id\":\"https:\/\/albirmuebles.com\/es\/cookies\/#breadcrumb\",\"itemListElement\":[{\"@type\":\"ListItem\",\"position\":1,\"name\":\"Home\",\"item\":\"https:\/\/albirmuebles.com\/es\/\"},{\"@type\":\"ListItem\",\"position\":2,\"name\":\"Cookies\"}]},{\"@type\":\"WebSite\",\"@id\":\"https:\/\/albirmuebles.com\/#website\",\"url\":\"https:\/\/albirmuebles.com\/\",\"name\":\"Muebles Albir\",\"description\":\"Muebles Albir\",\"publisher\":{\"@id\":\"https:\/\/albirmuebles.com\/#organization\"},\"potentialAction\":[{\"@type\":\"SearchAction\",\"target\":{\"@type\":\"EntryPoint\",\"urlTemplate\":\"https:\/\/albirmuebles.com\/?s={search_term_string}\"},\"query-input\":{\"@type\":\"PropertyValueSpecification\",\"valueRequired\":true,\"valueName\":\"search_term_string\"}}],\"inLanguage\":\"es\"},{\"@type\":\"Organization\",\"@id\":\"https:\/\/albirmuebles.com\/#organization\",\"name\":\"Albirmuebles\",\"url\":\"https:\/\/albirmuebles.com\/\",\"logo\":{\"@type\":\"ImageObject\",\"inLanguage\":\"es\",\"@id\":\"https:\/\/albirmuebles.com\/#\/schema\/logo\/image\/\",\"url\":\"https:\/\/albirmuebles.com\/wp-content\/uploads\/2020\/10\/logo_albir.png\",\"contentUrl\":\"https:\/\/albirmuebles.com\/wp-content\/uploads\/2020\/10\/logo_albir.png\",\"width\":800,\"height\":235,\"caption\":\"Albirmuebles\"},\"image\":{\"@id\":\"https:\/\/albirmuebles.com\/#\/schema\/logo\/image\/\"},\"sameAs\":[\"https:\/\/www.facebook.com\/Albir-Muebles-217159521715557\/\",\"https:\/\/www.instagram.com\/albir.muebles\/\"]}]}<\/script>\n<!-- \/ Yoast SEO plugin. -->","yoast_head_json":{"title":"Cookies - Muebles Albir","robots":{"index":"index","follow":"follow","max-snippet":"max-snippet:-1","max-image-preview":"max-image-preview:large","max-video-preview":"max-video-preview:-1"},"canonical":"https:\/\/albirmuebles.com\/es\/cookies\/","og_locale":"es_ES","og_type":"article","og_title":"Cookies - Muebles Albir","og_description":"POL\u00cdTICA DE COOKIES Uso de cookies El Responsable de este sitio web,&nbsp;ALBIR MUEBLES, de conformidad con la normativa vigente, te informa acerca del uso de las cookies en su p\u00e1gina web. \u00bfQu\u00e9 son las cookies? Una cookie es un archivo o dispositivo que se descarga en el dispositivo del usuario al acceder a determinadas p\u00e1ginas [&hellip;]","og_url":"https:\/\/albirmuebles.com\/es\/cookies\/","og_site_name":"Muebles Albir","article_publisher":"https:\/\/www.facebook.com\/Albir-Muebles-217159521715557\/","twitter_card":"summary_large_image","twitter_misc":{"Tiempo de lectura":"3 minutos"},"schema":{"@context":"https:\/\/schema.org","@graph":[{"@type":"WebPage","@id":"https:\/\/albirmuebles.com\/es\/cookies\/","url":"https:\/\/albirmuebles.com\/es\/cookies\/","name":"Cookies - Muebles Albir","isPartOf":{"@id":"https:\/\/albirmuebles.com\/#website"},"datePublished":"2022-04-09T16:01:12+00:00","breadcrumb":{"@id":"https:\/\/albirmuebles.com\/es\/cookies\/#breadcrumb"},"inLanguage":"es","potentialAction":[{"@type":"ReadAction","target":["https:\/\/albirmuebles.com\/es\/cookies\/"]}]},{"@type":"BreadcrumbList","@id":"https:\/\/albirmuebles.com\/es\/cookies\/#breadcrumb","itemListElement":[{"@type":"ListItem","position":1,"name":"Home","item":"https:\/\/albirmuebles.com\/es\/"},{"@type":"ListItem","position":2,"name":"Cookies"}]},{"@type":"WebSite","@id":"https:\/\/albirmuebles.com\/#website","url":"https:\/\/albirmuebles.com\/","name":"Muebles Albir","description":"Muebles Albir","publisher":{"@id":"https:\/\/albirmuebles.com\/#organization"},"potentialAction":[{"@type":"SearchAction","target":{"@type":"EntryPoint","urlTemplate":"https:\/\/albirmuebles.com\/?s={search_term_string}"},"query-input":{"@type":"PropertyValueSpecification","valueRequired":true,"valueName":"search_term_string"}}],"inLanguage":"es"},{"@type":"Organization","@id":"https:\/\/albirmuebles.com\/#organization","name":"Albirmuebles","url":"https:\/\/albirmuebles.com\/","logo":{"@type":"ImageObject","inLanguage":"es","@id":"https:\/\/albirmuebles.com\/#\/schema\/logo\/image\/","url":"https:\/\/albirmuebles.com\/wp-content\/uploads\/2020\/10\/logo_albir.png","contentUrl":"https:\/\/albirmuebles.com\/wp-content\/uploads\/2020\/10\/logo_albir.png","width":800,"height":235,"caption":"Albirmuebles"},"image":{"@id":"https:\/\/albirmuebles.com\/#\/schema\/logo\/image\/"},"sameAs":["https:\/\/www.facebook.com\/Albir-Muebles-217159521715557\/","https:\/\/www.instagram.com\/albir.muebles\/"]}]}},"_links":{"self":[{"href":"https:\/\/albirmuebles.com\/es\/wp-json\/wp\/v2\/pages\/10215","targetHints":{"allow":["GET"]}}],"collection":[{"href":"https:\/\/albirmuebles.com\/es\/wp-json\/wp\/v2\/pages"}],"about":[{"href":"https:\/\/albirmuebles.com\/es\/wp-json\/wp\/v2\/types\/page"}],"author":[{"embeddable":true,"href":"https:\/\/albirmuebles.com\/es\/wp-json\/wp\/v2\/users\/1"}],"replies":[{"embeddable":true,"href":"https:\/\/albirmuebles.com\/es\/wp-json\/wp\/v2\/comments?post=10215"}],"version-history":[{"count":0,"href":"https:\/\/albirmuebles.com\/es\/wp-json\/wp\/v2\/pages\/10215\/revisions"}],"wp:attachment":[{"href":"https:\/\/albirmuebles.com\/es\/wp-json\/wp\/v2\/media?parent=10215"}],"curies":[{"name":"wp","href":"https:\/\/api.w.org\/{rel}","templated":true}]}}